{"id":1055,"date":"2019-04-17T06:02:28","date_gmt":"2019-04-17T06:02:28","guid":{"rendered":"https:\/\/www.hospizhilfe-siegen.de\/?page_id=1055"},"modified":"2025-10-06T15:19:31","modified_gmt":"2025-10-06T15:19:31","slug":"3-siegener-hospizgespraech-der-trauer-raum-geben","status":"publish","type":"page","link":"https:\/\/www.hospizhilfe-siegen.de\/?page_id=1055","title":{"rendered":"3. Siegener Hospizgespr\u00e4ch &#8211; Der Trauer Raum geben"},"content":{"rendered":"\n<figure class=\"wp-block-image\"><img loading=\"lazy\" decoding=\"async\" width=\"2000\" height=\"1333\" src=\"https:\/\/www.hospizhilfe-siegen.de\/wp-content\/uploads\/2019\/02\/Hospizgespraech_bild1.jpg\" alt=\"Hospizgespr\u00e4ch, Hospizhilfe, Caritas, Trauer, Chris Paul\" class=\"wp-image-1034\" srcset=\"https:\/\/www.hospizhilfe-siegen.de\/wp-content\/uploads\/2019\/02\/Hospizgespraech_bild1.jpg 2000w, https:\/\/www.hospizhilfe-siegen.de\/wp-content\/uploads\/2019\/02\/Hospizgespraech_bild1-300x200.jpg 300w, https:\/\/www.hospizhilfe-siegen.de\/wp-content\/uploads\/2019\/02\/Hospizgespraech_bild1-768x512.jpg 768w, https:\/\/www.hospizhilfe-siegen.de\/wp-content\/uploads\/2019\/02\/Hospizgespraech_bild1-1024x682.jpg 1024w\" sizes=\"auto, (max-width: 2000px) 100vw, 2000px\" \/><figcaption>Udo Kamjunke und Chris Paul\nFoto: Friedhelm Kinkel<\/figcaption><\/figure>\n\n\n\n<p>Tod und Trauer &#8211; zwei Themen, \u00fcber die die meisten Menschen nicht gerne besch\u00e4ftigen m\u00f6chten. Wenn sie allerdings zur Realit\u00e4t werden, wenn ein Angeh\u00f6riger oder Freund stirbt, dann dr\u00e4ngen sie sich mit aller Macht in das Bewusstsein. Der Umgang mit der Trauer ist dabei so verschiedenartig, wie es Menschen gibt: Die einen wollen ganz viel und immer wieder \u00fcber ihren Verlust sprechen, die anderen verschlie\u00dfen sich und werden ganz still. Manchen gelingt es vergleichsweise schnell, wieder auf die Beine zu kommen, andere wieder sind noch nach langer Zeit wie ohnm\u00e4chtig gefangen. <\/p>\n\n\n\n<p>Im Rahmen des <a aria-label=\"dritten Siegener Hospizgespr\u00e4chs  (\u00f6ffnet in neuem Tab)\" href=\"https:\/\/www.hospizhilfe-siegen.de\/wp-content\/uploads\/2019\/01\/Flyer_Hospizgespr\u00e4ch-1.pdf\" target=\"_blank\" rel=\"noreferrer noopener\">dritten Siegener Hospizgespr\u00e4chs <\/a>unter dem Titel \u201eDer Trauer Raum geben\u201c stand das vielschichtige Thema am vergangenen Freitag in der Aula im Medien- und Kulturhaus Lyz im Mittelpunkt einer Veranstaltung, die von der Ambulanten \u00f6kumenischen Hospizhilfe Siegen e.V. und vom Caritasverband Siegen-Wittgenstein organisiert worden war. \u00dcber 200 G\u00e4ste waren der Einladung gefolgt, die sich an Menschen gerichtet hatte, die selbst trauern, die trauernden Menschen helfen oder aber schlichtweg an dem Thema interessiert sind. <\/p>\n\n\n\n<p>Der H\u00f6hepunkt des Nachmittages war das Vortragskonzert der Trauerbegleiterin, Fachautorin und Dozentin Chris Paul, die in diesem Rahmen auch ihr \u201eKaleidoskop des Trauerns\u201c vorstellte. Er\u00f6ffnet wurde der Nachmittag von Gerrit Ebener-Greis von der Hospizhilfe und Matthias Vitt, Vorsitzender des Caritasverbandes. Gerrit Ebener-Greis begr\u00fc\u00dfte dabei neben der Referentin auch Irmtrud von Plettenberg und Ulla Krombach-Stettner, die beide mit Redebeitr\u00e4gen im Programm vorgemerkt waren. Sie freute sich sehr, dass das Interesse am Hospizgespr\u00e4ch so gro\u00df sei, dass es nun in der Aula im Lyz stattfinden m\u00fcsse. \u201eMit dem Siegener Hospizgespr\u00e4ch wollen wir verschiedene Aspekte aus dem breiten Themenfeld der Hospizarbeit ins \u00f6ffentliche Bewusstsein bringen\u201c, fasste Gerrit Ebener-Greis die Intention der Veranstaltung zusammen. Sie ging auch auf die Geschichte der Ambulanten \u00f6kumenischen Hospizhilfe Siegen e.V. ein, die 1994 zun\u00e4chst als kleine Gruppe begonnen, sich stetig weiterentwickelt hatte und bereits seit 1998 eng mit dem Caritasverband Siegen-Wittgenstein zusammen arbeitet. \u201eWir wollen Menschen am Lebensende und vor allem auch deren Angeh\u00f6rige begleiten. Wie das konkret gestaltet wird, ist so verschieden wie die Leben der einzelnen Menschen es sind und die jeweilige Situation es erfordert.\u201c Sie dankte den ehrenamtlichen Mitarbeitern f\u00fcr die viele Arbeit und das Engagement und wies auf ein kleines Buch hin, in dem f\u00fcnf langj\u00e4hrige ehrenamtliche Mitarbeiterinnen von ihrer Arbeit f\u00fcr die Hospizhilfe berichten \u2013 \u201eein Zeugnis gelebter Hospizarbeit.\u201c <\/p>\n\n\n\n<p>Matthias Vitt begr\u00fc\u00dfte die Besucher im Namen des Tr\u00e4gers der Koordinierungsstelle f\u00fcr Ambulante Hospizarbeit. \u201eNach dem Verlust eines geliebten Menschen kommen die Fragen: Wohin mit meiner Unsicherheit, meiner Ohnmacht, meiner Wut, meinem Glauben?\u201c Eine Standardantwort gebe es auf all diese Fragen nicht, ein ganz wichtiger Aspekt sei aber, seiner Trauer Raum zu geben. Die Hospizhilfe und Koordinierungsstelle b\u00f6ten hier den Rahmen f\u00fcr die Hilfe und Angebote. \u201eEs gibt Menschen, die brauchen feste Beziehungen, andere eher unverbindliche Begegnungen. Es steht jedem frei, sich die Hilfe zu nehmen, die er braucht.\u201c  <\/p>\n\n\n\n<p>Ulla Krombach-Stettner, ehemalige Koordinatorin f\u00fcr ambulante Hospizarbeit beim Caritasverband Siegen-Wittgenstein, gab aus ihrer langj\u00e4hrigen Erfahrung einen anschaulichen und interessanten \u00dcberblick zur Situation Trauernder. \u201eEs gibt so viele Situationen wie es Verluste gibt\u201c, betonte auch sie noch einmal und schilderte verschiedene Beispiele: Ein Junge stirbt nach einem Fahrradunfall, der Partner nach 50 Jahren Ehe, die junge Mutter durch eine Krankheit, der Bruder durch Suizid. Aber auch neuere Formen wie fortschreitende Demenz und die Trauer \u00fcber den Pers\u00f6nlichkeitsverlust m\u00fcssten beachtet werden. Das Verst\u00e4ndnis f\u00fcr Trauernde aus der Gesellschaft sei dabei unterschiedlich stark ausgepr\u00e4gt: Stirbt ein Kind oder handelt es sich um ein tragisches Ereignis werden heftige und lange Reaktionen zugestanden. Anders sieht es oftmals bei dem Verlust eines alten Menschen aus, hier wird schneller davon ausgegangen, dass der Hinterbliebene zur Normalit\u00e4t \u00fcbergeht. \u201eEs gibt viele Erwartungen an Trauernde: Trauer muss gelebt werden, die allt\u00e4glichen Aufgaben d\u00fcrfen aber nicht vernachl\u00e4ssigt werden. Bitte nicht so viele positive Gef\u00fchle zeigen, sonst trauert man nicht richtig und vor allem die Bindung irgendwann loslassen, sonst h\u00f6rt die Trauer nie auf\u201c, skizzierte Ulla Krombach-Stettner. Sie machte mit ihrem eindringlichen Vortrag aber sehr deutlich, dass all diese Erwartungen in der individuellen Realit\u00e4t von Trauernden nichts zu suchen haben. Demnach ist die altbekannte Faustregel, Trauer dauert ein Jahr bereits schon lange von der Trauerforschung widerlegt worden: Sie dauert so lange, wie sie eben dauert. So ist es n\u00f6tig, die Bindung zum Verstorbenen zu bewahren und Orte zu finden, an denen sie gelebt werden kann. Und es gibt auch eben jene F\u00e4lle, bei denen die semi-professionelle Hilfe nicht ausreicht, bei denen die Trauer so schlimm ist, dass sie zur anhaltenden Trauerst\u00f6rung wird. Da der Weg zu einem Therapeuten aber oftmals ein langer ist, ist auch an dieser Stelle die umfangreiche Hilfe der ehrenamtlichen Trauerbegleiter ungemein wichtig: Die Begleiter bieten den Trauernden das, was sie so dringend brauchen: \u201eMenschen, die da bleiben, die F\u00fcrsorge \u00fcber einen l\u00e4ngeren Zeitraum hinaus bieten.\u201c <\/p>\n\n\n\n<p>Wie die Verstorbenen auf eine noch recht unbekannte Art im Leben der Hinterbliebenen verwurzelt bleiben k\u00f6nnen, erl\u00e4uterte Irmtrud von Plettenberg, Trauerpastoral Heilig Kreuz Siegen. Sie informierte die Besucher \u00fcber das geplante Kolumbarium: Die Urnenhalle soll neu in der Heilig-Kreuz-Kirche in Weidenau entstehen und den Angeh\u00f6rigen einen Ort bieten, wo sie \u00fcber den Tod hinaus mit den Verstorbenen eng in Verbindung stehen: Urnenhalle und Raum f\u00fcr Gottesdienste sollen so nah beieinander liegen, dass eine Gemeinschaft entsteht. \u201eDie Kirche wird zum Zuhause und verbindet.\u201c Bei der Farbgestaltung wurden blau \u2013 f\u00fcr den Himmel und den Neubeginn \u2013 und gelb \u2013 f\u00fcr die Sonnenstrahlen und die Verbundenheit mit den Trauernden \u2013 ausgew\u00e4hlt. Und das sind auch zwei Farben, die im \u201eKaleidoskop des Trauerns\u201c von Chris Paul eine Bedeutung haben. <\/p>\n\n\n\n<p>Die Trauerexpertin und der K\u00f6lner Gitarristen Udo Kamjunke n\u00e4herten sich nach den vielen interessanten Informationen aus dem ersten Teil mit ihrem Konzert dem Thema auf eine ganz andere Art an. Chris Paul griff dabei einige Aspekte auf, die bereits zuvor gesagt wurden und verlieh ihnen mit ihrer Pr\u00e4senz und den vielen Erfahrungen aus ihrer Arbeit erneut Nachdr\u00fccklichkeit: \u201eTrauer muss raus aus der Isolation, sie muss \u00fcberall hin, in jede Schulklasse, in jeden Bus, auf die Stra\u00dfe \u2013 mitten in die Gesellschaft mit all ihren Facetten.\u201c Mit ihrem Trauerkaleidoskop wolle sie diese Facetten deutlich machen. Der Weg der Trauer ist individuell, die Themenfelder sind jedoch dieselben. Hierbei handelt es sich nicht um Phasen, die einander abl\u00f6sen, sondern um Aspekte, die ineinander verwoben sind \u2013 sie sind stets alle da, erg\u00e4nzen und \u00fcberlagern sich: Das \u00dcberleben, im Sinne von Weiterleben, die Wirklichkeit, die man begreifen muss, die Gef\u00fchle, die in ihrer Ganzheit gef\u00fchlt werden wollen, sich in der neuen Lebenswelt anpassen, mit dem Verstorbenen verbunden bleiben und schlie\u00dflich das Geschehene in einen gr\u00f6\u00dferen Sinnzusammenhang einzuordnen. Zwischen ihre Erl\u00e4uterungen und Erz\u00e4hlungen aus ihrem Beratungsalltag setzte Chris Paul die musikalischen Akzente. Die Lieder, eine Mischung wie die Eigenkompositionen \u201eAlles, was bleibt\u201c und \u201eAltweibersommer\u201c hatten dabei nicht immer einen direkten Bezug zu Tod und Trauer. Teilweise waren es auch nur Aspekte, die in ihnen aufgegriffen wurden, was wiederum die Realit\u00e4t von Trauer wunderbar deutlich machte: Manchmal ist sie nicht vordergr\u00fcndig, sondern mischt sich zwischen die Zeilen. Mit ihrem Vortrag bot Chris Paul jeder Besuchsgruppe etwas an: Respekt, Verst\u00e4ndnis und Trost f\u00fcr die Trauernden, Anleitung und Kraft f\u00fcr die Trauerbegleiter. <\/p>\n\n\n\n<p>In der Kaffeepause und nach der Veranstaltung zeigte sich in den Gespr\u00e4chen, dass das dritte Siegener Hospizgespr\u00e4ch den vielen Besuchern viel mitgeben konnte: \u201eEine gelungene Kombination aus Fortbildung und Kultur, die ich bisher so noch nicht erlebt habe\u201c oder \u201eSo kann man sich viel besser einf\u00fchlen und sich die Inhalte besser merken\u201c waren die R\u00fcckmeldungen. \u201eEine rundum tolle Veranstaltung\u201c, fasste eine Besucherin zusammen.  <\/p>\n","protected":false},"excerpt":{"rendered":"<p>Tod und Trauer &#8211; zwei Themen, \u00fcber die die meisten Menschen nicht gerne besch\u00e4ftigen m\u00f6chten. Wenn sie allerdings zur Realit\u00e4t werden, wenn ein Angeh\u00f6riger oder Freund stirbt, dann dr\u00e4ngen sie sich mit aller Macht in das Bewusstsein. Der Umgang mit<\/p>\n","protected":false},"author":2,"featured_media":1034,"parent":174,"menu_order":0,"comment_status":"closed","ping_status":"closed","template":"","meta":{"_mc_calendar":[],"footnotes":""},"class_list":["post-1055","page","type-page","status-publish","has-post-thumbnail","hentry"],"yoast_head":"<!-- This site is optimized with the Yoast SEO plugin v26.3 - https:\/\/yoast.com\/wordpress\/plugins\/seo\/ -->\n<title>3. Siegener Hospizgespr\u00e4ch - Der Trauer Raum geben - hospizhilfe siegen<\/title>\n<meta name=\"robots\" content=\"index, follow, max-snippet:-1, max-image-preview:large, max-video-preview:-1\" \/>\n<link rel=\"canonical\" href=\"https:\/\/www.hospizhilfe-siegen.de\/?page_id=1055\" \/>\n<meta property=\"og:locale\" content=\"de_DE\" \/>\n<meta property=\"og:type\" content=\"article\" \/>\n<meta property=\"og:title\" content=\"3. Siegener Hospizgespr\u00e4ch - Der Trauer Raum geben - hospizhilfe siegen\" \/>\n<meta property=\"og:description\" content=\"Tod und Trauer &#8211; zwei Themen, \u00fcber die die meisten Menschen nicht gerne besch\u00e4ftigen m\u00f6chten. Wenn sie allerdings zur Realit\u00e4t werden, wenn ein Angeh\u00f6riger oder Freund stirbt, dann dr\u00e4ngen sie sich mit aller Macht in das Bewusstsein. Der Umgang mit\" \/>\n<meta property=\"og:url\" content=\"https:\/\/www.hospizhilfe-siegen.de\/?page_id=1055\" \/>\n<meta property=\"og:site_name\" content=\"hospizhilfe siegen\" \/>\n<meta property=\"article:publisher\" content=\"https:\/\/www.facebook.com\/HospizhilfeSiegen\" \/>\n<meta property=\"article:modified_time\" content=\"2025-10-06T15:19:31+00:00\" \/>\n<meta property=\"og:image\" content=\"https:\/\/www.hospizhilfe-siegen.de\/wp-content\/uploads\/2019\/02\/Hospizgespraech_bild1.jpg\" \/>\n\t<meta property=\"og:image:width\" content=\"2000\" \/>\n\t<meta property=\"og:image:height\" content=\"1333\" \/>\n\t<meta property=\"og:image:type\" content=\"image\/jpeg\" \/>\n<meta name=\"twitter:card\" content=\"summary_large_image\" \/>\n<meta name=\"twitter:label1\" content=\"Gesch\u00e4tzte Lesezeit\" \/>\n\t<meta name=\"twitter:data1\" content=\"8\u00a0Minuten\" \/>\n<script type=\"application\/ld+json\" class=\"yoast-schema-graph\">{\"@context\":\"https:\/\/schema.org\",\"@graph\":[{\"@type\":\"WebPage\",\"@id\":\"https:\/\/www.hospizhilfe-siegen.de\/?page_id=1055\",\"url\":\"https:\/\/www.hospizhilfe-siegen.de\/?page_id=1055\",\"name\":\"3. Siegener Hospizgespr\u00e4ch - Der Trauer Raum geben - hospizhilfe siegen\",\"isPartOf\":{\"@id\":\"https:\/\/www.hospizhilfe-siegen.de\/#website\"},\"primaryImageOfPage\":{\"@id\":\"https:\/\/www.hospizhilfe-siegen.de\/?page_id=1055#primaryimage\"},\"image\":{\"@id\":\"https:\/\/www.hospizhilfe-siegen.de\/?page_id=1055#primaryimage\"},\"thumbnailUrl\":\"https:\/\/www.hospizhilfe-siegen.de\/wp-content\/uploads\/2019\/02\/Hospizgespraech_bild1.jpg\",\"datePublished\":\"2019-04-17T06:02:28+00:00\",\"dateModified\":\"2025-10-06T15:19:31+00:00\",\"breadcrumb\":{\"@id\":\"https:\/\/www.hospizhilfe-siegen.de\/?page_id=1055#breadcrumb\"},\"inLanguage\":\"de\",\"potentialAction\":[{\"@type\":\"ReadAction\",\"target\":[\"https:\/\/www.hospizhilfe-siegen.de\/?page_id=1055\"]}]},{\"@type\":\"ImageObject\",\"inLanguage\":\"de\",\"@id\":\"https:\/\/www.hospizhilfe-siegen.de\/?page_id=1055#primaryimage\",\"url\":\"https:\/\/www.hospizhilfe-siegen.de\/wp-content\/uploads\/2019\/02\/Hospizgespraech_bild1.jpg\",\"contentUrl\":\"https:\/\/www.hospizhilfe-siegen.de\/wp-content\/uploads\/2019\/02\/Hospizgespraech_bild1.jpg\",\"width\":2000,\"height\":1333,\"caption\":\"Udo Kamjunke und Chris Paul Foto: Friedhelm Kinkel\"},{\"@type\":\"BreadcrumbList\",\"@id\":\"https:\/\/www.hospizhilfe-siegen.de\/?page_id=1055#breadcrumb\",\"itemListElement\":[{\"@type\":\"ListItem\",\"position\":1,\"name\":\"Startseite\",\"item\":\"https:\/\/www.hospizhilfe-siegen.de\/\"},{\"@type\":\"ListItem\",\"position\":2,\"name\":\"Wir \u00fcber uns\",\"item\":\"https:\/\/www.hospizhilfe-siegen.de\/?page_id=24\"},{\"@type\":\"ListItem\",\"position\":3,\"name\":\"Archiv\",\"item\":\"https:\/\/www.hospizhilfe-siegen.de\/?page_id=219\"},{\"@type\":\"ListItem\",\"position\":4,\"name\":\"Siegener Hospizgespr\u00e4che\",\"item\":\"https:\/\/www.hospizhilfe-siegen.de\/?page_id=174\"},{\"@type\":\"ListItem\",\"position\":5,\"name\":\"3. Siegener Hospizgespr\u00e4ch &#8211; Der Trauer Raum geben\"}]},{\"@type\":\"WebSite\",\"@id\":\"https:\/\/www.hospizhilfe-siegen.de\/#website\",\"url\":\"https:\/\/www.hospizhilfe-siegen.de\/\",\"name\":\"hospizhilfe siegen\",\"description\":\"\",\"publisher\":{\"@id\":\"https:\/\/www.hospizhilfe-siegen.de\/#organization\"},\"potentialAction\":[{\"@type\":\"SearchAction\",\"target\":{\"@type\":\"EntryPoint\",\"urlTemplate\":\"https:\/\/www.hospizhilfe-siegen.de\/?s={search_term_string}\"},\"query-input\":{\"@type\":\"PropertyValueSpecification\",\"valueRequired\":true,\"valueName\":\"search_term_string\"}}],\"inLanguage\":\"de\"},{\"@type\":\"Organization\",\"@id\":\"https:\/\/www.hospizhilfe-siegen.de\/#organization\",\"name\":\"Ambulante \u00f6kumenische Hospizhilfe Siegen e.V.\",\"url\":\"https:\/\/www.hospizhilfe-siegen.de\/\",\"logo\":{\"@type\":\"ImageObject\",\"inLanguage\":\"de\",\"@id\":\"https:\/\/www.hospizhilfe-siegen.de\/#\/schema\/logo\/image\/\",\"url\":\"https:\/\/www.hospizhilfe-siegen.de\/wp-content\/uploads\/2017\/03\/logo_400.jpg\",\"contentUrl\":\"https:\/\/www.hospizhilfe-siegen.de\/wp-content\/uploads\/2017\/03\/logo_400.jpg\",\"width\":407,\"height\":159,\"caption\":\"Ambulante \u00f6kumenische Hospizhilfe Siegen e.V.\"},\"image\":{\"@id\":\"https:\/\/www.hospizhilfe-siegen.de\/#\/schema\/logo\/image\/\"},\"sameAs\":[\"https:\/\/www.facebook.com\/HospizhilfeSiegen\"]}]}<\/script>\n<!-- \/ Yoast SEO plugin. -->","yoast_head_json":{"title":"3. Siegener Hospizgespr\u00e4ch - Der Trauer Raum geben - hospizhilfe siegen","robots":{"index":"index","follow":"follow","max-snippet":"max-snippet:-1","max-image-preview":"max-image-preview:large","max-video-preview":"max-video-preview:-1"},"canonical":"https:\/\/www.hospizhilfe-siegen.de\/?page_id=1055","og_locale":"de_DE","og_type":"article","og_title":"3. Siegener Hospizgespr\u00e4ch - Der Trauer Raum geben - hospizhilfe siegen","og_description":"Tod und Trauer &#8211; zwei Themen, \u00fcber die die meisten Menschen nicht gerne besch\u00e4ftigen m\u00f6chten. Wenn sie allerdings zur Realit\u00e4t werden, wenn ein Angeh\u00f6riger oder Freund stirbt, dann dr\u00e4ngen sie sich mit aller Macht in das Bewusstsein. Der Umgang mit","og_url":"https:\/\/www.hospizhilfe-siegen.de\/?page_id=1055","og_site_name":"hospizhilfe siegen","article_publisher":"https:\/\/www.facebook.com\/HospizhilfeSiegen","article_modified_time":"2025-10-06T15:19:31+00:00","og_image":[{"width":2000,"height":1333,"url":"https:\/\/www.hospizhilfe-siegen.de\/wp-content\/uploads\/2019\/02\/Hospizgespraech_bild1.jpg","type":"image\/jpeg"}],"twitter_card":"summary_large_image","twitter_misc":{"Gesch\u00e4tzte Lesezeit":"8\u00a0Minuten"},"schema":{"@context":"https:\/\/schema.org","@graph":[{"@type":"WebPage","@id":"https:\/\/www.hospizhilfe-siegen.de\/?page_id=1055","url":"https:\/\/www.hospizhilfe-siegen.de\/?page_id=1055","name":"3. Siegener Hospizgespr\u00e4ch - Der Trauer Raum geben - hospizhilfe siegen","isPartOf":{"@id":"https:\/\/www.hospizhilfe-siegen.de\/#website"},"primaryImageOfPage":{"@id":"https:\/\/www.hospizhilfe-siegen.de\/?page_id=1055#primaryimage"},"image":{"@id":"https:\/\/www.hospizhilfe-siegen.de\/?page_id=1055#primaryimage"},"thumbnailUrl":"https:\/\/www.hospizhilfe-siegen.de\/wp-content\/uploads\/2019\/02\/Hospizgespraech_bild1.jpg","datePublished":"2019-04-17T06:02:28+00:00","dateModified":"2025-10-06T15:19:31+00:00","breadcrumb":{"@id":"https:\/\/www.hospizhilfe-siegen.de\/?page_id=1055#breadcrumb"},"inLanguage":"de","potentialAction":[{"@type":"ReadAction","target":["https:\/\/www.hospizhilfe-siegen.de\/?page_id=1055"]}]},{"@type":"ImageObject","inLanguage":"de","@id":"https:\/\/www.hospizhilfe-siegen.de\/?page_id=1055#primaryimage","url":"https:\/\/www.hospizhilfe-siegen.de\/wp-content\/uploads\/2019\/02\/Hospizgespraech_bild1.jpg","contentUrl":"https:\/\/www.hospizhilfe-siegen.de\/wp-content\/uploads\/2019\/02\/Hospizgespraech_bild1.jpg","width":2000,"height":1333,"caption":"Udo Kamjunke und Chris Paul Foto: Friedhelm Kinkel"},{"@type":"BreadcrumbList","@id":"https:\/\/www.hospizhilfe-siegen.de\/?page_id=1055#breadcrumb","itemListElement":[{"@type":"ListItem","position":1,"name":"Startseite","item":"https:\/\/www.hospizhilfe-siegen.de\/"},{"@type":"ListItem","position":2,"name":"Wir \u00fcber uns","item":"https:\/\/www.hospizhilfe-siegen.de\/?page_id=24"},{"@type":"ListItem","position":3,"name":"Archiv","item":"https:\/\/www.hospizhilfe-siegen.de\/?page_id=219"},{"@type":"ListItem","position":4,"name":"Siegener Hospizgespr\u00e4che","item":"https:\/\/www.hospizhilfe-siegen.de\/?page_id=174"},{"@type":"ListItem","position":5,"name":"3. Siegener Hospizgespr\u00e4ch &#8211; Der Trauer Raum geben"}]},{"@type":"WebSite","@id":"https:\/\/www.hospizhilfe-siegen.de\/#website","url":"https:\/\/www.hospizhilfe-siegen.de\/","name":"hospizhilfe siegen","description":"","publisher":{"@id":"https:\/\/www.hospizhilfe-siegen.de\/#organization"},"potentialAction":[{"@type":"SearchAction","target":{"@type":"EntryPoint","urlTemplate":"https:\/\/www.hospizhilfe-siegen.de\/?s={search_term_string}"},"query-input":{"@type":"PropertyValueSpecification","valueRequired":true,"valueName":"search_term_string"}}],"inLanguage":"de"},{"@type":"Organization","@id":"https:\/\/www.hospizhilfe-siegen.de\/#organization","name":"Ambulante \u00f6kumenische Hospizhilfe Siegen e.V.","url":"https:\/\/www.hospizhilfe-siegen.de\/","logo":{"@type":"ImageObject","inLanguage":"de","@id":"https:\/\/www.hospizhilfe-siegen.de\/#\/schema\/logo\/image\/","url":"https:\/\/www.hospizhilfe-siegen.de\/wp-content\/uploads\/2017\/03\/logo_400.jpg","contentUrl":"https:\/\/www.hospizhilfe-siegen.de\/wp-content\/uploads\/2017\/03\/logo_400.jpg","width":407,"height":159,"caption":"Ambulante \u00f6kumenische Hospizhilfe Siegen e.V."},"image":{"@id":"https:\/\/www.hospizhilfe-siegen.de\/#\/schema\/logo\/image\/"},"sameAs":["https:\/\/www.facebook.com\/HospizhilfeSiegen"]}]}},"_links":{"self":[{"href":"https:\/\/www.hospizhilfe-siegen.de\/index.php?rest_route=\/wp\/v2\/pages\/1055","targetHints":{"allow":["GET"]}}],"collection":[{"href":"https:\/\/www.hospizhilfe-siegen.de\/index.php?rest_route=\/wp\/v2\/pages"}],"about":[{"href":"https:\/\/www.hospizhilfe-siegen.de\/index.php?rest_route=\/wp\/v2\/types\/page"}],"author":[{"embeddable":true,"href":"https:\/\/www.hospizhilfe-siegen.de\/index.php?rest_route=\/wp\/v2\/users\/2"}],"replies":[{"embeddable":true,"href":"https:\/\/www.hospizhilfe-siegen.de\/index.php?rest_route=%2Fwp%2Fv2%2Fcomments&post=1055"}],"version-history":[{"count":8,"href":"https:\/\/www.hospizhilfe-siegen.de\/index.php?rest_route=\/wp\/v2\/pages\/1055\/revisions"}],"predecessor-version":[{"id":1072,"href":"https:\/\/www.hospizhilfe-siegen.de\/index.php?rest_route=\/wp\/v2\/pages\/1055\/revisions\/1072"}],"up":[{"embeddable":true,"href":"https:\/\/www.hospizhilfe-siegen.de\/index.php?rest_route=\/wp\/v2\/pages\/174"}],"wp:featuredmedia":[{"embeddable":true,"href":"https:\/\/www.hospizhilfe-siegen.de\/index.php?rest_route=\/wp\/v2\/media\/1034"}],"wp:attachment":[{"href":"https:\/\/www.hospizhilfe-siegen.de\/index.php?rest_route=%2Fwp%2Fv2%2Fmedia&parent=1055"}],"curies":[{"name":"wp","href":"https:\/\/api.w.org\/{rel}","templated":true}]}}