{"id":15,"date":"2017-03-06T11:08:10","date_gmt":"2017-03-06T11:08:10","guid":{"rendered":"https:\/\/www.hospizhilfe-siegen.de\/?page_id=15"},"modified":"2025-08-06T14:04:10","modified_gmt":"2025-08-06T14:04:10","slug":"betroffene","status":"publish","type":"page","link":"https:\/\/www.hospizhilfe-siegen.de\/?page_id=15","title":{"rendered":"f\u00fcr Betroffene"},"content":{"rendered":"\n<figure class=\"wp-block-image\"><img loading=\"lazy\" decoding=\"async\" width=\"1210\" height=\"308\" src=\"https:\/\/www.hospizhilfe-siegen.de\/wp-content\/uploads\/2017\/03\/fuer_betroffene.jpg\" alt=\"Ambulante \u00f6kumenische Hospizhilfe Siegen f\u00fcr Betroffene\" class=\"wp-image-122\" srcset=\"https:\/\/www.hospizhilfe-siegen.de\/wp-content\/uploads\/2017\/03\/fuer_betroffene.jpg 1210w, https:\/\/www.hospizhilfe-siegen.de\/wp-content\/uploads\/2017\/03\/fuer_betroffene-300x76.jpg 300w, https:\/\/www.hospizhilfe-siegen.de\/wp-content\/uploads\/2017\/03\/fuer_betroffene-768x195.jpg 768w, https:\/\/www.hospizhilfe-siegen.de\/wp-content\/uploads\/2017\/03\/fuer_betroffene-1024x261.jpg 1024w\" sizes=\"auto, (max-width: 1210px) 100vw, 1210px\" \/><\/figure>\n\n\n\n<h3 class=\"wp-block-heading\"><em>\u201eSterbenskranke zu tr\u00f6sten besteht darin, sie zu begleiten, mit ihnen ihre Situation auszuhalten und bei ihnen zu bleiben, was auch passieren mag.\u201c<\/em><\/h3>\n\n\n\n<h3 class=\"wp-block-heading\"><em>Ernst Engelke<\/em><\/h3>\n\n\n\n<!--more-->\n\n\n\n<p>Wenn Menschen erfahren, dass sie von einer lebensbedrohlichen Erkrankung betroffen sind, gehen sie ganz unterschiedlich damit um. Manche reden mit ihren Angeh\u00f6rigen offen dar\u00fcber, andere m\u00f6chten so weiterleben, als w\u00e4re nichts passiert. Jeder Mensch geht seinen eigenen Weg und entscheidet selbst, wie er ihn zu Ende geht.<\/p>\n\n\n\n<p><strong>Wie k\u00f6nnen wir begleiten?<\/strong><\/p>\n\n\n\n<p>Durch ein erstes gemeinsames Gespr\u00e4ch lernen wir uns kennen und erfahren von Ihnen, welche Unterst\u00fctzung Sie w\u00fcnschen. Sie entscheiden \u00fcber die Art und Umfang der Begleitung.<\/p>\n\n\n\n<p><strong>Wenn Sie m\u00f6chten, k\u00f6nnen wir:<\/strong><\/p>\n\n\n\n<ul class=\"wp-block-list\">\n<li>mit Ihnen sprechen &#8211; \u00fcber alles, was Sie bewegt &#8211; Allt\u00e4gliches, Sch\u00f6nes, aber auch Trauriges<\/li>\n\n\n\n<li>Sie in Ihrem Alltag begleiten &#8211; bei Spazierg\u00e4ngen, Besuch eines Gottesdienstes oder Theaters \u2013 soweit dies noch m\u00f6glich<\/li>\n\n\n\n<li>unterst\u00fctzen bei der Kl\u00e4rung von Dingen (z.B. Patientenverf\u00fcgung)<\/li>\n\n\n\n<li>kleinere Hilfen im Alltag anbieten<\/li>\n\n\n\n<li>W\u00fcnsche erf\u00fcllen &#8211; soweit dies m\u00f6glich ist<\/li>\n\n\n\n<li>Ihnen beistehen, wenn es Ihnen schlechter geht, zum Beispiel durch eine Sitzwache<\/li>\n<\/ul>\n\n\n\n<p>Unsere Angebote sind kostenlos und werden \u00fcber die Krankenkassen refinanziert. Alle Mitarbeiter und Mitarbeiterinnen unterstehen der Schweigepflicht.<\/p>\n\n\n\n<p><strong>Wie eine Begleitung aussehen kann, sehen Sie im folgenden Filmbeitrag  der Lokalzeit S\u00fcdwestfalen<\/strong> <\/p>\n\n\n\n<figure class=\"wp-block-image\"><a href=\"https:\/\/www.youtube.com\/watch?v=0iyyABEHqYI&amp;feature=youtu.be\" target=\"_blank\" rel=\"noopener noreferrer\"><img loading=\"lazy\" decoding=\"async\" width=\"1024\" height=\"544\" src=\"https:\/\/www.hospizhilfe-siegen.de\/wp-content\/uploads\/2017\/10\/Bildschirmfoto-2017-11-08-um-14.06.07-1024x544.png\" alt=\"WDR Beitrag ambulante Hospizarbeit 2016\" class=\"wp-image-838\" srcset=\"https:\/\/www.hospizhilfe-siegen.de\/wp-content\/uploads\/2017\/10\/Bildschirmfoto-2017-11-08-um-14.06.07-1024x544.png 1024w, https:\/\/www.hospizhilfe-siegen.de\/wp-content\/uploads\/2017\/10\/Bildschirmfoto-2017-11-08-um-14.06.07-300x159.png 300w, https:\/\/www.hospizhilfe-siegen.de\/wp-content\/uploads\/2017\/10\/Bildschirmfoto-2017-11-08-um-14.06.07-768x408.png 768w, https:\/\/www.hospizhilfe-siegen.de\/wp-content\/uploads\/2017\/10\/Bildschirmfoto-2017-11-08-um-14.06.07.png 1271w\" sizes=\"auto, (max-width: 1024px) 100vw, 1024px\" \/><\/a><\/figure>\n\n\n\n<p><strong>Wenn Sie ein Gespr\u00e4ch m\u00f6chten, melden Sie sich bitte!<\/strong><\/p>\n\n\n\n<p>Ansprechpartner sind unsere Koordinatorinnen<br>Maria Ermes-Soleymani und Christina Mertens<br><strong>Tel. 0160 99494056<\/strong><br>Email: <a href=\"mailto:koordination-hospizarbeit@caritas-siegen.de\">koordination-hospizarbeit@caritas-siegen.de<\/a><\/p>\n","protected":false},"excerpt":{"rendered":"<p>\u201eSterbenskranke zu tr\u00f6sten besteht darin, sie zu begleiten, mit ihnen ihre Situation auszuhalten und bei ihnen zu bleiben, was auch passieren mag.\u201c Ernst Engelke<\/p>\n","protected":false},"author":2,"featured_media":92,"parent":0,"menu_order":0,"comment_status":"closed","ping_status":"closed","template":"","meta":{"_mc_calendar":[],"footnotes":""},"class_list":["post-15","page","type-page","status-publish","has-post-thumbnail","hentry"],"yoast_head":"<!-- This site is optimized with the Yoast SEO plugin v26.3 - https:\/\/yoast.com\/wordpress\/plugins\/seo\/ -->\n<title>f\u00fcr Betroffene - hospizhilfe siegen<\/title>\n<meta name=\"robots\" content=\"index, follow, max-snippet:-1, max-image-preview:large, max-video-preview:-1\" \/>\n<link rel=\"canonical\" href=\"https:\/\/www.hospizhilfe-siegen.de\/?page_id=15\" \/>\n<meta property=\"og:locale\" content=\"de_DE\" \/>\n<meta property=\"og:type\" content=\"article\" \/>\n<meta property=\"og:title\" content=\"f\u00fcr Betroffene - hospizhilfe siegen\" \/>\n<meta property=\"og:description\" content=\"\u201eSterbenskranke zu tr\u00f6sten besteht darin, sie zu begleiten, mit ihnen ihre Situation auszuhalten und bei ihnen zu bleiben, was auch passieren mag.\u201c Ernst Engelke\" \/>\n<meta property=\"og:url\" content=\"https:\/\/www.hospizhilfe-siegen.de\/?page_id=15\" \/>\n<meta property=\"og:site_name\" content=\"hospizhilfe siegen\" \/>\n<meta property=\"article:publisher\" content=\"https:\/\/www.facebook.com\/HospizhilfeSiegen\" \/>\n<meta property=\"article:modified_time\" content=\"2025-08-06T14:04:10+00:00\" \/>\n<meta property=\"og:image\" content=\"https:\/\/www.hospizhilfe-siegen.de\/wp-content\/uploads\/2017\/03\/icon_betroffener.jpg\" \/>\n\t<meta property=\"og:image:width\" content=\"164\" \/>\n\t<meta property=\"og:image:height\" content=\"164\" \/>\n\t<meta property=\"og:image:type\" content=\"image\/jpeg\" \/>\n<meta name=\"twitter:card\" content=\"summary_large_image\" \/>\n<meta name=\"twitter:label1\" content=\"Gesch\u00e4tzte Lesezeit\" \/>\n\t<meta name=\"twitter:data1\" content=\"2\u00a0Minuten\" \/>\n<script type=\"application\/ld+json\" class=\"yoast-schema-graph\">{\"@context\":\"https:\/\/schema.org\",\"@graph\":[{\"@type\":\"WebPage\",\"@id\":\"https:\/\/www.hospizhilfe-siegen.de\/?page_id=15\",\"url\":\"https:\/\/www.hospizhilfe-siegen.de\/?page_id=15\",\"name\":\"f\u00fcr Betroffene - hospizhilfe siegen\",\"isPartOf\":{\"@id\":\"https:\/\/www.hospizhilfe-siegen.de\/#website\"},\"primaryImageOfPage\":{\"@id\":\"https:\/\/www.hospizhilfe-siegen.de\/?page_id=15#primaryimage\"},\"image\":{\"@id\":\"https:\/\/www.hospizhilfe-siegen.de\/?page_id=15#primaryimage\"},\"thumbnailUrl\":\"https:\/\/www.hospizhilfe-siegen.de\/wp-content\/uploads\/2017\/03\/icon_betroffener.jpg\",\"datePublished\":\"2017-03-06T11:08:10+00:00\",\"dateModified\":\"2025-08-06T14:04:10+00:00\",\"breadcrumb\":{\"@id\":\"https:\/\/www.hospizhilfe-siegen.de\/?page_id=15#breadcrumb\"},\"inLanguage\":\"de\",\"potentialAction\":[{\"@type\":\"ReadAction\",\"target\":[\"https:\/\/www.hospizhilfe-siegen.de\/?page_id=15\"]}]},{\"@type\":\"ImageObject\",\"inLanguage\":\"de\",\"@id\":\"https:\/\/www.hospizhilfe-siegen.de\/?page_id=15#primaryimage\",\"url\":\"https:\/\/www.hospizhilfe-siegen.de\/wp-content\/uploads\/2017\/03\/icon_betroffener.jpg\",\"contentUrl\":\"https:\/\/www.hospizhilfe-siegen.de\/wp-content\/uploads\/2017\/03\/icon_betroffener.jpg\",\"width\":164,\"height\":164,\"caption\":\"Ambulante \u00f6kumenische Hospizhilfe Siegen Icon Betroffener\"},{\"@type\":\"BreadcrumbList\",\"@id\":\"https:\/\/www.hospizhilfe-siegen.de\/?page_id=15#breadcrumb\",\"itemListElement\":[{\"@type\":\"ListItem\",\"position\":1,\"name\":\"Startseite\",\"item\":\"https:\/\/www.hospizhilfe-siegen.de\/\"},{\"@type\":\"ListItem\",\"position\":2,\"name\":\"f\u00fcr Betroffene\"}]},{\"@type\":\"WebSite\",\"@id\":\"https:\/\/www.hospizhilfe-siegen.de\/#website\",\"url\":\"https:\/\/www.hospizhilfe-siegen.de\/\",\"name\":\"hospizhilfe siegen\",\"description\":\"\",\"publisher\":{\"@id\":\"https:\/\/www.hospizhilfe-siegen.de\/#organization\"},\"potentialAction\":[{\"@type\":\"SearchAction\",\"target\":{\"@type\":\"EntryPoint\",\"urlTemplate\":\"https:\/\/www.hospizhilfe-siegen.de\/?s={search_term_string}\"},\"query-input\":{\"@type\":\"PropertyValueSpecification\",\"valueRequired\":true,\"valueName\":\"search_term_string\"}}],\"inLanguage\":\"de\"},{\"@type\":\"Organization\",\"@id\":\"https:\/\/www.hospizhilfe-siegen.de\/#organization\",\"name\":\"Ambulante \u00f6kumenische Hospizhilfe Siegen e.V.\",\"url\":\"https:\/\/www.hospizhilfe-siegen.de\/\",\"logo\":{\"@type\":\"ImageObject\",\"inLanguage\":\"de\",\"@id\":\"https:\/\/www.hospizhilfe-siegen.de\/#\/schema\/logo\/image\/\",\"url\":\"https:\/\/www.hospizhilfe-siegen.de\/wp-content\/uploads\/2017\/03\/logo_400.jpg\",\"contentUrl\":\"https:\/\/www.hospizhilfe-siegen.de\/wp-content\/uploads\/2017\/03\/logo_400.jpg\",\"width\":407,\"height\":159,\"caption\":\"Ambulante \u00f6kumenische Hospizhilfe Siegen e.V.\"},\"image\":{\"@id\":\"https:\/\/www.hospizhilfe-siegen.de\/#\/schema\/logo\/image\/\"},\"sameAs\":[\"https:\/\/www.facebook.com\/HospizhilfeSiegen\"]}]}<\/script>\n<!-- \/ Yoast SEO plugin. -->","yoast_head_json":{"title":"f\u00fcr Betroffene - hospizhilfe siegen","robots":{"index":"index","follow":"follow","max-snippet":"max-snippet:-1","max-image-preview":"max-image-preview:large","max-video-preview":"max-video-preview:-1"},"canonical":"https:\/\/www.hospizhilfe-siegen.de\/?page_id=15","og_locale":"de_DE","og_type":"article","og_title":"f\u00fcr Betroffene - hospizhilfe siegen","og_description":"\u201eSterbenskranke zu tr\u00f6sten besteht darin, sie zu begleiten, mit ihnen ihre Situation auszuhalten und bei ihnen zu bleiben, was auch passieren mag.\u201c Ernst Engelke","og_url":"https:\/\/www.hospizhilfe-siegen.de\/?page_id=15","og_site_name":"hospizhilfe siegen","article_publisher":"https:\/\/www.facebook.com\/HospizhilfeSiegen","article_modified_time":"2025-08-06T14:04:10+00:00","og_image":[{"width":164,"height":164,"url":"https:\/\/www.hospizhilfe-siegen.de\/wp-content\/uploads\/2017\/03\/icon_betroffener.jpg","type":"image\/jpeg"}],"twitter_card":"summary_large_image","twitter_misc":{"Gesch\u00e4tzte Lesezeit":"2\u00a0Minuten"},"schema":{"@context":"https:\/\/schema.org","@graph":[{"@type":"WebPage","@id":"https:\/\/www.hospizhilfe-siegen.de\/?page_id=15","url":"https:\/\/www.hospizhilfe-siegen.de\/?page_id=15","name":"f\u00fcr Betroffene - hospizhilfe siegen","isPartOf":{"@id":"https:\/\/www.hospizhilfe-siegen.de\/#website"},"primaryImageOfPage":{"@id":"https:\/\/www.hospizhilfe-siegen.de\/?page_id=15#primaryimage"},"image":{"@id":"https:\/\/www.hospizhilfe-siegen.de\/?page_id=15#primaryimage"},"thumbnailUrl":"https:\/\/www.hospizhilfe-siegen.de\/wp-content\/uploads\/2017\/03\/icon_betroffener.jpg","datePublished":"2017-03-06T11:08:10+00:00","dateModified":"2025-08-06T14:04:10+00:00","breadcrumb":{"@id":"https:\/\/www.hospizhilfe-siegen.de\/?page_id=15#breadcrumb"},"inLanguage":"de","potentialAction":[{"@type":"ReadAction","target":["https:\/\/www.hospizhilfe-siegen.de\/?page_id=15"]}]},{"@type":"ImageObject","inLanguage":"de","@id":"https:\/\/www.hospizhilfe-siegen.de\/?page_id=15#primaryimage","url":"https:\/\/www.hospizhilfe-siegen.de\/wp-content\/uploads\/2017\/03\/icon_betroffener.jpg","contentUrl":"https:\/\/www.hospizhilfe-siegen.de\/wp-content\/uploads\/2017\/03\/icon_betroffener.jpg","width":164,"height":164,"caption":"Ambulante \u00f6kumenische Hospizhilfe Siegen Icon Betroffener"},{"@type":"BreadcrumbList","@id":"https:\/\/www.hospizhilfe-siegen.de\/?page_id=15#breadcrumb","itemListElement":[{"@type":"ListItem","position":1,"name":"Startseite","item":"https:\/\/www.hospizhilfe-siegen.de\/"},{"@type":"ListItem","position":2,"name":"f\u00fcr Betroffene"}]},{"@type":"WebSite","@id":"https:\/\/www.hospizhilfe-siegen.de\/#website","url":"https:\/\/www.hospizhilfe-siegen.de\/","name":"hospizhilfe siegen","description":"","publisher":{"@id":"https:\/\/www.hospizhilfe-siegen.de\/#organization"},"potentialAction":[{"@type":"SearchAction","target":{"@type":"EntryPoint","urlTemplate":"https:\/\/www.hospizhilfe-siegen.de\/?s={search_term_string}"},"query-input":{"@type":"PropertyValueSpecification","valueRequired":true,"valueName":"search_term_string"}}],"inLanguage":"de"},{"@type":"Organization","@id":"https:\/\/www.hospizhilfe-siegen.de\/#organization","name":"Ambulante \u00f6kumenische Hospizhilfe Siegen e.V.","url":"https:\/\/www.hospizhilfe-siegen.de\/","logo":{"@type":"ImageObject","inLanguage":"de","@id":"https:\/\/www.hospizhilfe-siegen.de\/#\/schema\/logo\/image\/","url":"https:\/\/www.hospizhilfe-siegen.de\/wp-content\/uploads\/2017\/03\/logo_400.jpg","contentUrl":"https:\/\/www.hospizhilfe-siegen.de\/wp-content\/uploads\/2017\/03\/logo_400.jpg","width":407,"height":159,"caption":"Ambulante \u00f6kumenische Hospizhilfe Siegen e.V."},"image":{"@id":"https:\/\/www.hospizhilfe-siegen.de\/#\/schema\/logo\/image\/"},"sameAs":["https:\/\/www.facebook.com\/HospizhilfeSiegen"]}]}},"_links":{"self":[{"href":"https:\/\/www.hospizhilfe-siegen.de\/index.php?rest_route=\/wp\/v2\/pages\/15","targetHints":{"allow":["GET"]}}],"collection":[{"href":"https:\/\/www.hospizhilfe-siegen.de\/index.php?rest_route=\/wp\/v2\/pages"}],"about":[{"href":"https:\/\/www.hospizhilfe-siegen.de\/index.php?rest_route=\/wp\/v2\/types\/page"}],"author":[{"embeddable":true,"href":"https:\/\/www.hospizhilfe-siegen.de\/index.php?rest_route=\/wp\/v2\/users\/2"}],"replies":[{"embeddable":true,"href":"https:\/\/www.hospizhilfe-siegen.de\/index.php?rest_route=%2Fwp%2Fv2%2Fcomments&post=15"}],"version-history":[{"count":41,"href":"https:\/\/www.hospizhilfe-siegen.de\/index.php?rest_route=\/wp\/v2\/pages\/15\/revisions"}],"predecessor-version":[{"id":3949,"href":"https:\/\/www.hospizhilfe-siegen.de\/index.php?rest_route=\/wp\/v2\/pages\/15\/revisions\/3949"}],"wp:featuredmedia":[{"embeddable":true,"href":"https:\/\/www.hospizhilfe-siegen.de\/index.php?rest_route=\/wp\/v2\/media\/92"}],"wp:attachment":[{"href":"https:\/\/www.hospizhilfe-siegen.de\/index.php?rest_route=%2Fwp%2Fv2%2Fmedia&parent=15"}],"curies":[{"name":"wp","href":"https:\/\/api.w.org\/{rel}","templated":true}]}}