{"id":176,"date":"2017-03-22T13:14:35","date_gmt":"2017-03-22T13:14:35","guid":{"rendered":"https:\/\/www.hospizhilfe-siegen.de\/?page_id=176"},"modified":"2022-03-16T12:00:41","modified_gmt":"2022-03-16T12:00:41","slug":"hilfe-fuer-kinder-von-lebensbedrohlich-erkrankter-eltern","status":"publish","type":"page","link":"https:\/\/www.hospizhilfe-siegen.de\/?page_id=176","title":{"rendered":"Beratungszentrum &#8222;H\u00f6rst du mich?&#8220; &#8211; Hilfe f\u00fcr Kinder lebensbedrohlich erkrankter Eltern"},"content":{"rendered":"\n<figure class=\"wp-block-image size-large\"><img loading=\"lazy\" decoding=\"async\" width=\"919\" height=\"1024\" src=\"https:\/\/www.hospizhilfe-siegen.de\/wp-content\/uploads\/2020\/04\/maedchen_gelb1_rgb-919x1024.jpg\" alt=\"\" class=\"wp-image-1476\" srcset=\"https:\/\/www.hospizhilfe-siegen.de\/wp-content\/uploads\/2020\/04\/maedchen_gelb1_rgb-919x1024.jpg 919w, https:\/\/www.hospizhilfe-siegen.de\/wp-content\/uploads\/2020\/04\/maedchen_gelb1_rgb-269x300.jpg 269w, https:\/\/www.hospizhilfe-siegen.de\/wp-content\/uploads\/2020\/04\/maedchen_gelb1_rgb-768x856.jpg 768w, https:\/\/www.hospizhilfe-siegen.de\/wp-content\/uploads\/2020\/04\/maedchen_gelb1_rgb-1378x1536.jpg 1378w, https:\/\/www.hospizhilfe-siegen.de\/wp-content\/uploads\/2020\/04\/maedchen_gelb1_rgb-1838x2048.jpg 1838w\" sizes=\"auto, (max-width: 919px) 100vw, 919px\" \/><\/figure>\n\n\n\n<p class=\"bodytext\">Wenn ein Elternteil lebensbedrohlich erkrankt, ersch\u00fcttert dies die gesamte Familie. Kinder sp\u00fcren intuitiv, dass etwas nicht stimmt und machen sich in dieser Situation Gedanken, die oft schlimmer als die Realit\u00e4t sind.<br>Es ist wichtig, dass Kinder und Jugendliche in dieser Situation ehrliche Antworten auf ihre Fragen bekommen.<br>Das Angebot <b>\u201eH\u00f6rst du mich?<\/b>\u201c richtet sich an Kinder lebensbedrohlich erkrankter Eltern im Kreis Siegen-Wittgenstein und bietet Informationen, Beratung und Begleitung von Kindern, Jugendlichen, Eltern, Angeh\u00f6rigen und Multiplikatoren an.<br>Wir informieren zu sozialrechtlichen Hilfeleistungen, Unterst\u00fctzungsangeboten zur Bew\u00e4ltigung des Alltags und vermitteln diese. Der Dienst ist eng vernetzt mit Tr\u00e4gern und Einrichtungen der Jugendhilfe, \u00c4rzten, Kinder- und Jugendlichenpsychotherapeuten, Hospiz- und&nbsp; Palliativversorgung und Kliniken.<\/p>\n\n\n\n<p class=\"bodytext\"><b>Ehrenamt<\/b><br>In Kooperation mit der Ambulanten \u00f6kumenischen Hospizhilfe Siegen e.V. besuchen auf Wunsch der Familien, speziell geschulte ehrenamtliche Mitarbeiter*innen die Familien stundenweise und stabilisieren den Alltag. Die Ehrenamtlichen sind Ansprechpartner f\u00fcr die gesamte Familie und orientieren sich an den Bed\u00fcrfnissen der Familie \u2013 insbesondere der Kinder- und Jugendlichen.<\/p>\n\n\n\n<p class=\"bodytext\"><b>Die Mitarbeiter und Mitarbeiterinnen bringen Zeit mit:<\/b><\/p>\n\n\n\n<ul class=\"wp-block-list\"><li>sie h\u00f6ren zu<\/li><li>sind einfach da<\/li><li>begleiten bei Freizeitaktivit\u00e4ten (Hobbys, Sport, Vorlesen, Basteln, Spazieren gehen)<\/li><li>unterst\u00fctzen bei den Hausaufgaben<\/li><li>begleiten bei Besuchen im Krankenhaus u.v.m.<\/li><\/ul>\n\n\n\n<p class=\"bodytext\">Das Angebot ist kostenlos und alle Mitarbeiter*innen unterliegen der Schweigepflicht.<\/p>\n\n\n\n<p>Weitere Informationen finden Sie auf: <a href=\"http:\/\/www.h\u00f6rst-du-mich.de\" target=\"_blank\" rel=\"noopener noreferrer\">www.h\u00f6rst-du-mich.de<\/a><\/p>\n\n\n\n<h2 class=\"bodytext wp-block-heading\"><b>Kontakt<\/b><\/h2>\n\n\n\n<p><\/p>\n\n\n\n<div class=\"wp-block-image\"><figure class=\"alignleft\"><img loading=\"lazy\" decoding=\"async\" width=\"229\" height=\"300\" src=\"https:\/\/www.hospizhilfe-siegen.de\/wp-content\/uploads\/2017\/10\/007geschnitten-229x300.jpg\" alt=\"Katharina Jung, Caritasverband Siegen-Wittgenstein, H\u00f6rst du mich?\" class=\"wp-image-773\" srcset=\"https:\/\/www.hospizhilfe-siegen.de\/wp-content\/uploads\/2017\/10\/007geschnitten-229x300.jpg 229w, https:\/\/www.hospizhilfe-siegen.de\/wp-content\/uploads\/2017\/10\/007geschnitten-768x1006.jpg 768w, https:\/\/www.hospizhilfe-siegen.de\/wp-content\/uploads\/2017\/10\/007geschnitten-782x1024.jpg 782w, https:\/\/www.hospizhilfe-siegen.de\/wp-content\/uploads\/2017\/10\/007geschnitten.jpg 1628w\" sizes=\"auto, (max-width: 229px) 100vw, 229px\" \/><\/figure><\/div>\n\n\n\n<p><\/p>\n\n\n\n<p class=\"bodytext\"><strong>Katharina Jung<\/strong> (Leitung)<br>mobil: 0151 26238369<br><a href=\"mailto:k.jung@caritas-siegen.de\">E-Mail: k.jung<b>@<\/b>caritas-siegen.de<\/a><\/p>\n\n\n\n<p><br><strong>Beratungszentrum<\/strong> <strong>\u201eH\u00f6rst du mich?\u201c<\/strong>&nbsp;<br>Tel. 0271  2360268 &nbsp; &nbsp; &nbsp;                                                                   <br><strong>Anschrift<\/strong> <br>Numbachstr. 30, &nbsp;57072 Siegen<\/p>\n\n\n\n<figure class=\"wp-block-image size-large\"><img loading=\"lazy\" decoding=\"async\" width=\"1024\" height=\"307\" src=\"https:\/\/www.hospizhilfe-siegen.de\/wp-content\/uploads\/2020\/03\/Doppellogo-quer-1024x307.jpg\" alt=\"\" class=\"wp-image-1426\" srcset=\"https:\/\/www.hospizhilfe-siegen.de\/wp-content\/uploads\/2020\/03\/Doppellogo-quer-1024x307.jpg 1024w, https:\/\/www.hospizhilfe-siegen.de\/wp-content\/uploads\/2020\/03\/Doppellogo-quer-300x90.jpg 300w, https:\/\/www.hospizhilfe-siegen.de\/wp-content\/uploads\/2020\/03\/Doppellogo-quer-768x230.jpg 768w, https:\/\/www.hospizhilfe-siegen.de\/wp-content\/uploads\/2020\/03\/Doppellogo-quer.jpg 1181w\" sizes=\"auto, (max-width: 1024px) 100vw, 1024px\" \/><\/figure>\n\n\n\n<h2 class=\"bodytext wp-block-heading\"><b>Ihre Spende &#8211;&nbsp;<\/b> <b>Spendenkonto<\/b><\/h2>\n\n\n\n<p class=\"bodytext\">Bankverbindung:<br>Sparkasse Siegen<br>IBAN: DE 68 460 500 010 002 119 394<br>BIC: WELADED1 SIE<br>Kennwort: <strong>\u201eH\u00f6rst du mich\u201c<\/strong> und Ihre Adresse<\/p>\n","protected":false},"excerpt":{"rendered":"<p>Wenn ein Elternteil lebensbedrohlich erkrankt, ersch\u00fcttert dies die gesamte Familie. Kinder sp\u00fcren intuitiv, dass etwas nicht stimmt und machen sich in dieser Situation Gedanken, die oft schlimmer als die Realit\u00e4t sind.Es ist wichtig, dass Kinder und Jugendliche in dieser Situation<\/p>\n","protected":false},"author":2,"featured_media":0,"parent":168,"menu_order":0,"comment_status":"closed","ping_status":"closed","template":"","meta":{"_mc_calendar":[],"footnotes":""},"class_list":["post-176","page","type-page","status-publish","hentry"],"yoast_head":"<!-- This site is optimized with the Yoast SEO plugin v26.3 - https:\/\/yoast.com\/wordpress\/plugins\/seo\/ -->\n<title>Beratungszentrum &quot;H\u00f6rst du mich?&quot; - Hilfe f\u00fcr Kinder lebensbedrohlich erkrankter Eltern - hospizhilfe siegen<\/title>\n<meta name=\"robots\" content=\"index, follow, max-snippet:-1, max-image-preview:large, max-video-preview:-1\" \/>\n<link rel=\"canonical\" href=\"https:\/\/www.hospizhilfe-siegen.de\/?page_id=176\" \/>\n<meta property=\"og:locale\" content=\"de_DE\" \/>\n<meta property=\"og:type\" content=\"article\" \/>\n<meta property=\"og:title\" content=\"Beratungszentrum &quot;H\u00f6rst du mich?&quot; - Hilfe f\u00fcr Kinder lebensbedrohlich erkrankter Eltern - hospizhilfe siegen\" \/>\n<meta property=\"og:description\" content=\"Wenn ein Elternteil lebensbedrohlich erkrankt, ersch\u00fcttert dies die gesamte Familie. Kinder sp\u00fcren intuitiv, dass etwas nicht stimmt und machen sich in dieser Situation Gedanken, die oft schlimmer als die Realit\u00e4t sind.Es ist wichtig, dass Kinder und Jugendliche in dieser Situation\" \/>\n<meta property=\"og:url\" content=\"https:\/\/www.hospizhilfe-siegen.de\/?page_id=176\" \/>\n<meta property=\"og:site_name\" content=\"hospizhilfe siegen\" \/>\n<meta property=\"article:publisher\" content=\"https:\/\/www.facebook.com\/HospizhilfeSiegen\" \/>\n<meta property=\"article:modified_time\" content=\"2022-03-16T12:00:41+00:00\" \/>\n<meta property=\"og:image\" content=\"https:\/\/www.hospizhilfe-siegen.de\/wp-content\/uploads\/2020\/04\/maedchen_gelb1_rgb-919x1024.jpg\" \/>\n<meta name=\"twitter:card\" content=\"summary_large_image\" \/>\n<meta name=\"twitter:label1\" content=\"Gesch\u00e4tzte Lesezeit\" \/>\n\t<meta name=\"twitter:data1\" content=\"2\u00a0Minuten\" \/>\n<script type=\"application\/ld+json\" class=\"yoast-schema-graph\">{\"@context\":\"https:\/\/schema.org\",\"@graph\":[{\"@type\":\"WebPage\",\"@id\":\"https:\/\/www.hospizhilfe-siegen.de\/?page_id=176\",\"url\":\"https:\/\/www.hospizhilfe-siegen.de\/?page_id=176\",\"name\":\"Beratungszentrum \\\"H\u00f6rst du mich?\\\" - Hilfe f\u00fcr Kinder lebensbedrohlich erkrankter Eltern - hospizhilfe siegen\",\"isPartOf\":{\"@id\":\"https:\/\/www.hospizhilfe-siegen.de\/#website\"},\"primaryImageOfPage\":{\"@id\":\"https:\/\/www.hospizhilfe-siegen.de\/?page_id=176#primaryimage\"},\"image\":{\"@id\":\"https:\/\/www.hospizhilfe-siegen.de\/?page_id=176#primaryimage\"},\"thumbnailUrl\":\"https:\/\/www.hospizhilfe-siegen.de\/wp-content\/uploads\/2020\/04\/maedchen_gelb1_rgb-919x1024.jpg\",\"datePublished\":\"2017-03-22T13:14:35+00:00\",\"dateModified\":\"2022-03-16T12:00:41+00:00\",\"breadcrumb\":{\"@id\":\"https:\/\/www.hospizhilfe-siegen.de\/?page_id=176#breadcrumb\"},\"inLanguage\":\"de\",\"potentialAction\":[{\"@type\":\"ReadAction\",\"target\":[\"https:\/\/www.hospizhilfe-siegen.de\/?page_id=176\"]}]},{\"@type\":\"ImageObject\",\"inLanguage\":\"de\",\"@id\":\"https:\/\/www.hospizhilfe-siegen.de\/?page_id=176#primaryimage\",\"url\":\"https:\/\/www.hospizhilfe-siegen.de\/wp-content\/uploads\/2020\/04\/maedchen_gelb1_rgb-919x1024.jpg\",\"contentUrl\":\"https:\/\/www.hospizhilfe-siegen.de\/wp-content\/uploads\/2020\/04\/maedchen_gelb1_rgb-919x1024.jpg\"},{\"@type\":\"BreadcrumbList\",\"@id\":\"https:\/\/www.hospizhilfe-siegen.de\/?page_id=176#breadcrumb\",\"itemListElement\":[{\"@type\":\"ListItem\",\"position\":1,\"name\":\"Startseite\",\"item\":\"https:\/\/www.hospizhilfe-siegen.de\/\"},{\"@type\":\"ListItem\",\"position\":2,\"name\":\"Besondere Aktivit\u00e4ten\",\"item\":\"https:\/\/www.hospizhilfe-siegen.de\/?page_id=168\"},{\"@type\":\"ListItem\",\"position\":3,\"name\":\"Beratungszentrum &#8222;H\u00f6rst du mich?&#8220; &#8211; Hilfe f\u00fcr Kinder lebensbedrohlich erkrankter Eltern\"}]},{\"@type\":\"WebSite\",\"@id\":\"https:\/\/www.hospizhilfe-siegen.de\/#website\",\"url\":\"https:\/\/www.hospizhilfe-siegen.de\/\",\"name\":\"hospizhilfe siegen\",\"description\":\"\",\"publisher\":{\"@id\":\"https:\/\/www.hospizhilfe-siegen.de\/#organization\"},\"potentialAction\":[{\"@type\":\"SearchAction\",\"target\":{\"@type\":\"EntryPoint\",\"urlTemplate\":\"https:\/\/www.hospizhilfe-siegen.de\/?s={search_term_string}\"},\"query-input\":{\"@type\":\"PropertyValueSpecification\",\"valueRequired\":true,\"valueName\":\"search_term_string\"}}],\"inLanguage\":\"de\"},{\"@type\":\"Organization\",\"@id\":\"https:\/\/www.hospizhilfe-siegen.de\/#organization\",\"name\":\"Ambulante \u00f6kumenische Hospizhilfe Siegen e.V.\",\"url\":\"https:\/\/www.hospizhilfe-siegen.de\/\",\"logo\":{\"@type\":\"ImageObject\",\"inLanguage\":\"de\",\"@id\":\"https:\/\/www.hospizhilfe-siegen.de\/#\/schema\/logo\/image\/\",\"url\":\"https:\/\/www.hospizhilfe-siegen.de\/wp-content\/uploads\/2017\/03\/logo_400.jpg\",\"contentUrl\":\"https:\/\/www.hospizhilfe-siegen.de\/wp-content\/uploads\/2017\/03\/logo_400.jpg\",\"width\":407,\"height\":159,\"caption\":\"Ambulante \u00f6kumenische Hospizhilfe Siegen e.V.\"},\"image\":{\"@id\":\"https:\/\/www.hospizhilfe-siegen.de\/#\/schema\/logo\/image\/\"},\"sameAs\":[\"https:\/\/www.facebook.com\/HospizhilfeSiegen\"]}]}<\/script>\n<!-- \/ Yoast SEO plugin. -->","yoast_head_json":{"title":"Beratungszentrum \"H\u00f6rst du mich?\" - Hilfe f\u00fcr Kinder lebensbedrohlich erkrankter Eltern - hospizhilfe siegen","robots":{"index":"index","follow":"follow","max-snippet":"max-snippet:-1","max-image-preview":"max-image-preview:large","max-video-preview":"max-video-preview:-1"},"canonical":"https:\/\/www.hospizhilfe-siegen.de\/?page_id=176","og_locale":"de_DE","og_type":"article","og_title":"Beratungszentrum \"H\u00f6rst du mich?\" - Hilfe f\u00fcr Kinder lebensbedrohlich erkrankter Eltern - hospizhilfe siegen","og_description":"Wenn ein Elternteil lebensbedrohlich erkrankt, ersch\u00fcttert dies die gesamte Familie. Kinder sp\u00fcren intuitiv, dass etwas nicht stimmt und machen sich in dieser Situation Gedanken, die oft schlimmer als die Realit\u00e4t sind.Es ist wichtig, dass Kinder und Jugendliche in dieser Situation","og_url":"https:\/\/www.hospizhilfe-siegen.de\/?page_id=176","og_site_name":"hospizhilfe siegen","article_publisher":"https:\/\/www.facebook.com\/HospizhilfeSiegen","article_modified_time":"2022-03-16T12:00:41+00:00","og_image":[{"url":"https:\/\/www.hospizhilfe-siegen.de\/wp-content\/uploads\/2020\/04\/maedchen_gelb1_rgb-919x1024.jpg","type":"","width":"","height":""}],"twitter_card":"summary_large_image","twitter_misc":{"Gesch\u00e4tzte Lesezeit":"2\u00a0Minuten"},"schema":{"@context":"https:\/\/schema.org","@graph":[{"@type":"WebPage","@id":"https:\/\/www.hospizhilfe-siegen.de\/?page_id=176","url":"https:\/\/www.hospizhilfe-siegen.de\/?page_id=176","name":"Beratungszentrum \"H\u00f6rst du mich?\" - Hilfe f\u00fcr Kinder lebensbedrohlich erkrankter Eltern - hospizhilfe siegen","isPartOf":{"@id":"https:\/\/www.hospizhilfe-siegen.de\/#website"},"primaryImageOfPage":{"@id":"https:\/\/www.hospizhilfe-siegen.de\/?page_id=176#primaryimage"},"image":{"@id":"https:\/\/www.hospizhilfe-siegen.de\/?page_id=176#primaryimage"},"thumbnailUrl":"https:\/\/www.hospizhilfe-siegen.de\/wp-content\/uploads\/2020\/04\/maedchen_gelb1_rgb-919x1024.jpg","datePublished":"2017-03-22T13:14:35+00:00","dateModified":"2022-03-16T12:00:41+00:00","breadcrumb":{"@id":"https:\/\/www.hospizhilfe-siegen.de\/?page_id=176#breadcrumb"},"inLanguage":"de","potentialAction":[{"@type":"ReadAction","target":["https:\/\/www.hospizhilfe-siegen.de\/?page_id=176"]}]},{"@type":"ImageObject","inLanguage":"de","@id":"https:\/\/www.hospizhilfe-siegen.de\/?page_id=176#primaryimage","url":"https:\/\/www.hospizhilfe-siegen.de\/wp-content\/uploads\/2020\/04\/maedchen_gelb1_rgb-919x1024.jpg","contentUrl":"https:\/\/www.hospizhilfe-siegen.de\/wp-content\/uploads\/2020\/04\/maedchen_gelb1_rgb-919x1024.jpg"},{"@type":"BreadcrumbList","@id":"https:\/\/www.hospizhilfe-siegen.de\/?page_id=176#breadcrumb","itemListElement":[{"@type":"ListItem","position":1,"name":"Startseite","item":"https:\/\/www.hospizhilfe-siegen.de\/"},{"@type":"ListItem","position":2,"name":"Besondere Aktivit\u00e4ten","item":"https:\/\/www.hospizhilfe-siegen.de\/?page_id=168"},{"@type":"ListItem","position":3,"name":"Beratungszentrum &#8222;H\u00f6rst du mich?&#8220; &#8211; Hilfe f\u00fcr Kinder lebensbedrohlich erkrankter Eltern"}]},{"@type":"WebSite","@id":"https:\/\/www.hospizhilfe-siegen.de\/#website","url":"https:\/\/www.hospizhilfe-siegen.de\/","name":"hospizhilfe siegen","description":"","publisher":{"@id":"https:\/\/www.hospizhilfe-siegen.de\/#organization"},"potentialAction":[{"@type":"SearchAction","target":{"@type":"EntryPoint","urlTemplate":"https:\/\/www.hospizhilfe-siegen.de\/?s={search_term_string}"},"query-input":{"@type":"PropertyValueSpecification","valueRequired":true,"valueName":"search_term_string"}}],"inLanguage":"de"},{"@type":"Organization","@id":"https:\/\/www.hospizhilfe-siegen.de\/#organization","name":"Ambulante \u00f6kumenische Hospizhilfe Siegen e.V.","url":"https:\/\/www.hospizhilfe-siegen.de\/","logo":{"@type":"ImageObject","inLanguage":"de","@id":"https:\/\/www.hospizhilfe-siegen.de\/#\/schema\/logo\/image\/","url":"https:\/\/www.hospizhilfe-siegen.de\/wp-content\/uploads\/2017\/03\/logo_400.jpg","contentUrl":"https:\/\/www.hospizhilfe-siegen.de\/wp-content\/uploads\/2017\/03\/logo_400.jpg","width":407,"height":159,"caption":"Ambulante \u00f6kumenische Hospizhilfe Siegen e.V."},"image":{"@id":"https:\/\/www.hospizhilfe-siegen.de\/#\/schema\/logo\/image\/"},"sameAs":["https:\/\/www.facebook.com\/HospizhilfeSiegen"]}]}},"_links":{"self":[{"href":"https:\/\/www.hospizhilfe-siegen.de\/index.php?rest_route=\/wp\/v2\/pages\/176","targetHints":{"allow":["GET"]}}],"collection":[{"href":"https:\/\/www.hospizhilfe-siegen.de\/index.php?rest_route=\/wp\/v2\/pages"}],"about":[{"href":"https:\/\/www.hospizhilfe-siegen.de\/index.php?rest_route=\/wp\/v2\/types\/page"}],"author":[{"embeddable":true,"href":"https:\/\/www.hospizhilfe-siegen.de\/index.php?rest_route=\/wp\/v2\/users\/2"}],"replies":[{"embeddable":true,"href":"https:\/\/www.hospizhilfe-siegen.de\/index.php?rest_route=%2Fwp%2Fv2%2Fcomments&post=176"}],"version-history":[{"count":48,"href":"https:\/\/www.hospizhilfe-siegen.de\/index.php?rest_route=\/wp\/v2\/pages\/176\/revisions"}],"predecessor-version":[{"id":2894,"href":"https:\/\/www.hospizhilfe-siegen.de\/index.php?rest_route=\/wp\/v2\/pages\/176\/revisions\/2894"}],"up":[{"embeddable":true,"href":"https:\/\/www.hospizhilfe-siegen.de\/index.php?rest_route=\/wp\/v2\/pages\/168"}],"wp:attachment":[{"href":"https:\/\/www.hospizhilfe-siegen.de\/index.php?rest_route=%2Fwp%2Fv2%2Fmedia&parent=176"}],"curies":[{"name":"wp","href":"https:\/\/api.w.org\/{rel}","templated":true}]}}