{"id":197,"date":"2017-03-22T13:25:12","date_gmt":"2017-03-22T13:25:12","guid":{"rendered":"https:\/\/www.hospizhilfe-siegen.de\/?page_id=197"},"modified":"2020-08-12T08:58:58","modified_gmt":"2020-08-12T08:58:58","slug":"meditation","status":"publish","type":"page","link":"https:\/\/www.hospizhilfe-siegen.de\/?page_id=197","title":{"rendered":"Meditation"},"content":{"rendered":"\n<figure class=\"wp-block-image size-large\"><img loading=\"lazy\" decoding=\"async\" width=\"1024\" height=\"683\" src=\"https:\/\/www.hospizhilfe-siegen.de\/wp-content\/uploads\/2020\/05\/glass-ball-1813707_1920-1024x683.jpg\" alt=\"\" class=\"wp-image-1981\" srcset=\"https:\/\/www.hospizhilfe-siegen.de\/wp-content\/uploads\/2020\/05\/glass-ball-1813707_1920-1024x683.jpg 1024w, https:\/\/www.hospizhilfe-siegen.de\/wp-content\/uploads\/2020\/05\/glass-ball-1813707_1920-300x200.jpg 300w, https:\/\/www.hospizhilfe-siegen.de\/wp-content\/uploads\/2020\/05\/glass-ball-1813707_1920-768x512.jpg 768w, https:\/\/www.hospizhilfe-siegen.de\/wp-content\/uploads\/2020\/05\/glass-ball-1813707_1920-1536x1024.jpg 1536w, https:\/\/www.hospizhilfe-siegen.de\/wp-content\/uploads\/2020\/05\/glass-ball-1813707_1920.jpg 1920w\" sizes=\"auto, (max-width: 1024px) 100vw, 1024px\" \/><\/figure>\n\n\n\n<p>In dieser Kugel spiegelt sich das Leben.<br>Bunt und sch\u00f6n, mit Licht und Luft. <br>Mit krummen, geraden und sehr weiten Wegen. <br>Auch wenn sie oft ganz schwer, so geben sie am Ende mehr, an klarer Sicht.<br>Ver\u00e4ndern dich in deinem Tun und Denken. <br>Doch wichtig ist der Baum &#8211; gro\u00df und stark, mit Wurzeln dran.<br>Der sch\u00fctzen und bewahren kann, vor starkem Wind, Regen und Gewitter<br>&#8211; ein Beh\u00fcter !<br>Seh\u00b4n wir im Glas, dem Stamm, die Gottesgr\u00f6\u00dfe. <br>Schutz, Kraft und St\u00e4rke, dann kann und will sie sein,<br>&#8211; ein Wegweiser auf unsern Wegen und den Werken.<br>Herr, geh doch mit, lenk und segne jeden Schritt. <br>Amen !<br><em>Anne S. , ehrenamtliche Mitarbeiterin<\/em><\/p>\n\n\n\n<h2 class=\"wp-block-heading\">Trost<\/h2>\n\n\n\n<p>Wenn man leidet, tut es so gut,<br>ein befreundetes Herz zu haben,<br>worin unser Schmerz sein Echo findet<br><em>Theresia von Lisieux<\/em><\/p>\n\n\n\n<h2 class=\"wp-block-heading\">Texte<\/h2>\n\n\n\n<p><strong>Bunter Schmetterling und schwarzer Vogel<\/strong><\/p>\n\n\n\n<p>Das Gl\u00fcck ist ein bunter Schmetterling,<br>der unter dem Sonnenlicht durch das Leben tanzt.<br>Ich m\u00f6chte tanzen mit ihm \u00fcber Wiesen und W\u00e4lder,<br>mit ihm auf Blumen verweilen und tr\u00e4umen,<br>mit ihm tanzen f\u00fcr immer.<br>Doch der Sommer zieht vorbei.<br>Abschied ist ein gro\u00dfer schwarzer Vogel<br>mit starken Fl\u00fcgeln.<br>Er tr\u00e4gt meinen Schmerz<br>unter dem Sonnenlicht durch das Leben.<br>Flieg ich mit ihm dahin,<br>tr\u00e4gt er mich in das Reich der Tiefe,<br>von dort zum Himmel, wo die Engel wohnen,<br>und ich sehe das Leben unter dem Sonnenlicht,<br>und das Leben ist<br>bunter Schmetterling und schwarzer Vogel.<br>Nun schaue ich durch den Spiegel hindurch<br>und erblicke mein Gesicht<br>und erkenne: Ich bin<br>bunter Schmetterling und schwarzer Vogel.<br>Ich tanze im ewigen Kreis,<br>getragen von einer Melodie,<br>und es spielen<br>bunter Schmetterling und schwarzer Vogel.<br><br><em>Aus Edda Reschke, Bunter Schmetterling und schwarzer Vogel, S. 20. \u00a9 1999 Lahn-Verlag GmbH, Kevelaer,<br>www.lahn-verlag.de<\/em><br><br><br><strong>\u00dcber das Stark-Sein<br><\/strong>Viele Menschen sind \u00fcberzeugt davon,<br>dass stark und tapfer sein bedeutet<br>an \u201eetwas Anderes\u201c zu denken,<br>nicht \u00fcber Trauer zu sprechen.<br>Aber wir wissen,<br>dass wirklich stark und tapfer sein bedeutet<br>an das Geschehene zu denken,<br>\u00fcber das Gewesene zu sprechen,<br>bis unsere Trauer beginnt<br>ertr\u00e4glich zu werden.<br>Das ist wirklich St\u00e4rke<br>das ist wirklich Mut<br>und nur so wird<br>Stark \u2013 und \u2013 Tapfer \u2013 Sein<br>uns zur Heilung tragen.<br><em>Sascha Wagner<\/em><\/p>\n\n\n\n<p><strong>Der Zug des Lebens<br><\/strong>Vor einiger Zeit las ich ein Buch, worin das Leben<br>mit einer Zugreise verglichen wurde.<br>Eine sehr interessante Lekt\u00fcre.<br>Das Leben ist wie eine Reise mit dem Zug. Man steigt oft ein und aus,<br>bei manchen Aufenthalten gibt es angenehme \u00dcberraschungen und gl\u00fcckliche Momente,<br>aber auch Unf\u00e4lle und Traurigkeit.<br>Wenn wir geboren werden und in den Zug einsteigen, treffen wir Menschen,<br>von denen wir glauben, dass sie uns w\u00e4hrend der ganzen Reise begleiten werden,<br>unsere Eltern.<br>Leider ist die Wahrheit eine andere.<br>Sie steigen irgendwann aus und lassen uns,<br>ohne ihre Liebe und Zuneigung,<br>ohne ihre Freundschaft und Gesellschaft,<br>zur\u00fcck.<br>Allerdings steigen andere Personen,<br>die f\u00fcr uns sehr wichtig werden, in den Zug ein.<br>Es sind unsere Geschwister,<br>unsere Freunde und die Menschen,<br>die uns begegnen und die wir lieben lernen.<br>Manche Personen, die einsteigen,<br>betrachten die Reise als kleinen Spaziergang &#8230;<br>Andere finden nur Traurigkeit<br>auf ihrer Fahrt durchs Leben.<br>Und es gibt wieder andere im Zug,<br>die immer da und bereit sind,<br>denen zu helfen, die Hilfe brauchen.<br>Manche hinterlassen beim Aussteigen eine immerw\u00e4hrende Sehnsucht.<br>Manche steigen ein und wieder aus,<br>und wir haben sie kaum bemerkt.<br>Es erstaunt uns,<br>dass manche der Passagiere, die wir am liebsten haben,<br>sich in einen anderen Waggon setzen.<br>Und uns die Reise in diesem Abschnitt alleine machen lassen.<br>Selbstverst\u00e4ndlich lassen wir uns nicht davon abhalten,<br>die M\u00fchsal auf uns zu nehmen, sie zu suchen und uns zu ihrem Waggon durchzuk\u00e4mpfen.<br>Leider k\u00f6nnen wir uns dann doch nicht zu ihnen setzen,<br>da der Platz an ihrer Seite schon besetzt ist.<br>So ist das Leben.<br>Voll an Herausforderungen, Tr\u00e4umen, Phantasien, Hoffnungen und Abschieden,<br>aber ohne Wiederkehr.<br>Machen wir die Reise durchs Leben so gut, wie wir es k\u00f6nnen.<br>Versuchen wir, mit allen im Zug gut auszukommen,<br>und sehen wir in jedem von ihnen das Beste.<br>Erinnern wir uns daran, dass in jedem Abschnitt der Strecke<br>einer der Gef\u00e4hrten schwanken kann und m\u00f6glicherweise<br>unser Verst\u00e4ndnis braucht.<br>Auch wir werden schwanken, und<br>es wird jemand da sein, der uns versteht.<br>Das gro\u00dfe Mysterium der Reise ist,<br>dass wir nicht wissen, wann wir endg\u00fcltig aussteigen werden,<br>und genauso wenig, wann unsere Mitreisenden aussteigen werden,<br>nicht einmal die, die direkt neben uns sitzen.<br>Ich werde wehm\u00fctig sein,<br>wenn ich aus dem Zug f\u00fcr immer aussteige.<br>Ich glaube, die Trennung von einigen Freunden,<br>die ich w\u00e4hrend der Reise traf, wird sehr weh tun.<br>Meine Liebsten alleine zu lassen wird mich sehr traurig machen.<br>Aber ich habe die Hoffnung, dass irgendwann der Zentralbahnhof kommt.<br>Dann werde ich sie ankommen sehen, mit Gep\u00e4ck,<br>das sie beim Einsteigen noch nicht hatten. Das wird mich froh stimmen.<br>Was mich gl\u00fccklich machen wird,<br>ist der Gedanke, dass ich mitgeholfen habe,<br>ihr Gep\u00e4ck zu vermehren, und ich die richtigen Inhalte<br>hineingetan habe.<br>Schauen wir darauf, dass wir eine gute Reise haben<br>und dass sich am Ende die M\u00fche gelohnt hat.<br>Versuchen wir,<br>dass wir beim Aussteigen einen leeren Sitz zur\u00fccklassen,<br>der Sehnsucht und sch\u00f6ne Erinnerungen bei den Weiterreisenden hinterl\u00e4sst.<br>Ich w\u00fcnsche allen eine<br>\u201eGute Reise\u201c<br><em>Verfasser unbekannt<\/em><\/p>\n","protected":false},"excerpt":{"rendered":"<p>In dieser Kugel spiegelt sich das Leben.Bunt und sch\u00f6n, mit Licht und Luft. Mit krummen, geraden und sehr weiten Wegen. Auch wenn sie oft ganz schwer, so geben sie am Ende mehr, an klarer Sicht.Ver\u00e4ndern dich in deinem Tun und<\/p>\n","protected":false},"author":2,"featured_media":0,"parent":178,"menu_order":0,"comment_status":"closed","ping_status":"closed","template":"","meta":{"_mc_calendar":[],"footnotes":""},"class_list":["post-197","page","type-page","status-publish","hentry"],"yoast_head":"<!-- This site is optimized with the Yoast SEO plugin v26.3 - https:\/\/yoast.com\/wordpress\/plugins\/seo\/ -->\n<title>Meditation - hospizhilfe siegen<\/title>\n<meta name=\"robots\" content=\"index, follow, max-snippet:-1, max-image-preview:large, max-video-preview:-1\" \/>\n<link rel=\"canonical\" href=\"https:\/\/www.hospizhilfe-siegen.de\/?page_id=197\" \/>\n<meta property=\"og:locale\" content=\"de_DE\" \/>\n<meta property=\"og:type\" content=\"article\" \/>\n<meta property=\"og:title\" content=\"Meditation - hospizhilfe siegen\" \/>\n<meta property=\"og:description\" content=\"In dieser Kugel spiegelt sich das Leben.Bunt und sch\u00f6n, mit Licht und Luft. Mit krummen, geraden und sehr weiten Wegen. Auch wenn sie oft ganz schwer, so geben sie am Ende mehr, an klarer Sicht.Ver\u00e4ndern dich in deinem Tun und\" \/>\n<meta property=\"og:url\" content=\"https:\/\/www.hospizhilfe-siegen.de\/?page_id=197\" \/>\n<meta property=\"og:site_name\" content=\"hospizhilfe siegen\" \/>\n<meta property=\"article:publisher\" content=\"https:\/\/www.facebook.com\/HospizhilfeSiegen\" \/>\n<meta property=\"article:modified_time\" content=\"2020-08-12T08:58:58+00:00\" \/>\n<meta property=\"og:image\" content=\"https:\/\/www.hospizhilfe-siegen.de\/wp-content\/uploads\/2020\/05\/glass-ball-1813707_1920-1024x683.jpg\" \/>\n<meta name=\"twitter:card\" content=\"summary_large_image\" \/>\n<meta name=\"twitter:label1\" content=\"Gesch\u00e4tzte Lesezeit\" \/>\n\t<meta name=\"twitter:data1\" content=\"4\u00a0Minuten\" \/>\n<script type=\"application\/ld+json\" class=\"yoast-schema-graph\">{\"@context\":\"https:\/\/schema.org\",\"@graph\":[{\"@type\":\"WebPage\",\"@id\":\"https:\/\/www.hospizhilfe-siegen.de\/?page_id=197\",\"url\":\"https:\/\/www.hospizhilfe-siegen.de\/?page_id=197\",\"name\":\"Meditation - hospizhilfe siegen\",\"isPartOf\":{\"@id\":\"https:\/\/www.hospizhilfe-siegen.de\/#website\"},\"primaryImageOfPage\":{\"@id\":\"https:\/\/www.hospizhilfe-siegen.de\/?page_id=197#primaryimage\"},\"image\":{\"@id\":\"https:\/\/www.hospizhilfe-siegen.de\/?page_id=197#primaryimage\"},\"thumbnailUrl\":\"https:\/\/www.hospizhilfe-siegen.de\/wp-content\/uploads\/2020\/05\/glass-ball-1813707_1920-1024x683.jpg\",\"datePublished\":\"2017-03-22T13:25:12+00:00\",\"dateModified\":\"2020-08-12T08:58:58+00:00\",\"breadcrumb\":{\"@id\":\"https:\/\/www.hospizhilfe-siegen.de\/?page_id=197#breadcrumb\"},\"inLanguage\":\"de\",\"potentialAction\":[{\"@type\":\"ReadAction\",\"target\":[\"https:\/\/www.hospizhilfe-siegen.de\/?page_id=197\"]}]},{\"@type\":\"ImageObject\",\"inLanguage\":\"de\",\"@id\":\"https:\/\/www.hospizhilfe-siegen.de\/?page_id=197#primaryimage\",\"url\":\"https:\/\/www.hospizhilfe-siegen.de\/wp-content\/uploads\/2020\/05\/glass-ball-1813707_1920-1024x683.jpg\",\"contentUrl\":\"https:\/\/www.hospizhilfe-siegen.de\/wp-content\/uploads\/2020\/05\/glass-ball-1813707_1920-1024x683.jpg\"},{\"@type\":\"BreadcrumbList\",\"@id\":\"https:\/\/www.hospizhilfe-siegen.de\/?page_id=197#breadcrumb\",\"itemListElement\":[{\"@type\":\"ListItem\",\"position\":1,\"name\":\"Startseite\",\"item\":\"https:\/\/www.hospizhilfe-siegen.de\/\"},{\"@type\":\"ListItem\",\"position\":2,\"name\":\"f\u00fcr Angeh\u00f6rige\",\"item\":\"https:\/\/www.hospizhilfe-siegen.de\/?page_id=21\"},{\"@type\":\"ListItem\",\"position\":3,\"name\":\"Zum Nachdenken\",\"item\":\"https:\/\/www.hospizhilfe-siegen.de\/?page_id=178\"},{\"@type\":\"ListItem\",\"position\":4,\"name\":\"Meditation\"}]},{\"@type\":\"WebSite\",\"@id\":\"https:\/\/www.hospizhilfe-siegen.de\/#website\",\"url\":\"https:\/\/www.hospizhilfe-siegen.de\/\",\"name\":\"hospizhilfe siegen\",\"description\":\"\",\"publisher\":{\"@id\":\"https:\/\/www.hospizhilfe-siegen.de\/#organization\"},\"potentialAction\":[{\"@type\":\"SearchAction\",\"target\":{\"@type\":\"EntryPoint\",\"urlTemplate\":\"https:\/\/www.hospizhilfe-siegen.de\/?s={search_term_string}\"},\"query-input\":{\"@type\":\"PropertyValueSpecification\",\"valueRequired\":true,\"valueName\":\"search_term_string\"}}],\"inLanguage\":\"de\"},{\"@type\":\"Organization\",\"@id\":\"https:\/\/www.hospizhilfe-siegen.de\/#organization\",\"name\":\"Ambulante \u00f6kumenische Hospizhilfe Siegen e.V.\",\"url\":\"https:\/\/www.hospizhilfe-siegen.de\/\",\"logo\":{\"@type\":\"ImageObject\",\"inLanguage\":\"de\",\"@id\":\"https:\/\/www.hospizhilfe-siegen.de\/#\/schema\/logo\/image\/\",\"url\":\"https:\/\/www.hospizhilfe-siegen.de\/wp-content\/uploads\/2017\/03\/logo_400.jpg\",\"contentUrl\":\"https:\/\/www.hospizhilfe-siegen.de\/wp-content\/uploads\/2017\/03\/logo_400.jpg\",\"width\":407,\"height\":159,\"caption\":\"Ambulante \u00f6kumenische Hospizhilfe Siegen e.V.\"},\"image\":{\"@id\":\"https:\/\/www.hospizhilfe-siegen.de\/#\/schema\/logo\/image\/\"},\"sameAs\":[\"https:\/\/www.facebook.com\/HospizhilfeSiegen\"]}]}<\/script>\n<!-- \/ Yoast SEO plugin. -->","yoast_head_json":{"title":"Meditation - hospizhilfe siegen","robots":{"index":"index","follow":"follow","max-snippet":"max-snippet:-1","max-image-preview":"max-image-preview:large","max-video-preview":"max-video-preview:-1"},"canonical":"https:\/\/www.hospizhilfe-siegen.de\/?page_id=197","og_locale":"de_DE","og_type":"article","og_title":"Meditation - hospizhilfe siegen","og_description":"In dieser Kugel spiegelt sich das Leben.Bunt und sch\u00f6n, mit Licht und Luft. Mit krummen, geraden und sehr weiten Wegen. Auch wenn sie oft ganz schwer, so geben sie am Ende mehr, an klarer Sicht.Ver\u00e4ndern dich in deinem Tun und","og_url":"https:\/\/www.hospizhilfe-siegen.de\/?page_id=197","og_site_name":"hospizhilfe siegen","article_publisher":"https:\/\/www.facebook.com\/HospizhilfeSiegen","article_modified_time":"2020-08-12T08:58:58+00:00","og_image":[{"url":"https:\/\/www.hospizhilfe-siegen.de\/wp-content\/uploads\/2020\/05\/glass-ball-1813707_1920-1024x683.jpg","type":"","width":"","height":""}],"twitter_card":"summary_large_image","twitter_misc":{"Gesch\u00e4tzte Lesezeit":"4\u00a0Minuten"},"schema":{"@context":"https:\/\/schema.org","@graph":[{"@type":"WebPage","@id":"https:\/\/www.hospizhilfe-siegen.de\/?page_id=197","url":"https:\/\/www.hospizhilfe-siegen.de\/?page_id=197","name":"Meditation - hospizhilfe siegen","isPartOf":{"@id":"https:\/\/www.hospizhilfe-siegen.de\/#website"},"primaryImageOfPage":{"@id":"https:\/\/www.hospizhilfe-siegen.de\/?page_id=197#primaryimage"},"image":{"@id":"https:\/\/www.hospizhilfe-siegen.de\/?page_id=197#primaryimage"},"thumbnailUrl":"https:\/\/www.hospizhilfe-siegen.de\/wp-content\/uploads\/2020\/05\/glass-ball-1813707_1920-1024x683.jpg","datePublished":"2017-03-22T13:25:12+00:00","dateModified":"2020-08-12T08:58:58+00:00","breadcrumb":{"@id":"https:\/\/www.hospizhilfe-siegen.de\/?page_id=197#breadcrumb"},"inLanguage":"de","potentialAction":[{"@type":"ReadAction","target":["https:\/\/www.hospizhilfe-siegen.de\/?page_id=197"]}]},{"@type":"ImageObject","inLanguage":"de","@id":"https:\/\/www.hospizhilfe-siegen.de\/?page_id=197#primaryimage","url":"https:\/\/www.hospizhilfe-siegen.de\/wp-content\/uploads\/2020\/05\/glass-ball-1813707_1920-1024x683.jpg","contentUrl":"https:\/\/www.hospizhilfe-siegen.de\/wp-content\/uploads\/2020\/05\/glass-ball-1813707_1920-1024x683.jpg"},{"@type":"BreadcrumbList","@id":"https:\/\/www.hospizhilfe-siegen.de\/?page_id=197#breadcrumb","itemListElement":[{"@type":"ListItem","position":1,"name":"Startseite","item":"https:\/\/www.hospizhilfe-siegen.de\/"},{"@type":"ListItem","position":2,"name":"f\u00fcr Angeh\u00f6rige","item":"https:\/\/www.hospizhilfe-siegen.de\/?page_id=21"},{"@type":"ListItem","position":3,"name":"Zum Nachdenken","item":"https:\/\/www.hospizhilfe-siegen.de\/?page_id=178"},{"@type":"ListItem","position":4,"name":"Meditation"}]},{"@type":"WebSite","@id":"https:\/\/www.hospizhilfe-siegen.de\/#website","url":"https:\/\/www.hospizhilfe-siegen.de\/","name":"hospizhilfe siegen","description":"","publisher":{"@id":"https:\/\/www.hospizhilfe-siegen.de\/#organization"},"potentialAction":[{"@type":"SearchAction","target":{"@type":"EntryPoint","urlTemplate":"https:\/\/www.hospizhilfe-siegen.de\/?s={search_term_string}"},"query-input":{"@type":"PropertyValueSpecification","valueRequired":true,"valueName":"search_term_string"}}],"inLanguage":"de"},{"@type":"Organization","@id":"https:\/\/www.hospizhilfe-siegen.de\/#organization","name":"Ambulante \u00f6kumenische Hospizhilfe Siegen e.V.","url":"https:\/\/www.hospizhilfe-siegen.de\/","logo":{"@type":"ImageObject","inLanguage":"de","@id":"https:\/\/www.hospizhilfe-siegen.de\/#\/schema\/logo\/image\/","url":"https:\/\/www.hospizhilfe-siegen.de\/wp-content\/uploads\/2017\/03\/logo_400.jpg","contentUrl":"https:\/\/www.hospizhilfe-siegen.de\/wp-content\/uploads\/2017\/03\/logo_400.jpg","width":407,"height":159,"caption":"Ambulante \u00f6kumenische Hospizhilfe Siegen e.V."},"image":{"@id":"https:\/\/www.hospizhilfe-siegen.de\/#\/schema\/logo\/image\/"},"sameAs":["https:\/\/www.facebook.com\/HospizhilfeSiegen"]}]}},"_links":{"self":[{"href":"https:\/\/www.hospizhilfe-siegen.de\/index.php?rest_route=\/wp\/v2\/pages\/197","targetHints":{"allow":["GET"]}}],"collection":[{"href":"https:\/\/www.hospizhilfe-siegen.de\/index.php?rest_route=\/wp\/v2\/pages"}],"about":[{"href":"https:\/\/www.hospizhilfe-siegen.de\/index.php?rest_route=\/wp\/v2\/types\/page"}],"author":[{"embeddable":true,"href":"https:\/\/www.hospizhilfe-siegen.de\/index.php?rest_route=\/wp\/v2\/users\/2"}],"replies":[{"embeddable":true,"href":"https:\/\/www.hospizhilfe-siegen.de\/index.php?rest_route=%2Fwp%2Fv2%2Fcomments&post=197"}],"version-history":[{"count":15,"href":"https:\/\/www.hospizhilfe-siegen.de\/index.php?rest_route=\/wp\/v2\/pages\/197\/revisions"}],"predecessor-version":[{"id":2243,"href":"https:\/\/www.hospizhilfe-siegen.de\/index.php?rest_route=\/wp\/v2\/pages\/197\/revisions\/2243"}],"up":[{"embeddable":true,"href":"https:\/\/www.hospizhilfe-siegen.de\/index.php?rest_route=\/wp\/v2\/pages\/178"}],"wp:attachment":[{"href":"https:\/\/www.hospizhilfe-siegen.de\/index.php?rest_route=%2Fwp%2Fv2%2Fmedia&parent=197"}],"curies":[{"name":"wp","href":"https:\/\/api.w.org\/{rel}","templated":true}]}}