{"id":199,"date":"2017-03-22T13:25:29","date_gmt":"2017-03-22T13:25:29","guid":{"rendered":"https:\/\/www.hospizhilfe-siegen.de\/?page_id=199"},"modified":"2023-09-28T18:19:26","modified_gmt":"2023-09-28T18:19:26","slug":"gedichte","status":"publish","type":"page","link":"https:\/\/www.hospizhilfe-siegen.de\/?page_id=199","title":{"rendered":"Gedichte"},"content":{"rendered":"\n<figure class=\"wp-block-image size-large\"><img loading=\"lazy\" decoding=\"async\" width=\"1024\" height=\"340\" src=\"https:\/\/www.hospizhilfe-siegen.de\/wp-content\/uploads\/2022\/06\/20220622_173331-scaled-e1656493112324-1024x340.jpg\" alt=\"\" class=\"wp-image-3001\" srcset=\"https:\/\/www.hospizhilfe-siegen.de\/wp-content\/uploads\/2022\/06\/20220622_173331-scaled-e1656493112324-1024x340.jpg 1024w, https:\/\/www.hospizhilfe-siegen.de\/wp-content\/uploads\/2022\/06\/20220622_173331-scaled-e1656493112324-300x100.jpg 300w, https:\/\/www.hospizhilfe-siegen.de\/wp-content\/uploads\/2022\/06\/20220622_173331-scaled-e1656493112324-768x255.jpg 768w, https:\/\/www.hospizhilfe-siegen.de\/wp-content\/uploads\/2022\/06\/20220622_173331-scaled-e1656493112324-1536x511.jpg 1536w, https:\/\/www.hospizhilfe-siegen.de\/wp-content\/uploads\/2022\/06\/20220622_173331-scaled-e1656493112324-2048x681.jpg 2048w\" sizes=\"auto, (max-width: 1024px) 100vw, 1024px\" \/><\/figure>\n\n\n\n<p><strong>Friede<\/strong><\/p>\n\n\n\n<div class=\"wp-block-group is-layout-flow wp-block-group-is-layout-flow\">\n<div class=\"wp-block-columns is-layout-flex wp-container-core-columns-is-layout-28f84493 wp-block-columns-is-layout-flex\">\n<div class=\"wp-block-column is-layout-flow wp-block-column-is-layout-flow\" style=\"flex-basis:50%\">\n<div class=\"wp-block-group is-layout-flow wp-block-group-is-layout-flow\">\n<div class=\"wp-block-group is-layout-flow wp-block-group-is-layout-flow\">\n<div class=\"wp-block-group is-nowrap is-layout-flex wp-container-core-group-is-layout-6c531013 wp-block-group-is-layout-flex\">\n<p>Friede?<\/p>\n<\/div>\n\n\n\n<p>Welcher Friede?<\/p>\n\n\n\n<p>Wie soll ich je wieder Frieden finden?<br>Ich befinde mich mitten im Kampf &#8211;<br>in dem h\u00e4rtesten Kampf meines Lebens-<br>in dem Kampf meines \u00dcberlebens.<\/p>\n\n\n\n<p>Friede?<\/p>\n\n\n\n<p>Wie soll ich je wieder Frieden finden?<\/p>\n\n\n\n<p>&#8211; die Zeit wird es heilen<br>&#8211; es ist besser f\u00fcr ihn<br>&#8211; wer wei\u00df, was ihr alles erspart blieb<br>&#8211; du wirst dar\u00fcber hinwegkommen<br>&#8211; du bist noch jung<\/p>\n\n\n\n<p>H\u00f6rt ihr euch selbst?<\/p>\n\n\n\n<p>Ihr habt keine Ahnung von meinem Kampf.<br>Ihr seid voller Angst vor meiner Trauer.<br>Ihr wollt, dass <strong>ich<\/strong> wieder funktioniere,<br>damit es <strong>euch<\/strong> besser geht.<\/p>\n\n\n\n<p>Friede!<\/p>\n\n\n\n<p>Seit du nicht mehr da bist,<br>ist mein Leben ein einziger Kampf,<br>ein einziges Schlachtfeld.<br>Ich k\u00e4mpfe f\u00fcr und gegen alles,<br>an allen Fronten.<br>Ich bin eingekesselt.<br>Ich f\u00fchle mich verloren, verraten, verlassen.<br>Man schl\u00e4gt auf mich ein mit<br>\u201elieb gemeinten\u201c Phrasen.<br><br><\/p>\n\n\n\n<p><\/p>\n<\/div>\n<\/div>\n<\/div>\n\n\n\n<div class=\"wp-block-column is-layout-flow wp-block-column-is-layout-flow\" style=\"flex-basis:50%\">\n<p> <p>Und ich? Ich ziehe mich zur\u00fcck. <\/p><\/p>\n\n\n\n<p><p>Seit du nicht mehr da bist,<br>kann ich nur noch \u00fcberleben.<br><br>Nehmt mich wahr<br>und nehmt mich ernst in meinem Kampf,<br>in meiner Trauer.<\/p><\/p>\n\n\n\n<p><p>Lasst mir Zeit.<br>Lasst mir alle meine Tr\u00e4nen.<br>Lasst mir meinen tiefen Schmerz.<br>Lasst mir meine Wut.<br>Lasst mir meine Verletztheit<\/p><\/p>\n\n\n\n<p><p>Gebt mir einfach Zeit \u2013<br>viel Zeit.<br>Seid f\u00fcr mich da &#8211;<br>einfach da.<br>Redet nicht auf mich ein &#8211;<br>h\u00f6rt zu &#8211;<br>h\u00f6rt einfach zu.<\/p><\/p>\n\n\n\n<p><p>Vielleicht d\u00fcrft ihr mich umarmen &#8211;<br>\u00a0irgendwann.<br>\u00a0Und dann haltet mich &#8211;<br>\u00a0haltet mich einfach fest &#8211;<br>\u00a0ohne Worte.<br><br>Gebt mir die Zeit zu trauern &#8211;<br>haltet es mit mir aus &#8211;<br>haltet mich aus.<br>Dann kann der Friede kommen.<br>Mein Friede.<br>Mein innerer Friede.<\/p>   <p>\u00a0\u00a0\u00a0\u00a0\u00a0\u00a0\u00a0\u00a0\u00a0\u00a0\u00a0\u00a0\u00a0\u00a0\u00a0\u00a0\u00a0\u00a0\u00a0\u00a0\u00a0\u00a0\u00a0\u00a0\u00a0\u00a0\u00a0\u00a0\u00a0\u00a0\u00a0\u00a0\u00a0\u00a0\u00a0\u00a0\u00a0\u00a0\u00a0\u00a0\u00a0\u00a0\u00a0\u00a0\u00a0\u00a0 \u00a0mes <\/p> <\/p>\n<\/div>\n<\/div>\n<\/div>\n\n\n\n<figure class=\"wp-block-image\"><img loading=\"lazy\" decoding=\"async\" width=\"1024\" height=\"293\" src=\"https:\/\/www.hospizhilfe-siegen.de\/wp-content\/uploads\/2017\/03\/aquarell-1024x293.jpg\" alt=\"Ambulante \u00f6kumenische Hospizhilfe Siegen Aquarell\" class=\"wp-image-75\" srcset=\"https:\/\/www.hospizhilfe-siegen.de\/wp-content\/uploads\/2017\/03\/aquarell-1024x293.jpg 1024w, https:\/\/www.hospizhilfe-siegen.de\/wp-content\/uploads\/2017\/03\/aquarell-300x86.jpg 300w, https:\/\/www.hospizhilfe-siegen.de\/wp-content\/uploads\/2017\/03\/aquarell-768x219.jpg 768w, https:\/\/www.hospizhilfe-siegen.de\/wp-content\/uploads\/2017\/03\/aquarell.jpg 1400w\" sizes=\"auto, (max-width: 1024px) 100vw, 1024px\" \/><\/figure>\n\n\n\n<p>wenn es soweit sein wird<br> mit mir<br> brauche ich den Engel<br> in dir<\/p>\n\n\n\n<p>bleibe still neben mir<br> in dem Raum<br> jag den Spuk, der mich schreckt<br> aus dem Traum<\/p>\n\n\n\n<p>sing ein Lied vor dich hin<br> das ich mag<br> und erz\u00e4hle was war<br> manchen Tag<br><em><br>Friedrich Karl Barth<\/em><\/p>\n\n\n\n<figure class=\"wp-block-image alignleft is-resized\"><img loading=\"lazy\" decoding=\"async\" src=\"https:\/\/www.hospizhilfe-siegen.de\/wp-content\/uploads\/2018\/03\/Bachlauf1-300x198.jpg\" alt=\"Ausbildung, Sterbebegleitung\" class=\"wp-image-875\" width=\"350\" height=\"231\" srcset=\"https:\/\/www.hospizhilfe-siegen.de\/wp-content\/uploads\/2018\/03\/Bachlauf1-300x198.jpg 300w, https:\/\/www.hospizhilfe-siegen.de\/wp-content\/uploads\/2018\/03\/Bachlauf1-768x507.jpg 768w, https:\/\/www.hospizhilfe-siegen.de\/wp-content\/uploads\/2018\/03\/Bachlauf1.jpg 940w\" sizes=\"auto, (max-width: 350px) 100vw, 350px\" \/><\/figure>\n\n\n\n<p><strong>Die Wasseramsel<\/strong><br>Nur einmal<br>hat sich die Wasseramsel gezeigt.<br>Es strahlte<br>das Wei\u00df an ihrer Brust.<br>Wo sie hinabgetaucht ist,<br>kann uns der Flu\u00df<br>nie wieder dunkel werden.<br><em>Christina Busta<\/em><\/p>\n\n\n\n<!--more-->\n\n\n\n<p><br><strong>Memento<br><\/strong>Vor meinem eignen Tod ist mir nicht bang,<br>Nur vor dem Tode derer, die mir nah sind.<br>Wie soll ich leben, wenn sie nicht mehr da sind?<br>Allein im Nebel tast ich todentlang<br>Und la\u00df mich willig in das Dunkel treiben.<br>Das Gehen schmerzt nicht halb so wie das Bleiben.<br>Der wei\u00df es wohl, dem gleiches widerfuhr;<br>Und die es trugen, m\u00f6gen mir vergeben.<br>Bedenkt: den eignen Tod, den stirbt man nur,<br>doch mit dem Tod der andern mu\u00df man leben.<br><em>Mascha Kal\u00e9ko<\/em><\/p>\n\n\n\n<p><strong>Meine beiden Gesichter<br><\/strong>Geht es dir gut,<br>werde ich gefragt<br>im Vor\u00fcbergehn.<br>Doch, gut, sage ich<br>und zeige<br>das passende Gesicht:<br>mein gutgehendes Gesicht.<br>Mein anderes Gesicht<br>verberge ich liebevoll<br>unter meiner Kleidung.<br>Zuhause ziehe ich<br>mich aus.<br>Dann darf es<br>seine Trauer tragen.<br><em>Renate Salzbrenner<\/em><\/p>\n\n\n\n<p><strong>Hoffnung<br><\/strong>Nein<br>ich bin meiner Sache nicht sicher<br>was das Ende betrifft<br>das Sterben das Grab das Vergehn<br>und den unaufhaltsamen Tod<br>der mich aufzehren wird<br>und austilgt f\u00fcr immer<br>daran ist kein Zweifel<br>Und doch bin ich manchmal nicht sicher<br>und zweifle am Augenschein<br>und denke nach<br>ob nicht doch etwas bleibt<br>von dem was ich war ob nicht doch<br>im grauen Ger\u00f6ll in dem Staub<br>in dem Tod eine Spur sich<br>unvergessen erh\u00e4lt<br>ob nicht doch einer ist<br>der mich ruft mit Namen vielleicht<br>der mir sagt dass ich bin<br>dass ich sein soll f\u00fcr immer<br>und leben werde mit ihm<br>Nein<br>ich bin meiner Sache nicht sicher<br>was das Ende betrifft und den Tod<br>gegen den Augenschein<br>hoff ich auf Ihn.<br><em>Lothar Zenetti<\/em><\/p>\n\n\n\n<h2 class=\"wp-block-heading\"><strong>Zitate<\/strong><\/h2>\n\n\n\n<p>&#8222;Happiness can be found even in the darkest of times,<br>if one only remembers to turn on the light.&#8220;<br><em>Albus Dumbledore (Harry Potter, J.K. Rowling)<\/em><\/p>\n\n\n\n<p><\/p>\n\n\n\n<p>Leben ist wie Schnee, Du kannst ihn nicht bewahren.<br>Trost ist, dass Du da warst, Stunden, Monate, Jahre.<br><em>(Herman van Veen)<\/em><\/p>\n\n\n\n<hr class=\"wp-block-separator has-alpha-channel-opacity\"\/>\n\n\n\n<hr class=\"wp-block-separator has-alpha-channel-opacity\"\/>\n\n\n\n<div class=\"wp-block-media-text alignwide has-media-on-the-right is-stacked-on-mobile is-vertically-aligned-top\"><div class=\"wp-block-media-text__content\">\n<p><a><strong><em>Lebens-Netze,<br>die uns tragen!<\/em><\/strong><em><\/em><\/a><\/p>\n\n\n\n<p><em>Die Ausdauer, die Zuversicht, dass alles gelingt, die Geduld einer Spinne,<br>all das w\u00fcnschte ich mir.<\/em><\/p>\n\n\n\n<p><em>Das Netz meines Lebens, im Laufe all der Jahre mal m\u00fchselig, mal unter schweren Lasten, mal leicht und fr\u00f6hlich, gesponnen.<\/em><\/p>\n\n\n\n<p><em>An manchen Stellen grobmaschig,<br>durchl\u00e4ssig, dann wieder engmaschig und filigran.<\/em><\/p>\n\n\n\n<p><em>Und doch hat es mich all die Jahre getragen.<br>Hat vielen St\u00fcrmen standgehalten, so manchen Regenschauer \u00fcberlebt.<\/em><\/p>\n\n\n\n<p><em>Der eine oder andere Faden ging verloren, verfing sich im Netz, trotzdem blieb es stabil und fest.<\/em><\/p>\n\n\n\n<p><em>Tragf\u00e4hig.<\/em><\/p>\n\n\n\n<p><em>Doch mit dem letzten Hagelsturm,<br>mit deinem Tod,<br>da ist mein Lebensnetz zerrissen.<\/em><\/p>\n\n\n\n<p><em>Nun klafft ein Loch, das Netz, es droht zum Spielball der Naturgewalten zu werden,<br>droht mich in die Tiefe, in das Nichts fallen zu lassen.<\/em><\/p>\n\n\n\n<p><em>Doch nichts geschieht.<\/em><\/p>\n\n\n\n<p><em>Der Sturm vergeht, die Stille kommt.<\/em><\/p>\n\n\n\n<p><em>Die Tragf\u00e4den meines Lebensnetzes sind weiter fest verankert.<\/em><\/p>\n\n\n\n<p><em>Ich werde gehalten.<\/em><\/p>\n\n\n\n<p><em>Die klaffende L\u00fccke bleibt,<br>doch das Netz tr\u00e4gt.<br>Und ich beginne langsam die Tragf\u00e4den meines Lebensnetzes zu stabilisieren,<br>lerne mit der L\u00fccke und um die L\u00fccke herum, mein Netz weiter und neu zu spinnen.<br>Lebensnetz.<br>Auffangnetz.&nbsp;&nbsp;&nbsp;&nbsp;&nbsp;&nbsp;&nbsp;&nbsp;<br>Halt und Geborgenheit.<\/em><\/p>\n\n\n\n<p>\u00a0\u00a0\u00a0\u00a0\u00a0\u00a0\u00a0\u00a0\u00a0\u00a0\u00a0\u00a0\u00a0\u00a0\u00a0\u00a0\u00a0\u00a0\u00a0\u00a0\u00a0\u00a0\u00a0\u00a0\u00a0\u00a0\u00a0\u00a0\u00a0\u00a0\u00a0\u00a0\u00a0\u00a0\u00a0\u00a0\u00a0\u00a0\u00a0\u00a0\u00a0\u00a0\u00a0\u00a0\u00a0\u00a0\u00a0\u00a0\u00a0\u00a0 (mes 6\/23) <\/p>\n\n\n\n<p>Bildquelle: Pixabay<\/p>\n<\/div><figure class=\"wp-block-media-text__media\"><img loading=\"lazy\" decoding=\"async\" width=\"1024\" height=\"682\" src=\"https:\/\/www.hospizhilfe-siegen.de\/wp-content\/uploads\/2023\/09\/spider-web-gb3569e8ed_1280-Flyer-1024x682.jpg\" alt=\"\" class=\"wp-image-3517 size-full\" srcset=\"https:\/\/www.hospizhilfe-siegen.de\/wp-content\/uploads\/2023\/09\/spider-web-gb3569e8ed_1280-Flyer-1024x682.jpg 1024w, https:\/\/www.hospizhilfe-siegen.de\/wp-content\/uploads\/2023\/09\/spider-web-gb3569e8ed_1280-Flyer-300x200.jpg 300w, https:\/\/www.hospizhilfe-siegen.de\/wp-content\/uploads\/2023\/09\/spider-web-gb3569e8ed_1280-Flyer-768x512.jpg 768w, https:\/\/www.hospizhilfe-siegen.de\/wp-content\/uploads\/2023\/09\/spider-web-gb3569e8ed_1280-Flyer.jpg 1280w\" sizes=\"auto, (max-width: 1024px) 100vw, 1024px\" \/><\/figure><\/div>\n","protected":false},"excerpt":{"rendered":"<p>Friede Friede? Welcher Friede? Wie soll ich je wieder Frieden finden?Ich befinde mich mitten im Kampf &#8211;in dem h\u00e4rtesten Kampf meines Lebens-in dem Kampf meines \u00dcberlebens. Friede? Wie soll ich je wieder Frieden finden? &#8211; die Zeit wird es heilen&#8211;<\/p>\n","protected":false},"author":2,"featured_media":0,"parent":178,"menu_order":0,"comment_status":"closed","ping_status":"closed","template":"","meta":{"_mc_calendar":[],"footnotes":""},"class_list":["post-199","page","type-page","status-publish","hentry"],"yoast_head":"<!-- This site is optimized with the Yoast SEO plugin v26.3 - https:\/\/yoast.com\/wordpress\/plugins\/seo\/ -->\n<title>Gedichte - hospizhilfe siegen<\/title>\n<meta name=\"robots\" content=\"index, follow, max-snippet:-1, max-image-preview:large, max-video-preview:-1\" \/>\n<link rel=\"canonical\" href=\"https:\/\/www.hospizhilfe-siegen.de\/?page_id=199\" \/>\n<meta property=\"og:locale\" content=\"de_DE\" \/>\n<meta property=\"og:type\" content=\"article\" \/>\n<meta property=\"og:title\" content=\"Gedichte - hospizhilfe siegen\" \/>\n<meta property=\"og:description\" content=\"Friede Friede? Welcher Friede? Wie soll ich je wieder Frieden finden?Ich befinde mich mitten im Kampf &#8211;in dem h\u00e4rtesten Kampf meines Lebens-in dem Kampf meines \u00dcberlebens. Friede? Wie soll ich je wieder Frieden finden? &#8211; die Zeit wird es heilen&#8211;\" \/>\n<meta property=\"og:url\" content=\"https:\/\/www.hospizhilfe-siegen.de\/?page_id=199\" \/>\n<meta property=\"og:site_name\" content=\"hospizhilfe siegen\" \/>\n<meta property=\"article:publisher\" content=\"https:\/\/www.facebook.com\/HospizhilfeSiegen\" \/>\n<meta property=\"article:modified_time\" content=\"2023-09-28T18:19:26+00:00\" \/>\n<meta property=\"og:image\" content=\"https:\/\/www.hospizhilfe-siegen.de\/wp-content\/uploads\/2022\/06\/20220622_173331-scaled-e1656493112324-1024x340.jpg\" \/>\n<meta name=\"twitter:card\" content=\"summary_large_image\" \/>\n<meta name=\"twitter:label1\" content=\"Gesch\u00e4tzte Lesezeit\" \/>\n\t<meta name=\"twitter:data1\" content=\"6\u00a0Minuten\" \/>\n<script type=\"application\/ld+json\" class=\"yoast-schema-graph\">{\"@context\":\"https:\/\/schema.org\",\"@graph\":[{\"@type\":\"WebPage\",\"@id\":\"https:\/\/www.hospizhilfe-siegen.de\/?page_id=199\",\"url\":\"https:\/\/www.hospizhilfe-siegen.de\/?page_id=199\",\"name\":\"Gedichte - hospizhilfe siegen\",\"isPartOf\":{\"@id\":\"https:\/\/www.hospizhilfe-siegen.de\/#website\"},\"primaryImageOfPage\":{\"@id\":\"https:\/\/www.hospizhilfe-siegen.de\/?page_id=199#primaryimage\"},\"image\":{\"@id\":\"https:\/\/www.hospizhilfe-siegen.de\/?page_id=199#primaryimage\"},\"thumbnailUrl\":\"https:\/\/www.hospizhilfe-siegen.de\/wp-content\/uploads\/2022\/06\/20220622_173331-scaled-e1656493112324-1024x340.jpg\",\"datePublished\":\"2017-03-22T13:25:29+00:00\",\"dateModified\":\"2023-09-28T18:19:26+00:00\",\"breadcrumb\":{\"@id\":\"https:\/\/www.hospizhilfe-siegen.de\/?page_id=199#breadcrumb\"},\"inLanguage\":\"de\",\"potentialAction\":[{\"@type\":\"ReadAction\",\"target\":[\"https:\/\/www.hospizhilfe-siegen.de\/?page_id=199\"]}]},{\"@type\":\"ImageObject\",\"inLanguage\":\"de\",\"@id\":\"https:\/\/www.hospizhilfe-siegen.de\/?page_id=199#primaryimage\",\"url\":\"https:\/\/www.hospizhilfe-siegen.de\/wp-content\/uploads\/2022\/06\/20220622_173331-scaled-e1656493112324.jpg\",\"contentUrl\":\"https:\/\/www.hospizhilfe-siegen.de\/wp-content\/uploads\/2022\/06\/20220622_173331-scaled-e1656493112324.jpg\",\"width\":2560,\"height\":851},{\"@type\":\"BreadcrumbList\",\"@id\":\"https:\/\/www.hospizhilfe-siegen.de\/?page_id=199#breadcrumb\",\"itemListElement\":[{\"@type\":\"ListItem\",\"position\":1,\"name\":\"Startseite\",\"item\":\"https:\/\/www.hospizhilfe-siegen.de\/\"},{\"@type\":\"ListItem\",\"position\":2,\"name\":\"f\u00fcr Angeh\u00f6rige\",\"item\":\"https:\/\/www.hospizhilfe-siegen.de\/?page_id=21\"},{\"@type\":\"ListItem\",\"position\":3,\"name\":\"Zum Nachdenken\",\"item\":\"https:\/\/www.hospizhilfe-siegen.de\/?page_id=178\"},{\"@type\":\"ListItem\",\"position\":4,\"name\":\"Gedichte\"}]},{\"@type\":\"WebSite\",\"@id\":\"https:\/\/www.hospizhilfe-siegen.de\/#website\",\"url\":\"https:\/\/www.hospizhilfe-siegen.de\/\",\"name\":\"hospizhilfe siegen\",\"description\":\"\",\"publisher\":{\"@id\":\"https:\/\/www.hospizhilfe-siegen.de\/#organization\"},\"potentialAction\":[{\"@type\":\"SearchAction\",\"target\":{\"@type\":\"EntryPoint\",\"urlTemplate\":\"https:\/\/www.hospizhilfe-siegen.de\/?s={search_term_string}\"},\"query-input\":{\"@type\":\"PropertyValueSpecification\",\"valueRequired\":true,\"valueName\":\"search_term_string\"}}],\"inLanguage\":\"de\"},{\"@type\":\"Organization\",\"@id\":\"https:\/\/www.hospizhilfe-siegen.de\/#organization\",\"name\":\"Ambulante \u00f6kumenische Hospizhilfe Siegen e.V.\",\"url\":\"https:\/\/www.hospizhilfe-siegen.de\/\",\"logo\":{\"@type\":\"ImageObject\",\"inLanguage\":\"de\",\"@id\":\"https:\/\/www.hospizhilfe-siegen.de\/#\/schema\/logo\/image\/\",\"url\":\"https:\/\/www.hospizhilfe-siegen.de\/wp-content\/uploads\/2017\/03\/logo_400.jpg\",\"contentUrl\":\"https:\/\/www.hospizhilfe-siegen.de\/wp-content\/uploads\/2017\/03\/logo_400.jpg\",\"width\":407,\"height\":159,\"caption\":\"Ambulante \u00f6kumenische Hospizhilfe Siegen e.V.\"},\"image\":{\"@id\":\"https:\/\/www.hospizhilfe-siegen.de\/#\/schema\/logo\/image\/\"},\"sameAs\":[\"https:\/\/www.facebook.com\/HospizhilfeSiegen\"]}]}<\/script>\n<!-- \/ Yoast SEO plugin. -->","yoast_head_json":{"title":"Gedichte - hospizhilfe siegen","robots":{"index":"index","follow":"follow","max-snippet":"max-snippet:-1","max-image-preview":"max-image-preview:large","max-video-preview":"max-video-preview:-1"},"canonical":"https:\/\/www.hospizhilfe-siegen.de\/?page_id=199","og_locale":"de_DE","og_type":"article","og_title":"Gedichte - hospizhilfe siegen","og_description":"Friede Friede? Welcher Friede? Wie soll ich je wieder Frieden finden?Ich befinde mich mitten im Kampf &#8211;in dem h\u00e4rtesten Kampf meines Lebens-in dem Kampf meines \u00dcberlebens. Friede? Wie soll ich je wieder Frieden finden? &#8211; die Zeit wird es heilen&#8211;","og_url":"https:\/\/www.hospizhilfe-siegen.de\/?page_id=199","og_site_name":"hospizhilfe siegen","article_publisher":"https:\/\/www.facebook.com\/HospizhilfeSiegen","article_modified_time":"2023-09-28T18:19:26+00:00","og_image":[{"url":"https:\/\/www.hospizhilfe-siegen.de\/wp-content\/uploads\/2022\/06\/20220622_173331-scaled-e1656493112324-1024x340.jpg","type":"","width":"","height":""}],"twitter_card":"summary_large_image","twitter_misc":{"Gesch\u00e4tzte Lesezeit":"6\u00a0Minuten"},"schema":{"@context":"https:\/\/schema.org","@graph":[{"@type":"WebPage","@id":"https:\/\/www.hospizhilfe-siegen.de\/?page_id=199","url":"https:\/\/www.hospizhilfe-siegen.de\/?page_id=199","name":"Gedichte - hospizhilfe siegen","isPartOf":{"@id":"https:\/\/www.hospizhilfe-siegen.de\/#website"},"primaryImageOfPage":{"@id":"https:\/\/www.hospizhilfe-siegen.de\/?page_id=199#primaryimage"},"image":{"@id":"https:\/\/www.hospizhilfe-siegen.de\/?page_id=199#primaryimage"},"thumbnailUrl":"https:\/\/www.hospizhilfe-siegen.de\/wp-content\/uploads\/2022\/06\/20220622_173331-scaled-e1656493112324-1024x340.jpg","datePublished":"2017-03-22T13:25:29+00:00","dateModified":"2023-09-28T18:19:26+00:00","breadcrumb":{"@id":"https:\/\/www.hospizhilfe-siegen.de\/?page_id=199#breadcrumb"},"inLanguage":"de","potentialAction":[{"@type":"ReadAction","target":["https:\/\/www.hospizhilfe-siegen.de\/?page_id=199"]}]},{"@type":"ImageObject","inLanguage":"de","@id":"https:\/\/www.hospizhilfe-siegen.de\/?page_id=199#primaryimage","url":"https:\/\/www.hospizhilfe-siegen.de\/wp-content\/uploads\/2022\/06\/20220622_173331-scaled-e1656493112324.jpg","contentUrl":"https:\/\/www.hospizhilfe-siegen.de\/wp-content\/uploads\/2022\/06\/20220622_173331-scaled-e1656493112324.jpg","width":2560,"height":851},{"@type":"BreadcrumbList","@id":"https:\/\/www.hospizhilfe-siegen.de\/?page_id=199#breadcrumb","itemListElement":[{"@type":"ListItem","position":1,"name":"Startseite","item":"https:\/\/www.hospizhilfe-siegen.de\/"},{"@type":"ListItem","position":2,"name":"f\u00fcr Angeh\u00f6rige","item":"https:\/\/www.hospizhilfe-siegen.de\/?page_id=21"},{"@type":"ListItem","position":3,"name":"Zum Nachdenken","item":"https:\/\/www.hospizhilfe-siegen.de\/?page_id=178"},{"@type":"ListItem","position":4,"name":"Gedichte"}]},{"@type":"WebSite","@id":"https:\/\/www.hospizhilfe-siegen.de\/#website","url":"https:\/\/www.hospizhilfe-siegen.de\/","name":"hospizhilfe siegen","description":"","publisher":{"@id":"https:\/\/www.hospizhilfe-siegen.de\/#organization"},"potentialAction":[{"@type":"SearchAction","target":{"@type":"EntryPoint","urlTemplate":"https:\/\/www.hospizhilfe-siegen.de\/?s={search_term_string}"},"query-input":{"@type":"PropertyValueSpecification","valueRequired":true,"valueName":"search_term_string"}}],"inLanguage":"de"},{"@type":"Organization","@id":"https:\/\/www.hospizhilfe-siegen.de\/#organization","name":"Ambulante \u00f6kumenische Hospizhilfe Siegen e.V.","url":"https:\/\/www.hospizhilfe-siegen.de\/","logo":{"@type":"ImageObject","inLanguage":"de","@id":"https:\/\/www.hospizhilfe-siegen.de\/#\/schema\/logo\/image\/","url":"https:\/\/www.hospizhilfe-siegen.de\/wp-content\/uploads\/2017\/03\/logo_400.jpg","contentUrl":"https:\/\/www.hospizhilfe-siegen.de\/wp-content\/uploads\/2017\/03\/logo_400.jpg","width":407,"height":159,"caption":"Ambulante \u00f6kumenische Hospizhilfe Siegen e.V."},"image":{"@id":"https:\/\/www.hospizhilfe-siegen.de\/#\/schema\/logo\/image\/"},"sameAs":["https:\/\/www.facebook.com\/HospizhilfeSiegen"]}]}},"_links":{"self":[{"href":"https:\/\/www.hospizhilfe-siegen.de\/index.php?rest_route=\/wp\/v2\/pages\/199","targetHints":{"allow":["GET"]}}],"collection":[{"href":"https:\/\/www.hospizhilfe-siegen.de\/index.php?rest_route=\/wp\/v2\/pages"}],"about":[{"href":"https:\/\/www.hospizhilfe-siegen.de\/index.php?rest_route=\/wp\/v2\/types\/page"}],"author":[{"embeddable":true,"href":"https:\/\/www.hospizhilfe-siegen.de\/index.php?rest_route=\/wp\/v2\/users\/2"}],"replies":[{"embeddable":true,"href":"https:\/\/www.hospizhilfe-siegen.de\/index.php?rest_route=%2Fwp%2Fv2%2Fcomments&post=199"}],"version-history":[{"count":18,"href":"https:\/\/www.hospizhilfe-siegen.de\/index.php?rest_route=\/wp\/v2\/pages\/199\/revisions"}],"predecessor-version":[{"id":3526,"href":"https:\/\/www.hospizhilfe-siegen.de\/index.php?rest_route=\/wp\/v2\/pages\/199\/revisions\/3526"}],"up":[{"embeddable":true,"href":"https:\/\/www.hospizhilfe-siegen.de\/index.php?rest_route=\/wp\/v2\/pages\/178"}],"wp:attachment":[{"href":"https:\/\/www.hospizhilfe-siegen.de\/index.php?rest_route=%2Fwp%2Fv2%2Fmedia&parent=199"}],"curies":[{"name":"wp","href":"https:\/\/api.w.org\/{rel}","templated":true}]}}