{"id":207,"date":"2017-03-22T13:26:56","date_gmt":"2017-03-22T13:26:56","guid":{"rendered":"https:\/\/www.hospizhilfe-siegen.de\/?page_id=207"},"modified":"2024-05-15T08:25:44","modified_gmt":"2024-05-15T08:25:44","slug":"ehrenamt","status":"publish","type":"page","link":"https:\/\/www.hospizhilfe-siegen.de\/?page_id=207","title":{"rendered":"Ehrenamt &#8211; f\u00fcr den Anderen da sein"},"content":{"rendered":"\n<figure class=\"wp-block-image alignnone size-large wp-image-871\"><img loading=\"lazy\" decoding=\"async\" width=\"1024\" height=\"643\" src=\"https:\/\/www.hospizhilfe-siegen.de\/wp-content\/uploads\/2024\/04\/Zertifikate-2024-1024x643.jpg\" alt=\"\" class=\"wp-image-3642\" srcset=\"https:\/\/www.hospizhilfe-siegen.de\/wp-content\/uploads\/2024\/04\/Zertifikate-2024-1024x643.jpg 1024w, https:\/\/www.hospizhilfe-siegen.de\/wp-content\/uploads\/2024\/04\/Zertifikate-2024-300x188.jpg 300w, https:\/\/www.hospizhilfe-siegen.de\/wp-content\/uploads\/2024\/04\/Zertifikate-2024-768x482.jpg 768w, https:\/\/www.hospizhilfe-siegen.de\/wp-content\/uploads\/2024\/04\/Zertifikate-2024-1536x964.jpg 1536w, https:\/\/www.hospizhilfe-siegen.de\/wp-content\/uploads\/2024\/04\/Zertifikate-2024-2048x1285.jpg 2048w\" sizes=\"auto, (max-width: 1024px) 100vw, 1024px\" \/><figcaption class=\"wp-element-caption\">Ausbildungsgruppe 2023\/24<\/figcaption><\/figure>\n\n\n\n<h2 class=\"wp-block-heading\"><strong>F\u00fcr den Menschen da sein und Gemeinschaft erfahren<\/strong><\/h2>\n\n\n\n<p>Ehrenamtlich in der Ambulanten \u00f6kumenischen Hospizhilfe Siegen e.V. t\u00e4tig zu sein, hei\u00dft, die eigene freie Zeit anderen, die Unterst\u00fctzung w\u00fcnschen, zu schenken. H\u00e4ufig sind die Begegnungen mit den Sterbenden und ihren Familien sehr eindr\u00fccklich und pr\u00e4gen das weitere pers\u00f6nliche Leben.<br>Es bedeutet aber auch, die Gemeinschaft und den Austausch mit den anderen ehrenamtlich T\u00e4tigen zu&nbsp;erfahren &#8211; bei Gruppenabenden, Fortbildungen oder gemeinsamen Festen.<br>Viele Ehrenamtliche beschreiben dies f\u00fcr sie als besonders wichtig.<br>J\u00e4hrlich bilden wir eine Gruppe Interessierter zu ehrenamtlichen Mitarbeiterinnen und Mitarbeitern zur Begleitung schwerstkranker und sterbender Menschen und deren Angeh\u00f6rigen aus. <\/p>\n\n\n\n<h2 class=\"wp-block-heading\"><strong>Schulung<\/strong><\/h2>\n\n\n\n<p>Der erste Teil der umfassenden Ausbildung beginnt mit einem Blockseminar am Wochenende. Es folgen der Aufbaukurs und Hospitationen in unterschiedlichen Bereichen. Die Ausbildung geht insgesamt \u00fcber ein halbes Jahr, und findet einmal w\u00f6chentlich statt. Geleitet wird der Ausbildungskurs von den Koordinatorinnen f\u00fcr Ambulante Hospizarbeit beim Caritasverband Siegen-Wittgenstein e.V.<br>Zu speziellen Themen werden externe Referenten eingeladen. Am Ende der Ausbildung erhalten die Teilnehmer*innen ein Zertifikat.<\/p>\n\n\n\n<h2 class=\"wp-block-heading\"><strong>Inhalte der Ausbildung<\/strong><\/h2>\n\n\n\n<p>Inhalte der Ausbildung sind die Auseinandersetzung mit den eigenen Verlusten und das seelische Erleben schwerstkranker und sterbender Menschen. Weitere Themen sind unter anderem die Kommunikation mit Schwerstkranken, Geschichte und Organisation der Hospizarbeit, Palliativmedizin, Schmerztherapie und der hilfreiche Umgang mit Trauernden.<\/p>\n\n\n\n<h2 class=\"wp-block-heading\"><strong>Voraussetzung<\/strong>en<\/h2>\n\n\n\n<p>Die Voraussetzungen f\u00fcr das ehrenamtliche Engagement ist die regelm\u00e4\u00dfige Teilnahme an den Ausbildungstreffen sowie die Bereitschaft, sich in der Gruppe mit der eigenen Biographie auseinanderzusetzen. Wir erwarten, dass Sie nach der Ausbildung ehrenamtlich ca. einmal in der Woche f\u00fcr einige Stunden f\u00fcr eine Begleitung zur Verf\u00fcgung stehen. Vor der Aufnahme in den Ausbildungskurs findet ein Kennenlern-Gespr\u00e4ch statt, in dem die gegenseitigen Erwartungen abgekl\u00e4rt werden und \u00fcber eine Aufnahme entschieden wird.<br>Zum Beginn der Ausbildung wird eine Geb\u00fchr von 150 Euro entrichtet. Diese wird innerhalb eines Jahres nach erfolgreichem Abschluss und Einsatzbereitschaft erstattet.<\/p>\n\n\n\n<h2 class=\"wp-block-heading\"><strong>Einsatzorte<\/strong><\/h2>\n\n\n\n<p>Die ehrenamtlichen Mitarbeiter k\u00f6nnen bei den Sterbenden und deren Angeh\u00f6rigen zuhause, aber auch in Pflegeeinrichtungen oder Krankenh\u00e4usern eingesetzt werden. Dar\u00fcber hinaus k\u00f6nnen die Mitarbeiterinnen und Mitarbeiter bei unterschiedlichen Trauerangeboten t\u00e4tig werden oder auch das Angebot \u201eH\u00f6rst du mich?\u201c des Caritasverbandes Siegen-Wittgenstein e.V. kennenlernen und an einer Schulung zur Familienbegleitung teilnehmen.<\/p>\n\n\n\n<h2 class=\"wp-block-heading\"><strong>Nach der Ausbildung<\/strong><\/h2>\n\n\n\n<p>Die Ehrenamtlichen treffen sich nach der Ausbildung in regelm\u00e4\u00dfigen Gruppentreffen, Fortbildungen und Fallbesprechungen weiterhin zum Austausch.<strong><br><\/strong><\/p>\n\n\n\n<p><a href=\"https:\/\/www.caritas-siegen.de\/2018\/04\/30\/schoen-dass-du-da-bist-ein-hospizbegleiter-erzaehlt-von-seinem-ehrenamt\/https:\/\/www.caritas-siegen.de\/2018\/04\/30\/schoen-dass-du-da-bist-ein-hospizbegleiter-erzaehlt-von-seinem-ehrenamt\/\" target=\"_blank\" rel=\"noopener noreferrer\">Ein Interview mit einem ehrenamtlich T\u00e4tigen k\u00f6nnen Sie hier nachlesen!<\/a><\/p>\n\n\n\n<p><strong>Sollten Sie Interesse an einer ehrenamtlichen T\u00e4tigkeit haben,<br>melden Sie sich gerne jederzeit bei uns:<br>Telefon : 0160 99494056<br>mail : <a href=\"mailto:koordination-hospizarbeit@caritas-siegen.de\">koordination-hospizarbeit@caritas-siegen.de<\/a><\/strong><\/p>\n\n\n\n<figure class=\"wp-block-image size-full\"><img loading=\"lazy\" decoding=\"async\" width=\"1220\" height=\"450\" src=\"https:\/\/www.hospizhilfe-siegen.de\/wp-content\/uploads\/2020\/08\/Aufkleber1220.jpg\" alt=\"Ambulante \u00f6kumenische Hospizhilfe Siegen Aufkleber\" class=\"wp-image-2280\" srcset=\"https:\/\/www.hospizhilfe-siegen.de\/wp-content\/uploads\/2020\/08\/Aufkleber1220.jpg 1220w, https:\/\/www.hospizhilfe-siegen.de\/wp-content\/uploads\/2020\/08\/Aufkleber1220-300x111.jpg 300w, https:\/\/www.hospizhilfe-siegen.de\/wp-content\/uploads\/2020\/08\/Aufkleber1220-1024x378.jpg 1024w, https:\/\/www.hospizhilfe-siegen.de\/wp-content\/uploads\/2020\/08\/Aufkleber1220-768x283.jpg 768w\" sizes=\"auto, (max-width: 1220px) 100vw, 1220px\" \/><\/figure>\n\n\n\n<p><\/p>\n","protected":false},"excerpt":{"rendered":"<p>F\u00fcr den Menschen da sein und Gemeinschaft erfahren Ehrenamtlich in der Ambulanten \u00f6kumenischen Hospizhilfe Siegen e.V. t\u00e4tig zu sein, hei\u00dft, die eigene freie Zeit anderen, die Unterst\u00fctzung w\u00fcnschen, zu schenken. H\u00e4ufig sind die Begegnungen mit den Sterbenden und ihren Familien<\/p>\n","protected":false},"author":2,"featured_media":0,"parent":24,"menu_order":0,"comment_status":"closed","ping_status":"closed","template":"","meta":{"_mc_calendar":[],"footnotes":""},"class_list":["post-207","page","type-page","status-publish","hentry"],"yoast_head":"<!-- This site is optimized with the Yoast SEO plugin v26.3 - https:\/\/yoast.com\/wordpress\/plugins\/seo\/ -->\n<title>Ehrenamt - f\u00fcr den Anderen da sein - hospizhilfe siegen<\/title>\n<meta name=\"robots\" content=\"index, follow, max-snippet:-1, max-image-preview:large, max-video-preview:-1\" \/>\n<link rel=\"canonical\" href=\"https:\/\/www.hospizhilfe-siegen.de\/?page_id=207\" \/>\n<meta property=\"og:locale\" content=\"de_DE\" \/>\n<meta property=\"og:type\" content=\"article\" \/>\n<meta property=\"og:title\" content=\"Ehrenamt - f\u00fcr den Anderen da sein - hospizhilfe siegen\" \/>\n<meta property=\"og:description\" content=\"F\u00fcr den Menschen da sein und Gemeinschaft erfahren Ehrenamtlich in der Ambulanten \u00f6kumenischen Hospizhilfe Siegen e.V. t\u00e4tig zu sein, hei\u00dft, die eigene freie Zeit anderen, die Unterst\u00fctzung w\u00fcnschen, zu schenken. H\u00e4ufig sind die Begegnungen mit den Sterbenden und ihren Familien\" \/>\n<meta property=\"og:url\" content=\"https:\/\/www.hospizhilfe-siegen.de\/?page_id=207\" \/>\n<meta property=\"og:site_name\" content=\"hospizhilfe siegen\" \/>\n<meta property=\"article:publisher\" content=\"https:\/\/www.facebook.com\/HospizhilfeSiegen\" \/>\n<meta property=\"article:modified_time\" content=\"2024-05-15T08:25:44+00:00\" \/>\n<meta property=\"og:image\" content=\"https:\/\/www.hospizhilfe-siegen.de\/wp-content\/uploads\/2024\/04\/Zertifikate-2024-1024x643.jpg\" \/>\n<meta name=\"twitter:card\" content=\"summary_large_image\" \/>\n<meta name=\"twitter:label1\" content=\"Gesch\u00e4tzte Lesezeit\" \/>\n\t<meta name=\"twitter:data1\" content=\"3\u00a0Minuten\" \/>\n<script type=\"application\/ld+json\" class=\"yoast-schema-graph\">{\"@context\":\"https:\/\/schema.org\",\"@graph\":[{\"@type\":\"WebPage\",\"@id\":\"https:\/\/www.hospizhilfe-siegen.de\/?page_id=207\",\"url\":\"https:\/\/www.hospizhilfe-siegen.de\/?page_id=207\",\"name\":\"Ehrenamt - f\u00fcr den Anderen da sein - hospizhilfe siegen\",\"isPartOf\":{\"@id\":\"https:\/\/www.hospizhilfe-siegen.de\/#website\"},\"primaryImageOfPage\":{\"@id\":\"https:\/\/www.hospizhilfe-siegen.de\/?page_id=207#primaryimage\"},\"image\":{\"@id\":\"https:\/\/www.hospizhilfe-siegen.de\/?page_id=207#primaryimage\"},\"thumbnailUrl\":\"https:\/\/www.hospizhilfe-siegen.de\/wp-content\/uploads\/2024\/04\/Zertifikate-2024-1024x643.jpg\",\"datePublished\":\"2017-03-22T13:26:56+00:00\",\"dateModified\":\"2024-05-15T08:25:44+00:00\",\"breadcrumb\":{\"@id\":\"https:\/\/www.hospizhilfe-siegen.de\/?page_id=207#breadcrumb\"},\"inLanguage\":\"de\",\"potentialAction\":[{\"@type\":\"ReadAction\",\"target\":[\"https:\/\/www.hospizhilfe-siegen.de\/?page_id=207\"]}]},{\"@type\":\"ImageObject\",\"inLanguage\":\"de\",\"@id\":\"https:\/\/www.hospizhilfe-siegen.de\/?page_id=207#primaryimage\",\"url\":\"https:\/\/www.hospizhilfe-siegen.de\/wp-content\/uploads\/2024\/04\/Zertifikate-2024-scaled.jpg\",\"contentUrl\":\"https:\/\/www.hospizhilfe-siegen.de\/wp-content\/uploads\/2024\/04\/Zertifikate-2024-scaled.jpg\",\"width\":2560,\"height\":1607},{\"@type\":\"BreadcrumbList\",\"@id\":\"https:\/\/www.hospizhilfe-siegen.de\/?page_id=207#breadcrumb\",\"itemListElement\":[{\"@type\":\"ListItem\",\"position\":1,\"name\":\"Startseite\",\"item\":\"https:\/\/www.hospizhilfe-siegen.de\/\"},{\"@type\":\"ListItem\",\"position\":2,\"name\":\"Wir \u00fcber uns\",\"item\":\"https:\/\/www.hospizhilfe-siegen.de\/?page_id=24\"},{\"@type\":\"ListItem\",\"position\":3,\"name\":\"Ehrenamt &#8211; f\u00fcr den Anderen da sein\"}]},{\"@type\":\"WebSite\",\"@id\":\"https:\/\/www.hospizhilfe-siegen.de\/#website\",\"url\":\"https:\/\/www.hospizhilfe-siegen.de\/\",\"name\":\"hospizhilfe siegen\",\"description\":\"\",\"publisher\":{\"@id\":\"https:\/\/www.hospizhilfe-siegen.de\/#organization\"},\"potentialAction\":[{\"@type\":\"SearchAction\",\"target\":{\"@type\":\"EntryPoint\",\"urlTemplate\":\"https:\/\/www.hospizhilfe-siegen.de\/?s={search_term_string}\"},\"query-input\":{\"@type\":\"PropertyValueSpecification\",\"valueRequired\":true,\"valueName\":\"search_term_string\"}}],\"inLanguage\":\"de\"},{\"@type\":\"Organization\",\"@id\":\"https:\/\/www.hospizhilfe-siegen.de\/#organization\",\"name\":\"Ambulante \u00f6kumenische Hospizhilfe Siegen e.V.\",\"url\":\"https:\/\/www.hospizhilfe-siegen.de\/\",\"logo\":{\"@type\":\"ImageObject\",\"inLanguage\":\"de\",\"@id\":\"https:\/\/www.hospizhilfe-siegen.de\/#\/schema\/logo\/image\/\",\"url\":\"https:\/\/www.hospizhilfe-siegen.de\/wp-content\/uploads\/2017\/03\/logo_400.jpg\",\"contentUrl\":\"https:\/\/www.hospizhilfe-siegen.de\/wp-content\/uploads\/2017\/03\/logo_400.jpg\",\"width\":407,\"height\":159,\"caption\":\"Ambulante \u00f6kumenische Hospizhilfe Siegen e.V.\"},\"image\":{\"@id\":\"https:\/\/www.hospizhilfe-siegen.de\/#\/schema\/logo\/image\/\"},\"sameAs\":[\"https:\/\/www.facebook.com\/HospizhilfeSiegen\"]}]}<\/script>\n<!-- \/ Yoast SEO plugin. -->","yoast_head_json":{"title":"Ehrenamt - f\u00fcr den Anderen da sein - hospizhilfe siegen","robots":{"index":"index","follow":"follow","max-snippet":"max-snippet:-1","max-image-preview":"max-image-preview:large","max-video-preview":"max-video-preview:-1"},"canonical":"https:\/\/www.hospizhilfe-siegen.de\/?page_id=207","og_locale":"de_DE","og_type":"article","og_title":"Ehrenamt - f\u00fcr den Anderen da sein - hospizhilfe siegen","og_description":"F\u00fcr den Menschen da sein und Gemeinschaft erfahren Ehrenamtlich in der Ambulanten \u00f6kumenischen Hospizhilfe Siegen e.V. t\u00e4tig zu sein, hei\u00dft, die eigene freie Zeit anderen, die Unterst\u00fctzung w\u00fcnschen, zu schenken. H\u00e4ufig sind die Begegnungen mit den Sterbenden und ihren Familien","og_url":"https:\/\/www.hospizhilfe-siegen.de\/?page_id=207","og_site_name":"hospizhilfe siegen","article_publisher":"https:\/\/www.facebook.com\/HospizhilfeSiegen","article_modified_time":"2024-05-15T08:25:44+00:00","og_image":[{"url":"https:\/\/www.hospizhilfe-siegen.de\/wp-content\/uploads\/2024\/04\/Zertifikate-2024-1024x643.jpg","type":"","width":"","height":""}],"twitter_card":"summary_large_image","twitter_misc":{"Gesch\u00e4tzte Lesezeit":"3\u00a0Minuten"},"schema":{"@context":"https:\/\/schema.org","@graph":[{"@type":"WebPage","@id":"https:\/\/www.hospizhilfe-siegen.de\/?page_id=207","url":"https:\/\/www.hospizhilfe-siegen.de\/?page_id=207","name":"Ehrenamt - f\u00fcr den Anderen da sein - hospizhilfe siegen","isPartOf":{"@id":"https:\/\/www.hospizhilfe-siegen.de\/#website"},"primaryImageOfPage":{"@id":"https:\/\/www.hospizhilfe-siegen.de\/?page_id=207#primaryimage"},"image":{"@id":"https:\/\/www.hospizhilfe-siegen.de\/?page_id=207#primaryimage"},"thumbnailUrl":"https:\/\/www.hospizhilfe-siegen.de\/wp-content\/uploads\/2024\/04\/Zertifikate-2024-1024x643.jpg","datePublished":"2017-03-22T13:26:56+00:00","dateModified":"2024-05-15T08:25:44+00:00","breadcrumb":{"@id":"https:\/\/www.hospizhilfe-siegen.de\/?page_id=207#breadcrumb"},"inLanguage":"de","potentialAction":[{"@type":"ReadAction","target":["https:\/\/www.hospizhilfe-siegen.de\/?page_id=207"]}]},{"@type":"ImageObject","inLanguage":"de","@id":"https:\/\/www.hospizhilfe-siegen.de\/?page_id=207#primaryimage","url":"https:\/\/www.hospizhilfe-siegen.de\/wp-content\/uploads\/2024\/04\/Zertifikate-2024-scaled.jpg","contentUrl":"https:\/\/www.hospizhilfe-siegen.de\/wp-content\/uploads\/2024\/04\/Zertifikate-2024-scaled.jpg","width":2560,"height":1607},{"@type":"BreadcrumbList","@id":"https:\/\/www.hospizhilfe-siegen.de\/?page_id=207#breadcrumb","itemListElement":[{"@type":"ListItem","position":1,"name":"Startseite","item":"https:\/\/www.hospizhilfe-siegen.de\/"},{"@type":"ListItem","position":2,"name":"Wir \u00fcber uns","item":"https:\/\/www.hospizhilfe-siegen.de\/?page_id=24"},{"@type":"ListItem","position":3,"name":"Ehrenamt &#8211; f\u00fcr den Anderen da sein"}]},{"@type":"WebSite","@id":"https:\/\/www.hospizhilfe-siegen.de\/#website","url":"https:\/\/www.hospizhilfe-siegen.de\/","name":"hospizhilfe siegen","description":"","publisher":{"@id":"https:\/\/www.hospizhilfe-siegen.de\/#organization"},"potentialAction":[{"@type":"SearchAction","target":{"@type":"EntryPoint","urlTemplate":"https:\/\/www.hospizhilfe-siegen.de\/?s={search_term_string}"},"query-input":{"@type":"PropertyValueSpecification","valueRequired":true,"valueName":"search_term_string"}}],"inLanguage":"de"},{"@type":"Organization","@id":"https:\/\/www.hospizhilfe-siegen.de\/#organization","name":"Ambulante \u00f6kumenische Hospizhilfe Siegen e.V.","url":"https:\/\/www.hospizhilfe-siegen.de\/","logo":{"@type":"ImageObject","inLanguage":"de","@id":"https:\/\/www.hospizhilfe-siegen.de\/#\/schema\/logo\/image\/","url":"https:\/\/www.hospizhilfe-siegen.de\/wp-content\/uploads\/2017\/03\/logo_400.jpg","contentUrl":"https:\/\/www.hospizhilfe-siegen.de\/wp-content\/uploads\/2017\/03\/logo_400.jpg","width":407,"height":159,"caption":"Ambulante \u00f6kumenische Hospizhilfe Siegen e.V."},"image":{"@id":"https:\/\/www.hospizhilfe-siegen.de\/#\/schema\/logo\/image\/"},"sameAs":["https:\/\/www.facebook.com\/HospizhilfeSiegen"]}]}},"_links":{"self":[{"href":"https:\/\/www.hospizhilfe-siegen.de\/index.php?rest_route=\/wp\/v2\/pages\/207","targetHints":{"allow":["GET"]}}],"collection":[{"href":"https:\/\/www.hospizhilfe-siegen.de\/index.php?rest_route=\/wp\/v2\/pages"}],"about":[{"href":"https:\/\/www.hospizhilfe-siegen.de\/index.php?rest_route=\/wp\/v2\/types\/page"}],"author":[{"embeddable":true,"href":"https:\/\/www.hospizhilfe-siegen.de\/index.php?rest_route=\/wp\/v2\/users\/2"}],"replies":[{"embeddable":true,"href":"https:\/\/www.hospizhilfe-siegen.de\/index.php?rest_route=%2Fwp%2Fv2%2Fcomments&post=207"}],"version-history":[{"count":32,"href":"https:\/\/www.hospizhilfe-siegen.de\/index.php?rest_route=\/wp\/v2\/pages\/207\/revisions"}],"predecessor-version":[{"id":3655,"href":"https:\/\/www.hospizhilfe-siegen.de\/index.php?rest_route=\/wp\/v2\/pages\/207\/revisions\/3655"}],"up":[{"embeddable":true,"href":"https:\/\/www.hospizhilfe-siegen.de\/index.php?rest_route=\/wp\/v2\/pages\/24"}],"wp:attachment":[{"href":"https:\/\/www.hospizhilfe-siegen.de\/index.php?rest_route=%2Fwp%2Fv2%2Fmedia&parent=207"}],"curies":[{"name":"wp","href":"https:\/\/api.w.org\/{rel}","templated":true}]}}