{"id":209,"date":"2017-03-22T13:27:14","date_gmt":"2017-03-22T13:27:14","guid":{"rendered":"https:\/\/www.hospizhilfe-siegen.de\/?page_id=209"},"modified":"2020-08-11T09:42:01","modified_gmt":"2020-08-11T09:42:01","slug":"verein","status":"publish","type":"page","link":"https:\/\/www.hospizhilfe-siegen.de\/?page_id=209","title":{"rendered":"Verein"},"content":{"rendered":"\n<p>Als ambulanter Hospizdienst wollen wir gemeinsam Menschen am Lebensende und deren Angeh\u00f6rige begleiten. Was das auch immer hei\u00dfen mag und wie das dann konkret gestaltet wird, das ist so verschieden wie die Leben der einzelnen Menschen auch verschieden sind und wie die jeweilige Lebenssituation es gerade erforderlich und m\u00f6glich macht: manch einer w\u00fcnscht sich Gespr\u00e4che, ein anderer m\u00f6chte nicht alleine sein.<br>Gerade auch f\u00fcr Angeh\u00f6rige m\u00f6chten wir da sein. Sie f\u00fchlen sich h\u00e4ufig auf sich allein gestellt und gro\u00dfen Belastungen ausgesetzt. Da k\u00f6nnen wir mit Gespr\u00e4chen und Unterst\u00fctzung in verschiedener Weise helfen.<\/p>\n\n\n\n<p>Alle unsere Mitarbeiterinnen und Mitarbeiter arbeiten ehrenamtlich.<br>Sie engagieren sich in gro\u00dfer Weise in den verschiedenen Bereichen der hospizlichen Arbeit.<br>Neben der Begleitung sterbender Menschen und der Unterst\u00fctzung der Angeh\u00f6rigen bieten wir nun auch schon seit \u00fcber zwanzig Jahren die M\u00f6glichkeit zu Besuchen im Trauercaf\u00e9 an, eine Form f\u00fcr trauernde Menschen, ihrer Trauer Raum zu geben und sich mit anderen \u00fcber Erfahrungen auszutauschen und gemeinsam auf den Weg durch die Trauer zu machen.<\/p>\n\n\n\n<p>Daneben gibt es schon seit vielen Jahren das Projekt\u201eHospiz macht Schule\u201c, mit welchem wir Kinder im Grundschulalter und ihre Familien bereits f\u00fcr einen bewussten Umgang mit Verlusten sensibilisieren wollen.<br>Weitere Angebote sind Einzel- und Gruppengespr\u00e4che f\u00fcr betroffene Menschen, verschiedene Ausstellungen in Siegen ebenso wie das Siegener Hospizgespr\u00e4ch, mit welchem wir seit 2014 verschiedene Themen ins \u00f6ffentliche Bewusstsein bringen wollen.<\/p>\n\n\n\n<p>Das Angebot \u201eH\u00f6rst du mich?\u201c- Hilfe f\u00fcr Kinder lebensbedrohlich erkrankter Eltern, beim Caritasverband Siegen-Wittgenstein e.V. verankert, ist eine konsequente Weiterf\u00fchrung in der Thematik. Es bietet Begleitung und Unterst\u00fctzung f\u00fcr Kinder lebensbedrohlich erkrankter Eltern an. Neben der Verunsicherung, das Thema mit Kindern anzusprechen, bestehen auch Fragen um den Umgang mit Schuld und Sorgen um die Zukunft. Auch hier arbeiten ehrenamtliche Mitarbeiterinnen und Mitarbeiter des Vereins aktiv mit.<\/p>\n\n\n\n<p>Alle ehrenamtlichen Mitarbeiterinnen und Mitarbeiter sind umfangreich ausgebildet und werden sorgf\u00e4ltig auf ihren jeweiligen Dienst vorbereitet. Sie erhalten professionelle Begleitung in regelm\u00e4\u00dfig stattfinden Gruppentreffen, Fortbildungen und Supervision.<br>So kann diese umfangreiche und ebenso anspruchsvolle Arbeit nur geleistet werden, wenn sich gen\u00fcgend Menschen finden und ihre Zeit, ihre Zuwendung und ihr Engagement verschenken.<br>Sie tun das zum Teil aus der \u00dcberzeugung, Gutes zu tun und selbst daraus Kraft und Lebenssinn zu sch\u00f6pfen.<\/p>\n\n\n\n<p><em>&#8222;Wir sind bereits einen langen Weg in der Geschichte der Hospizbewegung mitgegangen.\u201c Mit diesen Worten begr\u00fc\u00dfte Gerrit Ebener-Greis, die 1. Vorsitzende der Ambulanten \u00f6kumenischen Hospizhilfe Siegen e.V. das Publikum zum 10-j\u00e4hrigen Jubil\u00e4um. Rund 100 geladene G\u00e4ste kamen zur Feierstunde der \u00e4ltesten Hospizinitiative im Kreis Siegen-Wittgenstein ins St. Marien-Krankenhaus.<\/em><br>(November 2004)<\/p>\n\n\n\n<p>Bereits 1994 begann eine Gruppe sich mit dem Tod, dem Sterben und der Sterbebegleitung sich pers\u00f6nlich auseinanderzusetzen. Aus dieser Gruppe, die zun\u00e4chst als Initiative zusammenarbeitete, wurde 2001 der Verein der Ambulanten \u00f6kumenischen Hospizhilfe Siegen e.V. gegr\u00fcndet.<\/p>\n\n\n\n<p>Seitdem w\u00e4chst die Nachfrage nach ehrenamtlicher Begleitung, ebenso bilden wir immer wieder neue ehrenamtliche Mitarbeiterinnen und Mitarbeiter in unseren Ausbildungskursen aus.<\/p>\n\n\n\n<p>Im Jahr 2019 wurden rund 100 Sterbende und ihre Angeh\u00f6rigen begleitet. Es waren etwa 60 Ehrenamtliche f\u00fcr den Verein aktiv.<\/p>\n","protected":false},"excerpt":{"rendered":"<p>Als ambulanter Hospizdienst wollen wir gemeinsam Menschen am Lebensende und deren Angeh\u00f6rige begleiten. Was das auch immer hei\u00dfen mag und wie das dann konkret gestaltet wird, das ist so verschieden wie die Leben der einzelnen Menschen auch verschieden sind und<\/p>\n","protected":false},"author":2,"featured_media":0,"parent":24,"menu_order":0,"comment_status":"closed","ping_status":"closed","template":"","meta":{"_mc_calendar":[],"footnotes":""},"class_list":["post-209","page","type-page","status-publish","hentry"],"yoast_head":"<!-- This site is optimized with the Yoast SEO plugin v26.3 - https:\/\/yoast.com\/wordpress\/plugins\/seo\/ -->\n<title>Verein - hospizhilfe siegen<\/title>\n<meta name=\"robots\" content=\"index, follow, max-snippet:-1, max-image-preview:large, max-video-preview:-1\" \/>\n<link rel=\"canonical\" href=\"https:\/\/www.hospizhilfe-siegen.de\/?page_id=209\" \/>\n<meta property=\"og:locale\" content=\"de_DE\" \/>\n<meta property=\"og:type\" content=\"article\" \/>\n<meta property=\"og:title\" content=\"Verein - hospizhilfe siegen\" \/>\n<meta property=\"og:description\" content=\"Als ambulanter Hospizdienst wollen wir gemeinsam Menschen am Lebensende und deren Angeh\u00f6rige begleiten. Was das auch immer hei\u00dfen mag und wie das dann konkret gestaltet wird, das ist so verschieden wie die Leben der einzelnen Menschen auch verschieden sind und\" \/>\n<meta property=\"og:url\" content=\"https:\/\/www.hospizhilfe-siegen.de\/?page_id=209\" \/>\n<meta property=\"og:site_name\" content=\"hospizhilfe siegen\" \/>\n<meta property=\"article:publisher\" content=\"https:\/\/www.facebook.com\/HospizhilfeSiegen\" \/>\n<meta property=\"article:modified_time\" content=\"2020-08-11T09:42:01+00:00\" \/>\n<meta name=\"twitter:card\" content=\"summary_large_image\" \/>\n<meta name=\"twitter:label1\" content=\"Gesch\u00e4tzte Lesezeit\" \/>\n\t<meta name=\"twitter:data1\" content=\"3\u00a0Minuten\" \/>\n<script type=\"application\/ld+json\" class=\"yoast-schema-graph\">{\"@context\":\"https:\/\/schema.org\",\"@graph\":[{\"@type\":\"WebPage\",\"@id\":\"https:\/\/www.hospizhilfe-siegen.de\/?page_id=209\",\"url\":\"https:\/\/www.hospizhilfe-siegen.de\/?page_id=209\",\"name\":\"Verein - hospizhilfe siegen\",\"isPartOf\":{\"@id\":\"https:\/\/www.hospizhilfe-siegen.de\/#website\"},\"datePublished\":\"2017-03-22T13:27:14+00:00\",\"dateModified\":\"2020-08-11T09:42:01+00:00\",\"breadcrumb\":{\"@id\":\"https:\/\/www.hospizhilfe-siegen.de\/?page_id=209#breadcrumb\"},\"inLanguage\":\"de\",\"potentialAction\":[{\"@type\":\"ReadAction\",\"target\":[\"https:\/\/www.hospizhilfe-siegen.de\/?page_id=209\"]}]},{\"@type\":\"BreadcrumbList\",\"@id\":\"https:\/\/www.hospizhilfe-siegen.de\/?page_id=209#breadcrumb\",\"itemListElement\":[{\"@type\":\"ListItem\",\"position\":1,\"name\":\"Startseite\",\"item\":\"https:\/\/www.hospizhilfe-siegen.de\/\"},{\"@type\":\"ListItem\",\"position\":2,\"name\":\"Wir \u00fcber uns\",\"item\":\"https:\/\/www.hospizhilfe-siegen.de\/?page_id=24\"},{\"@type\":\"ListItem\",\"position\":3,\"name\":\"Verein\"}]},{\"@type\":\"WebSite\",\"@id\":\"https:\/\/www.hospizhilfe-siegen.de\/#website\",\"url\":\"https:\/\/www.hospizhilfe-siegen.de\/\",\"name\":\"hospizhilfe siegen\",\"description\":\"\",\"publisher\":{\"@id\":\"https:\/\/www.hospizhilfe-siegen.de\/#organization\"},\"potentialAction\":[{\"@type\":\"SearchAction\",\"target\":{\"@type\":\"EntryPoint\",\"urlTemplate\":\"https:\/\/www.hospizhilfe-siegen.de\/?s={search_term_string}\"},\"query-input\":{\"@type\":\"PropertyValueSpecification\",\"valueRequired\":true,\"valueName\":\"search_term_string\"}}],\"inLanguage\":\"de\"},{\"@type\":\"Organization\",\"@id\":\"https:\/\/www.hospizhilfe-siegen.de\/#organization\",\"name\":\"Ambulante \u00f6kumenische Hospizhilfe Siegen e.V.\",\"url\":\"https:\/\/www.hospizhilfe-siegen.de\/\",\"logo\":{\"@type\":\"ImageObject\",\"inLanguage\":\"de\",\"@id\":\"https:\/\/www.hospizhilfe-siegen.de\/#\/schema\/logo\/image\/\",\"url\":\"https:\/\/www.hospizhilfe-siegen.de\/wp-content\/uploads\/2017\/03\/logo_400.jpg\",\"contentUrl\":\"https:\/\/www.hospizhilfe-siegen.de\/wp-content\/uploads\/2017\/03\/logo_400.jpg\",\"width\":407,\"height\":159,\"caption\":\"Ambulante \u00f6kumenische Hospizhilfe Siegen e.V.\"},\"image\":{\"@id\":\"https:\/\/www.hospizhilfe-siegen.de\/#\/schema\/logo\/image\/\"},\"sameAs\":[\"https:\/\/www.facebook.com\/HospizhilfeSiegen\"]}]}<\/script>\n<!-- \/ Yoast SEO plugin. -->","yoast_head_json":{"title":"Verein - hospizhilfe siegen","robots":{"index":"index","follow":"follow","max-snippet":"max-snippet:-1","max-image-preview":"max-image-preview:large","max-video-preview":"max-video-preview:-1"},"canonical":"https:\/\/www.hospizhilfe-siegen.de\/?page_id=209","og_locale":"de_DE","og_type":"article","og_title":"Verein - hospizhilfe siegen","og_description":"Als ambulanter Hospizdienst wollen wir gemeinsam Menschen am Lebensende und deren Angeh\u00f6rige begleiten. Was das auch immer hei\u00dfen mag und wie das dann konkret gestaltet wird, das ist so verschieden wie die Leben der einzelnen Menschen auch verschieden sind und","og_url":"https:\/\/www.hospizhilfe-siegen.de\/?page_id=209","og_site_name":"hospizhilfe siegen","article_publisher":"https:\/\/www.facebook.com\/HospizhilfeSiegen","article_modified_time":"2020-08-11T09:42:01+00:00","twitter_card":"summary_large_image","twitter_misc":{"Gesch\u00e4tzte Lesezeit":"3\u00a0Minuten"},"schema":{"@context":"https:\/\/schema.org","@graph":[{"@type":"WebPage","@id":"https:\/\/www.hospizhilfe-siegen.de\/?page_id=209","url":"https:\/\/www.hospizhilfe-siegen.de\/?page_id=209","name":"Verein - hospizhilfe siegen","isPartOf":{"@id":"https:\/\/www.hospizhilfe-siegen.de\/#website"},"datePublished":"2017-03-22T13:27:14+00:00","dateModified":"2020-08-11T09:42:01+00:00","breadcrumb":{"@id":"https:\/\/www.hospizhilfe-siegen.de\/?page_id=209#breadcrumb"},"inLanguage":"de","potentialAction":[{"@type":"ReadAction","target":["https:\/\/www.hospizhilfe-siegen.de\/?page_id=209"]}]},{"@type":"BreadcrumbList","@id":"https:\/\/www.hospizhilfe-siegen.de\/?page_id=209#breadcrumb","itemListElement":[{"@type":"ListItem","position":1,"name":"Startseite","item":"https:\/\/www.hospizhilfe-siegen.de\/"},{"@type":"ListItem","position":2,"name":"Wir \u00fcber uns","item":"https:\/\/www.hospizhilfe-siegen.de\/?page_id=24"},{"@type":"ListItem","position":3,"name":"Verein"}]},{"@type":"WebSite","@id":"https:\/\/www.hospizhilfe-siegen.de\/#website","url":"https:\/\/www.hospizhilfe-siegen.de\/","name":"hospizhilfe siegen","description":"","publisher":{"@id":"https:\/\/www.hospizhilfe-siegen.de\/#organization"},"potentialAction":[{"@type":"SearchAction","target":{"@type":"EntryPoint","urlTemplate":"https:\/\/www.hospizhilfe-siegen.de\/?s={search_term_string}"},"query-input":{"@type":"PropertyValueSpecification","valueRequired":true,"valueName":"search_term_string"}}],"inLanguage":"de"},{"@type":"Organization","@id":"https:\/\/www.hospizhilfe-siegen.de\/#organization","name":"Ambulante \u00f6kumenische Hospizhilfe Siegen e.V.","url":"https:\/\/www.hospizhilfe-siegen.de\/","logo":{"@type":"ImageObject","inLanguage":"de","@id":"https:\/\/www.hospizhilfe-siegen.de\/#\/schema\/logo\/image\/","url":"https:\/\/www.hospizhilfe-siegen.de\/wp-content\/uploads\/2017\/03\/logo_400.jpg","contentUrl":"https:\/\/www.hospizhilfe-siegen.de\/wp-content\/uploads\/2017\/03\/logo_400.jpg","width":407,"height":159,"caption":"Ambulante \u00f6kumenische Hospizhilfe Siegen e.V."},"image":{"@id":"https:\/\/www.hospizhilfe-siegen.de\/#\/schema\/logo\/image\/"},"sameAs":["https:\/\/www.facebook.com\/HospizhilfeSiegen"]}]}},"_links":{"self":[{"href":"https:\/\/www.hospizhilfe-siegen.de\/index.php?rest_route=\/wp\/v2\/pages\/209","targetHints":{"allow":["GET"]}}],"collection":[{"href":"https:\/\/www.hospizhilfe-siegen.de\/index.php?rest_route=\/wp\/v2\/pages"}],"about":[{"href":"https:\/\/www.hospizhilfe-siegen.de\/index.php?rest_route=\/wp\/v2\/types\/page"}],"author":[{"embeddable":true,"href":"https:\/\/www.hospizhilfe-siegen.de\/index.php?rest_route=\/wp\/v2\/users\/2"}],"replies":[{"embeddable":true,"href":"https:\/\/www.hospizhilfe-siegen.de\/index.php?rest_route=%2Fwp%2Fv2%2Fcomments&post=209"}],"version-history":[{"count":12,"href":"https:\/\/www.hospizhilfe-siegen.de\/index.php?rest_route=\/wp\/v2\/pages\/209\/revisions"}],"predecessor-version":[{"id":2220,"href":"https:\/\/www.hospizhilfe-siegen.de\/index.php?rest_route=\/wp\/v2\/pages\/209\/revisions\/2220"}],"up":[{"embeddable":true,"href":"https:\/\/www.hospizhilfe-siegen.de\/index.php?rest_route=\/wp\/v2\/pages\/24"}],"wp:attachment":[{"href":"https:\/\/www.hospizhilfe-siegen.de\/index.php?rest_route=%2Fwp%2Fv2%2Fmedia&parent=209"}],"curies":[{"name":"wp","href":"https:\/\/api.w.org\/{rel}","templated":true}]}}