{"id":211,"date":"2017-03-22T13:27:57","date_gmt":"2017-03-22T13:27:57","guid":{"rendered":"https:\/\/www.hospizhilfe-siegen.de\/?page_id=211"},"modified":"2020-08-12T08:54:52","modified_gmt":"2020-08-12T08:54:52","slug":"historie","status":"publish","type":"page","link":"https:\/\/www.hospizhilfe-siegen.de\/?page_id=211","title":{"rendered":"Historie"},"content":{"rendered":"\n<p>Bereits im Jahr 1994 bildete sich eine Gruppe beziehungsweise Initiative evangelischer und katholischer Gemeinden zur ambulanten hospizlichen Versorgung in Siegen und im Kreisgebiet Siegen-Wittgenstein. <br>Sp\u00e4ter, im Jahr 2001 wurde der  Verein Ambulante \u00f6kumenische Hospizhilfe Siegen e.V. gegr\u00fcndet.<\/p>\n\n\n\n<p>Seit 1998 besteht eine enge Zusammenarbeit mit dem Caritasverband Siegen-Wittgenstein e.V., aus welcher sich \u00fcber die Zeit hinweg eine sehr vertrauensvolle Beziehung entwickelt hat. Die Koordinationsstelle f\u00fcr Ambulante Hospizarbeit ist unter anderem f\u00fcr die Erstkontakte und Koordination der Begleitungen, f\u00fcr die Gewinnung und Ausbildung der Ehrenamtlichen und die Netzwerkarbeit des Dienstes zust\u00e4ndig.<\/p>\n\n\n\n<p>In all den Jahren w\u00e4chst die Nachfrage nach ehrenamtlicher Begleitung, ebenso bilden wir immer wieder neue ehrenamtliche Mitarbeiterinnen und Mitarbeiter in unseren Ausbildungskursen aus.<\/p>\n\n\n\n<p>Aktuell werden von uns im Jahr rund 100 Sterbende und ihre Angeh\u00f6rigen begleitet. Etwa 60 Ehrenamtliche sind f\u00fcr den Verein aktiv.<\/p>\n\n\n\n<p>Im Jahr 2004 feierten wir das 10 j\u00e4hrige Jubil\u00e4um.<br>Im Jahr 2014 feierten wir das 20 j\u00e4hrige Jubil\u00e4um <a href=\"https:\/\/www.hospizhilfe-siegen.de\/?page_id=390\">(1. Siegener Hospizgespr\u00e4ch)<\/a>.<\/p>\n","protected":false},"excerpt":{"rendered":"<p>Bereits im Jahr 1994 bildete sich eine Gruppe beziehungsweise Initiative evangelischer und katholischer Gemeinden zur ambulanten hospizlichen Versorgung in Siegen und im Kreisgebiet Siegen-Wittgenstein. Sp\u00e4ter, im Jahr 2001 wurde der Verein Ambulante \u00f6kumenische Hospizhilfe Siegen e.V. gegr\u00fcndet. Seit 1998 besteht<\/p>\n","protected":false},"author":2,"featured_media":0,"parent":209,"menu_order":0,"comment_status":"closed","ping_status":"closed","template":"","meta":{"_mc_calendar":[],"footnotes":""},"class_list":["post-211","page","type-page","status-publish","hentry"],"yoast_head":"<!-- This site is optimized with the Yoast SEO plugin v26.3 - https:\/\/yoast.com\/wordpress\/plugins\/seo\/ -->\n<title>Historie - hospizhilfe siegen<\/title>\n<meta name=\"robots\" content=\"index, follow, max-snippet:-1, max-image-preview:large, max-video-preview:-1\" \/>\n<link rel=\"canonical\" href=\"https:\/\/www.hospizhilfe-siegen.de\/?page_id=211\" \/>\n<meta property=\"og:locale\" content=\"de_DE\" \/>\n<meta property=\"og:type\" content=\"article\" \/>\n<meta property=\"og:title\" content=\"Historie - hospizhilfe siegen\" \/>\n<meta property=\"og:description\" content=\"Bereits im Jahr 1994 bildete sich eine Gruppe beziehungsweise Initiative evangelischer und katholischer Gemeinden zur ambulanten hospizlichen Versorgung in Siegen und im Kreisgebiet Siegen-Wittgenstein. Sp\u00e4ter, im Jahr 2001 wurde der Verein Ambulante \u00f6kumenische Hospizhilfe Siegen e.V. gegr\u00fcndet. Seit 1998 besteht\" \/>\n<meta property=\"og:url\" content=\"https:\/\/www.hospizhilfe-siegen.de\/?page_id=211\" \/>\n<meta property=\"og:site_name\" content=\"hospizhilfe siegen\" \/>\n<meta property=\"article:publisher\" content=\"https:\/\/www.facebook.com\/HospizhilfeSiegen\" \/>\n<meta property=\"article:modified_time\" content=\"2020-08-12T08:54:52+00:00\" \/>\n<meta name=\"twitter:card\" content=\"summary_large_image\" \/>\n<meta name=\"twitter:label1\" content=\"Gesch\u00e4tzte Lesezeit\" \/>\n\t<meta name=\"twitter:data1\" content=\"1\u00a0Minute\" \/>\n<script type=\"application\/ld+json\" class=\"yoast-schema-graph\">{\"@context\":\"https:\/\/schema.org\",\"@graph\":[{\"@type\":\"WebPage\",\"@id\":\"https:\/\/www.hospizhilfe-siegen.de\/?page_id=211\",\"url\":\"https:\/\/www.hospizhilfe-siegen.de\/?page_id=211\",\"name\":\"Historie - hospizhilfe siegen\",\"isPartOf\":{\"@id\":\"https:\/\/www.hospizhilfe-siegen.de\/#website\"},\"datePublished\":\"2017-03-22T13:27:57+00:00\",\"dateModified\":\"2020-08-12T08:54:52+00:00\",\"breadcrumb\":{\"@id\":\"https:\/\/www.hospizhilfe-siegen.de\/?page_id=211#breadcrumb\"},\"inLanguage\":\"de\",\"potentialAction\":[{\"@type\":\"ReadAction\",\"target\":[\"https:\/\/www.hospizhilfe-siegen.de\/?page_id=211\"]}]},{\"@type\":\"BreadcrumbList\",\"@id\":\"https:\/\/www.hospizhilfe-siegen.de\/?page_id=211#breadcrumb\",\"itemListElement\":[{\"@type\":\"ListItem\",\"position\":1,\"name\":\"Startseite\",\"item\":\"https:\/\/www.hospizhilfe-siegen.de\/\"},{\"@type\":\"ListItem\",\"position\":2,\"name\":\"Wir \u00fcber uns\",\"item\":\"https:\/\/www.hospizhilfe-siegen.de\/?page_id=24\"},{\"@type\":\"ListItem\",\"position\":3,\"name\":\"Verein\",\"item\":\"https:\/\/www.hospizhilfe-siegen.de\/?page_id=209\"},{\"@type\":\"ListItem\",\"position\":4,\"name\":\"Historie\"}]},{\"@type\":\"WebSite\",\"@id\":\"https:\/\/www.hospizhilfe-siegen.de\/#website\",\"url\":\"https:\/\/www.hospizhilfe-siegen.de\/\",\"name\":\"hospizhilfe siegen\",\"description\":\"\",\"publisher\":{\"@id\":\"https:\/\/www.hospizhilfe-siegen.de\/#organization\"},\"potentialAction\":[{\"@type\":\"SearchAction\",\"target\":{\"@type\":\"EntryPoint\",\"urlTemplate\":\"https:\/\/www.hospizhilfe-siegen.de\/?s={search_term_string}\"},\"query-input\":{\"@type\":\"PropertyValueSpecification\",\"valueRequired\":true,\"valueName\":\"search_term_string\"}}],\"inLanguage\":\"de\"},{\"@type\":\"Organization\",\"@id\":\"https:\/\/www.hospizhilfe-siegen.de\/#organization\",\"name\":\"Ambulante \u00f6kumenische Hospizhilfe Siegen e.V.\",\"url\":\"https:\/\/www.hospizhilfe-siegen.de\/\",\"logo\":{\"@type\":\"ImageObject\",\"inLanguage\":\"de\",\"@id\":\"https:\/\/www.hospizhilfe-siegen.de\/#\/schema\/logo\/image\/\",\"url\":\"https:\/\/www.hospizhilfe-siegen.de\/wp-content\/uploads\/2017\/03\/logo_400.jpg\",\"contentUrl\":\"https:\/\/www.hospizhilfe-siegen.de\/wp-content\/uploads\/2017\/03\/logo_400.jpg\",\"width\":407,\"height\":159,\"caption\":\"Ambulante \u00f6kumenische Hospizhilfe Siegen e.V.\"},\"image\":{\"@id\":\"https:\/\/www.hospizhilfe-siegen.de\/#\/schema\/logo\/image\/\"},\"sameAs\":[\"https:\/\/www.facebook.com\/HospizhilfeSiegen\"]}]}<\/script>\n<!-- \/ Yoast SEO plugin. -->","yoast_head_json":{"title":"Historie - hospizhilfe siegen","robots":{"index":"index","follow":"follow","max-snippet":"max-snippet:-1","max-image-preview":"max-image-preview:large","max-video-preview":"max-video-preview:-1"},"canonical":"https:\/\/www.hospizhilfe-siegen.de\/?page_id=211","og_locale":"de_DE","og_type":"article","og_title":"Historie - hospizhilfe siegen","og_description":"Bereits im Jahr 1994 bildete sich eine Gruppe beziehungsweise Initiative evangelischer und katholischer Gemeinden zur ambulanten hospizlichen Versorgung in Siegen und im Kreisgebiet Siegen-Wittgenstein. Sp\u00e4ter, im Jahr 2001 wurde der Verein Ambulante \u00f6kumenische Hospizhilfe Siegen e.V. gegr\u00fcndet. Seit 1998 besteht","og_url":"https:\/\/www.hospizhilfe-siegen.de\/?page_id=211","og_site_name":"hospizhilfe siegen","article_publisher":"https:\/\/www.facebook.com\/HospizhilfeSiegen","article_modified_time":"2020-08-12T08:54:52+00:00","twitter_card":"summary_large_image","twitter_misc":{"Gesch\u00e4tzte Lesezeit":"1\u00a0Minute"},"schema":{"@context":"https:\/\/schema.org","@graph":[{"@type":"WebPage","@id":"https:\/\/www.hospizhilfe-siegen.de\/?page_id=211","url":"https:\/\/www.hospizhilfe-siegen.de\/?page_id=211","name":"Historie - hospizhilfe siegen","isPartOf":{"@id":"https:\/\/www.hospizhilfe-siegen.de\/#website"},"datePublished":"2017-03-22T13:27:57+00:00","dateModified":"2020-08-12T08:54:52+00:00","breadcrumb":{"@id":"https:\/\/www.hospizhilfe-siegen.de\/?page_id=211#breadcrumb"},"inLanguage":"de","potentialAction":[{"@type":"ReadAction","target":["https:\/\/www.hospizhilfe-siegen.de\/?page_id=211"]}]},{"@type":"BreadcrumbList","@id":"https:\/\/www.hospizhilfe-siegen.de\/?page_id=211#breadcrumb","itemListElement":[{"@type":"ListItem","position":1,"name":"Startseite","item":"https:\/\/www.hospizhilfe-siegen.de\/"},{"@type":"ListItem","position":2,"name":"Wir \u00fcber uns","item":"https:\/\/www.hospizhilfe-siegen.de\/?page_id=24"},{"@type":"ListItem","position":3,"name":"Verein","item":"https:\/\/www.hospizhilfe-siegen.de\/?page_id=209"},{"@type":"ListItem","position":4,"name":"Historie"}]},{"@type":"WebSite","@id":"https:\/\/www.hospizhilfe-siegen.de\/#website","url":"https:\/\/www.hospizhilfe-siegen.de\/","name":"hospizhilfe siegen","description":"","publisher":{"@id":"https:\/\/www.hospizhilfe-siegen.de\/#organization"},"potentialAction":[{"@type":"SearchAction","target":{"@type":"EntryPoint","urlTemplate":"https:\/\/www.hospizhilfe-siegen.de\/?s={search_term_string}"},"query-input":{"@type":"PropertyValueSpecification","valueRequired":true,"valueName":"search_term_string"}}],"inLanguage":"de"},{"@type":"Organization","@id":"https:\/\/www.hospizhilfe-siegen.de\/#organization","name":"Ambulante \u00f6kumenische Hospizhilfe Siegen e.V.","url":"https:\/\/www.hospizhilfe-siegen.de\/","logo":{"@type":"ImageObject","inLanguage":"de","@id":"https:\/\/www.hospizhilfe-siegen.de\/#\/schema\/logo\/image\/","url":"https:\/\/www.hospizhilfe-siegen.de\/wp-content\/uploads\/2017\/03\/logo_400.jpg","contentUrl":"https:\/\/www.hospizhilfe-siegen.de\/wp-content\/uploads\/2017\/03\/logo_400.jpg","width":407,"height":159,"caption":"Ambulante \u00f6kumenische Hospizhilfe Siegen e.V."},"image":{"@id":"https:\/\/www.hospizhilfe-siegen.de\/#\/schema\/logo\/image\/"},"sameAs":["https:\/\/www.facebook.com\/HospizhilfeSiegen"]}]}},"_links":{"self":[{"href":"https:\/\/www.hospizhilfe-siegen.de\/index.php?rest_route=\/wp\/v2\/pages\/211","targetHints":{"allow":["GET"]}}],"collection":[{"href":"https:\/\/www.hospizhilfe-siegen.de\/index.php?rest_route=\/wp\/v2\/pages"}],"about":[{"href":"https:\/\/www.hospizhilfe-siegen.de\/index.php?rest_route=\/wp\/v2\/types\/page"}],"author":[{"embeddable":true,"href":"https:\/\/www.hospizhilfe-siegen.de\/index.php?rest_route=\/wp\/v2\/users\/2"}],"replies":[{"embeddable":true,"href":"https:\/\/www.hospizhilfe-siegen.de\/index.php?rest_route=%2Fwp%2Fv2%2Fcomments&post=211"}],"version-history":[{"count":7,"href":"https:\/\/www.hospizhilfe-siegen.de\/index.php?rest_route=\/wp\/v2\/pages\/211\/revisions"}],"predecessor-version":[{"id":2242,"href":"https:\/\/www.hospizhilfe-siegen.de\/index.php?rest_route=\/wp\/v2\/pages\/211\/revisions\/2242"}],"up":[{"embeddable":true,"href":"https:\/\/www.hospizhilfe-siegen.de\/index.php?rest_route=\/wp\/v2\/pages\/209"}],"wp:attachment":[{"href":"https:\/\/www.hospizhilfe-siegen.de\/index.php?rest_route=%2Fwp%2Fv2%2Fmedia&parent=211"}],"curies":[{"name":"wp","href":"https:\/\/api.w.org\/{rel}","templated":true}]}}