{"id":217,"date":"2017-03-22T13:29:18","date_gmt":"2017-03-22T13:29:18","guid":{"rendered":"https:\/\/www.hospizhilfe-siegen.de\/?page_id=217"},"modified":"2026-01-28T10:39:36","modified_gmt":"2026-01-28T10:39:36","slug":"koordinationsstelle","status":"publish","type":"page","link":"https:\/\/www.hospizhilfe-siegen.de\/?page_id=217","title":{"rendered":"Koordinationsstelle"},"content":{"rendered":"\n<figure class=\"wp-block-image size-large\"><img loading=\"lazy\" decoding=\"async\" width=\"1024\" height=\"576\" src=\"https:\/\/www.hospizhilfe-siegen.de\/wp-content\/uploads\/2023\/04\/Konferenzr1-1-1024x576.jpg\" alt=\"Ausbildung Sterbebegleitung\" class=\"wp-image-3371\" srcset=\"https:\/\/www.hospizhilfe-siegen.de\/wp-content\/uploads\/2023\/04\/Konferenzr1-1-1024x576.jpg 1024w, https:\/\/www.hospizhilfe-siegen.de\/wp-content\/uploads\/2023\/04\/Konferenzr1-1-300x169.jpg 300w, https:\/\/www.hospizhilfe-siegen.de\/wp-content\/uploads\/2023\/04\/Konferenzr1-1-768x432.jpg 768w, https:\/\/www.hospizhilfe-siegen.de\/wp-content\/uploads\/2023\/04\/Konferenzr1-1-1536x865.jpg 1536w, https:\/\/www.hospizhilfe-siegen.de\/wp-content\/uploads\/2023\/04\/Konferenzr1-1-2048x1153.jpg 2048w\" sizes=\"auto, (max-width: 1024px) 100vw, 1024px\" \/><\/figure>\n\n\n\n<p><\/p>\n\n\n\n<p><strong>Einige Aufgaben der Koordinationstelle<\/strong><br>\u2022Ansprechpartner f\u00fcr die Sterbenskranken und deren Familien<br>\u2022Ansprechpartner f\u00fcr \u00c4rztinnen und \u00c4rzte, Pflegedienste, Sozialdienste, etc.<br>\u2022Gespr\u00e4che mit Sterbenden und Angeh\u00f6rigen  und Auswahl des\/r ehrenamtlichen Mitarbeiter\/in f\u00fcr die Begleitung<br>\u2022Einsatzkoordination und Begleitung der Ehrenamtlichen w\u00e4hrend ihres Einsatzes<br>\u2022Organisation von Fortbildungen<br>\u2022Durchf\u00fchrung einer Gespr\u00e4chsrunde f\u00fcr Angeh\u00f6rige und Trauergruppen<br><\/p>\n\n\n\n<p><strong>Koordinationsstelle f\u00fcr Ambulante Hospizarbeit beim Caritasverband Siegen-Wittgenstein e.V.<\/strong><br>Numbachstr. 30<br>57072 Siegen<br>Tel.<strong> 0160 99494056<\/strong><br>Email: <a href=\"mailto:koordination-hospizarbeit@caritas-siegen.de\">koordination-hospizarbeit@caritas-siegen.de<\/a><\/p>\n\n\n\n<h2 class=\"wp-block-heading\"><strong>Ansprechpartnerinnen<\/strong><\/h2>\n\n\n\n<figure class=\"wp-block-image alignleft size-full is-resized is-style-default\"><img loading=\"lazy\" decoding=\"async\" width=\"350\" height=\"468\" src=\"https:\/\/www.hospizhilfe-siegen.de\/wp-content\/uploads\/2025\/08\/Maria.png\" alt=\"\" class=\"wp-image-3941\" style=\"width:173px;height:231px\" srcset=\"https:\/\/www.hospizhilfe-siegen.de\/wp-content\/uploads\/2025\/08\/Maria.png 350w, https:\/\/www.hospizhilfe-siegen.de\/wp-content\/uploads\/2025\/08\/Maria-224x300.png 224w\" sizes=\"auto, (max-width: 350px) 100vw, 350px\" \/><\/figure>\n\n\n\n<p><\/p>\n\n\n\n<p><\/p>\n\n\n\n<p><strong>Maria Ermes-Soleymani<\/strong><br>Koordinatorin f\u00fcr ambulante Hospizarbeit<br>Dipl. Sozialarbeiterin und Trauerbegleiterin<br>Telefon: 0271 \/ 23 602 &#8211; 67<br>Email: <a href=\"mailto:m.ermes-soleymani@caritas-suedwestfalen.de\" target=\"_blank\" rel=\"noreferrer noopener\">m.ermes-soleymani@caritas-suedwestfalen<\/a><a href=\"mailto:m.ermes-soleymani@caritas-suedwestfalen.de\">.de<\/a><\/p>\n\n\n\n<!--more-->\n\n\n\n<figure class=\"wp-block-image alignleft size-medium is-resized\"><img loading=\"lazy\" decoding=\"async\" width=\"228\" height=\"300\" src=\"https:\/\/www.hospizhilfe-siegen.de\/wp-content\/uploads\/2025\/08\/Christina-228x300.png\" alt=\"\" class=\"wp-image-3940\" style=\"aspect-ratio:3\/4;object-fit:contain;width:173px\" srcset=\"https:\/\/www.hospizhilfe-siegen.de\/wp-content\/uploads\/2025\/08\/Christina-228x300.png 228w, https:\/\/www.hospizhilfe-siegen.de\/wp-content\/uploads\/2025\/08\/Christina.png 355w\" sizes=\"auto, (max-width: 228px) 100vw, 228px\" \/><\/figure>\n\n\n\n<p><strong>Christina Mertens<\/strong><br>Koordinatorin f\u00fcr ambulante Hospizarbeit<br>Gesundheits \u2013 und Krankenschwester, Pflegefachkraft Palliative Care<br>Telefon: 0271 \/ 23 602 &#8211; 87<br>Email: <a href=\"mailto:c.mertens@caritas-suedwestfalen.de\" target=\"_blank\" rel=\"noreferrer noopener\">c.mertens@caritas-suedwestfalen.de<\/a><\/p>\n\n\n\n<p><\/p>\n","protected":false},"excerpt":{"rendered":"<p>Einige Aufgaben der Koordinationstelle\u2022Ansprechpartner f\u00fcr die Sterbenskranken und deren Familien\u2022Ansprechpartner f\u00fcr \u00c4rztinnen und \u00c4rzte, Pflegedienste, Sozialdienste, etc.\u2022Gespr\u00e4che mit Sterbenden und Angeh\u00f6rigen und Auswahl des\/r ehrenamtlichen Mitarbeiter\/in f\u00fcr die Begleitung\u2022Einsatzkoordination und Begleitung der Ehrenamtlichen w\u00e4hrend ihres Einsatzes\u2022Organisation von Fortbildungen\u2022Durchf\u00fchrung einer Gespr\u00e4chsrunde<\/p>\n","protected":false},"author":2,"featured_media":0,"parent":24,"menu_order":0,"comment_status":"closed","ping_status":"closed","template":"","meta":{"_mc_calendar":[],"footnotes":""},"class_list":["post-217","page","type-page","status-publish","hentry"],"yoast_head":"<!-- This site is optimized with the Yoast SEO plugin v26.3 - https:\/\/yoast.com\/wordpress\/plugins\/seo\/ -->\n<title>Koordinationsstelle - hospizhilfe siegen<\/title>\n<meta name=\"robots\" content=\"index, follow, max-snippet:-1, max-image-preview:large, max-video-preview:-1\" \/>\n<link rel=\"canonical\" href=\"https:\/\/www.hospizhilfe-siegen.de\/?page_id=217\" \/>\n<meta property=\"og:locale\" content=\"de_DE\" \/>\n<meta property=\"og:type\" content=\"article\" \/>\n<meta property=\"og:title\" content=\"Koordinationsstelle - hospizhilfe siegen\" \/>\n<meta property=\"og:description\" content=\"Einige Aufgaben der Koordinationstelle\u2022Ansprechpartner f\u00fcr die Sterbenskranken und deren Familien\u2022Ansprechpartner f\u00fcr \u00c4rztinnen und \u00c4rzte, Pflegedienste, Sozialdienste, etc.\u2022Gespr\u00e4che mit Sterbenden und Angeh\u00f6rigen und Auswahl des\/r ehrenamtlichen Mitarbeiter\/in f\u00fcr die Begleitung\u2022Einsatzkoordination und Begleitung der Ehrenamtlichen w\u00e4hrend ihres Einsatzes\u2022Organisation von Fortbildungen\u2022Durchf\u00fchrung einer Gespr\u00e4chsrunde\" \/>\n<meta property=\"og:url\" content=\"https:\/\/www.hospizhilfe-siegen.de\/?page_id=217\" \/>\n<meta property=\"og:site_name\" content=\"hospizhilfe siegen\" \/>\n<meta property=\"article:publisher\" content=\"https:\/\/www.facebook.com\/HospizhilfeSiegen\" \/>\n<meta property=\"article:modified_time\" content=\"2026-01-28T10:39:36+00:00\" \/>\n<meta property=\"og:image\" content=\"https:\/\/www.hospizhilfe-siegen.de\/wp-content\/uploads\/2023\/04\/Konferenzr1-1-scaled.jpg\" \/>\n\t<meta property=\"og:image:width\" content=\"2560\" \/>\n\t<meta property=\"og:image:height\" content=\"1441\" \/>\n\t<meta property=\"og:image:type\" content=\"image\/jpeg\" \/>\n<meta name=\"twitter:card\" content=\"summary_large_image\" \/>\n<meta name=\"twitter:label1\" content=\"Gesch\u00e4tzte Lesezeit\" \/>\n\t<meta name=\"twitter:data1\" content=\"2\u00a0Minuten\" \/>\n<script type=\"application\/ld+json\" class=\"yoast-schema-graph\">{\"@context\":\"https:\/\/schema.org\",\"@graph\":[{\"@type\":\"WebPage\",\"@id\":\"https:\/\/www.hospizhilfe-siegen.de\/?page_id=217\",\"url\":\"https:\/\/www.hospizhilfe-siegen.de\/?page_id=217\",\"name\":\"Koordinationsstelle - hospizhilfe siegen\",\"isPartOf\":{\"@id\":\"https:\/\/www.hospizhilfe-siegen.de\/#website\"},\"primaryImageOfPage\":{\"@id\":\"https:\/\/www.hospizhilfe-siegen.de\/?page_id=217#primaryimage\"},\"image\":{\"@id\":\"https:\/\/www.hospizhilfe-siegen.de\/?page_id=217#primaryimage\"},\"thumbnailUrl\":\"https:\/\/www.hospizhilfe-siegen.de\/wp-content\/uploads\/2023\/04\/Konferenzr1-1-1024x576.jpg\",\"datePublished\":\"2017-03-22T13:29:18+00:00\",\"dateModified\":\"2026-01-28T10:39:36+00:00\",\"breadcrumb\":{\"@id\":\"https:\/\/www.hospizhilfe-siegen.de\/?page_id=217#breadcrumb\"},\"inLanguage\":\"de\",\"potentialAction\":[{\"@type\":\"ReadAction\",\"target\":[\"https:\/\/www.hospizhilfe-siegen.de\/?page_id=217\"]}]},{\"@type\":\"ImageObject\",\"inLanguage\":\"de\",\"@id\":\"https:\/\/www.hospizhilfe-siegen.de\/?page_id=217#primaryimage\",\"url\":\"https:\/\/www.hospizhilfe-siegen.de\/wp-content\/uploads\/2023\/04\/Konferenzr1-1-1024x576.jpg\",\"contentUrl\":\"https:\/\/www.hospizhilfe-siegen.de\/wp-content\/uploads\/2023\/04\/Konferenzr1-1-1024x576.jpg\"},{\"@type\":\"BreadcrumbList\",\"@id\":\"https:\/\/www.hospizhilfe-siegen.de\/?page_id=217#breadcrumb\",\"itemListElement\":[{\"@type\":\"ListItem\",\"position\":1,\"name\":\"Startseite\",\"item\":\"https:\/\/www.hospizhilfe-siegen.de\/\"},{\"@type\":\"ListItem\",\"position\":2,\"name\":\"Wir \u00fcber uns\",\"item\":\"https:\/\/www.hospizhilfe-siegen.de\/?page_id=24\"},{\"@type\":\"ListItem\",\"position\":3,\"name\":\"Koordinationsstelle\"}]},{\"@type\":\"WebSite\",\"@id\":\"https:\/\/www.hospizhilfe-siegen.de\/#website\",\"url\":\"https:\/\/www.hospizhilfe-siegen.de\/\",\"name\":\"hospizhilfe siegen\",\"description\":\"\",\"publisher\":{\"@id\":\"https:\/\/www.hospizhilfe-siegen.de\/#organization\"},\"potentialAction\":[{\"@type\":\"SearchAction\",\"target\":{\"@type\":\"EntryPoint\",\"urlTemplate\":\"https:\/\/www.hospizhilfe-siegen.de\/?s={search_term_string}\"},\"query-input\":{\"@type\":\"PropertyValueSpecification\",\"valueRequired\":true,\"valueName\":\"search_term_string\"}}],\"inLanguage\":\"de\"},{\"@type\":\"Organization\",\"@id\":\"https:\/\/www.hospizhilfe-siegen.de\/#organization\",\"name\":\"Ambulante \u00f6kumenische Hospizhilfe Siegen e.V.\",\"url\":\"https:\/\/www.hospizhilfe-siegen.de\/\",\"logo\":{\"@type\":\"ImageObject\",\"inLanguage\":\"de\",\"@id\":\"https:\/\/www.hospizhilfe-siegen.de\/#\/schema\/logo\/image\/\",\"url\":\"https:\/\/www.hospizhilfe-siegen.de\/wp-content\/uploads\/2017\/03\/logo_400.jpg\",\"contentUrl\":\"https:\/\/www.hospizhilfe-siegen.de\/wp-content\/uploads\/2017\/03\/logo_400.jpg\",\"width\":407,\"height\":159,\"caption\":\"Ambulante \u00f6kumenische Hospizhilfe Siegen e.V.\"},\"image\":{\"@id\":\"https:\/\/www.hospizhilfe-siegen.de\/#\/schema\/logo\/image\/\"},\"sameAs\":[\"https:\/\/www.facebook.com\/HospizhilfeSiegen\"]}]}<\/script>\n<!-- \/ Yoast SEO plugin. -->","yoast_head_json":{"title":"Koordinationsstelle - hospizhilfe siegen","robots":{"index":"index","follow":"follow","max-snippet":"max-snippet:-1","max-image-preview":"max-image-preview:large","max-video-preview":"max-video-preview:-1"},"canonical":"https:\/\/www.hospizhilfe-siegen.de\/?page_id=217","og_locale":"de_DE","og_type":"article","og_title":"Koordinationsstelle - hospizhilfe siegen","og_description":"Einige Aufgaben der Koordinationstelle\u2022Ansprechpartner f\u00fcr die Sterbenskranken und deren Familien\u2022Ansprechpartner f\u00fcr \u00c4rztinnen und \u00c4rzte, Pflegedienste, Sozialdienste, etc.\u2022Gespr\u00e4che mit Sterbenden und Angeh\u00f6rigen und Auswahl des\/r ehrenamtlichen Mitarbeiter\/in f\u00fcr die Begleitung\u2022Einsatzkoordination und Begleitung der Ehrenamtlichen w\u00e4hrend ihres Einsatzes\u2022Organisation von Fortbildungen\u2022Durchf\u00fchrung einer Gespr\u00e4chsrunde","og_url":"https:\/\/www.hospizhilfe-siegen.de\/?page_id=217","og_site_name":"hospizhilfe siegen","article_publisher":"https:\/\/www.facebook.com\/HospizhilfeSiegen","article_modified_time":"2026-01-28T10:39:36+00:00","og_image":[{"width":2560,"height":1441,"url":"https:\/\/www.hospizhilfe-siegen.de\/wp-content\/uploads\/2023\/04\/Konferenzr1-1-scaled.jpg","type":"image\/jpeg"}],"twitter_card":"summary_large_image","twitter_misc":{"Gesch\u00e4tzte Lesezeit":"2\u00a0Minuten"},"schema":{"@context":"https:\/\/schema.org","@graph":[{"@type":"WebPage","@id":"https:\/\/www.hospizhilfe-siegen.de\/?page_id=217","url":"https:\/\/www.hospizhilfe-siegen.de\/?page_id=217","name":"Koordinationsstelle - hospizhilfe siegen","isPartOf":{"@id":"https:\/\/www.hospizhilfe-siegen.de\/#website"},"primaryImageOfPage":{"@id":"https:\/\/www.hospizhilfe-siegen.de\/?page_id=217#primaryimage"},"image":{"@id":"https:\/\/www.hospizhilfe-siegen.de\/?page_id=217#primaryimage"},"thumbnailUrl":"https:\/\/www.hospizhilfe-siegen.de\/wp-content\/uploads\/2023\/04\/Konferenzr1-1-1024x576.jpg","datePublished":"2017-03-22T13:29:18+00:00","dateModified":"2026-01-28T10:39:36+00:00","breadcrumb":{"@id":"https:\/\/www.hospizhilfe-siegen.de\/?page_id=217#breadcrumb"},"inLanguage":"de","potentialAction":[{"@type":"ReadAction","target":["https:\/\/www.hospizhilfe-siegen.de\/?page_id=217"]}]},{"@type":"ImageObject","inLanguage":"de","@id":"https:\/\/www.hospizhilfe-siegen.de\/?page_id=217#primaryimage","url":"https:\/\/www.hospizhilfe-siegen.de\/wp-content\/uploads\/2023\/04\/Konferenzr1-1-1024x576.jpg","contentUrl":"https:\/\/www.hospizhilfe-siegen.de\/wp-content\/uploads\/2023\/04\/Konferenzr1-1-1024x576.jpg"},{"@type":"BreadcrumbList","@id":"https:\/\/www.hospizhilfe-siegen.de\/?page_id=217#breadcrumb","itemListElement":[{"@type":"ListItem","position":1,"name":"Startseite","item":"https:\/\/www.hospizhilfe-siegen.de\/"},{"@type":"ListItem","position":2,"name":"Wir \u00fcber uns","item":"https:\/\/www.hospizhilfe-siegen.de\/?page_id=24"},{"@type":"ListItem","position":3,"name":"Koordinationsstelle"}]},{"@type":"WebSite","@id":"https:\/\/www.hospizhilfe-siegen.de\/#website","url":"https:\/\/www.hospizhilfe-siegen.de\/","name":"hospizhilfe siegen","description":"","publisher":{"@id":"https:\/\/www.hospizhilfe-siegen.de\/#organization"},"potentialAction":[{"@type":"SearchAction","target":{"@type":"EntryPoint","urlTemplate":"https:\/\/www.hospizhilfe-siegen.de\/?s={search_term_string}"},"query-input":{"@type":"PropertyValueSpecification","valueRequired":true,"valueName":"search_term_string"}}],"inLanguage":"de"},{"@type":"Organization","@id":"https:\/\/www.hospizhilfe-siegen.de\/#organization","name":"Ambulante \u00f6kumenische Hospizhilfe Siegen e.V.","url":"https:\/\/www.hospizhilfe-siegen.de\/","logo":{"@type":"ImageObject","inLanguage":"de","@id":"https:\/\/www.hospizhilfe-siegen.de\/#\/schema\/logo\/image\/","url":"https:\/\/www.hospizhilfe-siegen.de\/wp-content\/uploads\/2017\/03\/logo_400.jpg","contentUrl":"https:\/\/www.hospizhilfe-siegen.de\/wp-content\/uploads\/2017\/03\/logo_400.jpg","width":407,"height":159,"caption":"Ambulante \u00f6kumenische Hospizhilfe Siegen e.V."},"image":{"@id":"https:\/\/www.hospizhilfe-siegen.de\/#\/schema\/logo\/image\/"},"sameAs":["https:\/\/www.facebook.com\/HospizhilfeSiegen"]}]}},"_links":{"self":[{"href":"https:\/\/www.hospizhilfe-siegen.de\/index.php?rest_route=\/wp\/v2\/pages\/217","targetHints":{"allow":["GET"]}}],"collection":[{"href":"https:\/\/www.hospizhilfe-siegen.de\/index.php?rest_route=\/wp\/v2\/pages"}],"about":[{"href":"https:\/\/www.hospizhilfe-siegen.de\/index.php?rest_route=\/wp\/v2\/types\/page"}],"author":[{"embeddable":true,"href":"https:\/\/www.hospizhilfe-siegen.de\/index.php?rest_route=\/wp\/v2\/users\/2"}],"replies":[{"embeddable":true,"href":"https:\/\/www.hospizhilfe-siegen.de\/index.php?rest_route=%2Fwp%2Fv2%2Fcomments&post=217"}],"version-history":[{"count":52,"href":"https:\/\/www.hospizhilfe-siegen.de\/index.php?rest_route=\/wp\/v2\/pages\/217\/revisions"}],"predecessor-version":[{"id":4124,"href":"https:\/\/www.hospizhilfe-siegen.de\/index.php?rest_route=\/wp\/v2\/pages\/217\/revisions\/4124"}],"up":[{"embeddable":true,"href":"https:\/\/www.hospizhilfe-siegen.de\/index.php?rest_route=\/wp\/v2\/pages\/24"}],"wp:attachment":[{"href":"https:\/\/www.hospizhilfe-siegen.de\/index.php?rest_route=%2Fwp%2Fv2%2Fmedia&parent=217"}],"curies":[{"name":"wp","href":"https:\/\/api.w.org\/{rel}","templated":true}]}}