{"id":248,"date":"2017-03-22T13:43:38","date_gmt":"2017-03-22T13:43:38","guid":{"rendered":"https:\/\/www.hospizhilfe-siegen.de\/?page_id=248"},"modified":"2020-04-29T17:46:15","modified_gmt":"2020-04-29T17:46:15","slug":"ihre-mithilfe","status":"publish","type":"page","link":"https:\/\/www.hospizhilfe-siegen.de\/?page_id=248","title":{"rendered":"Ihre Mithilfe"},"content":{"rendered":"<p>Sie k\u00f6nnen uns unterst\u00fctzen!<\/p>\n<ul>\n<li><a href=\"https:\/\/www.hospizhilfe-siegen.de\/?page_id=251\" target=\"_blank\" rel=\"noopener noreferrer\">Wenn Sie ehrenamtlich mitarbeiten wollen, finden Sie hier weitere Informationen!<\/a><\/li>\n<li><a href=\"https:\/\/www.hospizhilfe-siegen.de\/?page_id=253\" target=\"_blank\" rel=\"noopener noreferrer\">Wenn Sie Mitglied werden m\u00f6chten, lesen Sie hier weiter!<\/a><\/li>\n<li><a href=\"https:\/\/www.hospizhilfe-siegen.de\/?page_id=256\" target=\"_blank\" rel=\"noopener noreferrer\">Wenn Sie spenden m\u00f6chten, lesen Sie hier alles, was Sie dazu wissen m\u00fcssen!<\/a><\/li>\n<\/ul>\n\n\n<p><\/p>\n","protected":false},"excerpt":{"rendered":"<p>Sie k\u00f6nnen uns unterst\u00fctzen! Wenn Sie ehrenamtlich mitarbeiten wollen, finden Sie hier weitere Informationen! Wenn Sie Mitglied werden m\u00f6chten, lesen Sie hier weiter! Wenn Sie spenden m\u00f6chten, lesen Sie hier alles, was Sie dazu wissen m\u00fcssen!<\/p>\n","protected":false},"author":2,"featured_media":0,"parent":0,"menu_order":0,"comment_status":"closed","ping_status":"closed","template":"","meta":{"_mc_calendar":[],"footnotes":""},"class_list":["post-248","page","type-page","status-publish","hentry"],"yoast_head":"<!-- This site is optimized with the Yoast SEO plugin v26.3 - https:\/\/yoast.com\/wordpress\/plugins\/seo\/ -->\n<title>Ihre Mithilfe - hospizhilfe siegen<\/title>\n<meta name=\"robots\" content=\"index, follow, max-snippet:-1, max-image-preview:large, max-video-preview:-1\" \/>\n<link rel=\"canonical\" href=\"https:\/\/www.hospizhilfe-siegen.de\/?page_id=248\" \/>\n<meta property=\"og:locale\" content=\"de_DE\" \/>\n<meta property=\"og:type\" content=\"article\" \/>\n<meta property=\"og:title\" content=\"Ihre Mithilfe - hospizhilfe siegen\" \/>\n<meta property=\"og:description\" content=\"Sie k\u00f6nnen uns unterst\u00fctzen! Wenn Sie ehrenamtlich mitarbeiten wollen, finden Sie hier weitere Informationen! Wenn Sie Mitglied werden m\u00f6chten, lesen Sie hier weiter! Wenn Sie spenden m\u00f6chten, lesen Sie hier alles, was Sie dazu wissen m\u00fcssen!\" \/>\n<meta property=\"og:url\" content=\"https:\/\/www.hospizhilfe-siegen.de\/?page_id=248\" \/>\n<meta property=\"og:site_name\" content=\"hospizhilfe siegen\" \/>\n<meta property=\"article:publisher\" content=\"https:\/\/www.facebook.com\/HospizhilfeSiegen\" \/>\n<meta property=\"article:modified_time\" content=\"2020-04-29T17:46:15+00:00\" \/>\n<meta name=\"twitter:card\" content=\"summary_large_image\" \/>\n<script type=\"application\/ld+json\" class=\"yoast-schema-graph\">{\"@context\":\"https:\/\/schema.org\",\"@graph\":[{\"@type\":\"WebPage\",\"@id\":\"https:\/\/www.hospizhilfe-siegen.de\/?page_id=248\",\"url\":\"https:\/\/www.hospizhilfe-siegen.de\/?page_id=248\",\"name\":\"Ihre Mithilfe - hospizhilfe siegen\",\"isPartOf\":{\"@id\":\"https:\/\/www.hospizhilfe-siegen.de\/#website\"},\"datePublished\":\"2017-03-22T13:43:38+00:00\",\"dateModified\":\"2020-04-29T17:46:15+00:00\",\"breadcrumb\":{\"@id\":\"https:\/\/www.hospizhilfe-siegen.de\/?page_id=248#breadcrumb\"},\"inLanguage\":\"de\",\"potentialAction\":[{\"@type\":\"ReadAction\",\"target\":[\"https:\/\/www.hospizhilfe-siegen.de\/?page_id=248\"]}]},{\"@type\":\"BreadcrumbList\",\"@id\":\"https:\/\/www.hospizhilfe-siegen.de\/?page_id=248#breadcrumb\",\"itemListElement\":[{\"@type\":\"ListItem\",\"position\":1,\"name\":\"Startseite\",\"item\":\"https:\/\/www.hospizhilfe-siegen.de\/\"},{\"@type\":\"ListItem\",\"position\":2,\"name\":\"Ihre Mithilfe\"}]},{\"@type\":\"WebSite\",\"@id\":\"https:\/\/www.hospizhilfe-siegen.de\/#website\",\"url\":\"https:\/\/www.hospizhilfe-siegen.de\/\",\"name\":\"hospizhilfe siegen\",\"description\":\"\",\"publisher\":{\"@id\":\"https:\/\/www.hospizhilfe-siegen.de\/#organization\"},\"potentialAction\":[{\"@type\":\"SearchAction\",\"target\":{\"@type\":\"EntryPoint\",\"urlTemplate\":\"https:\/\/www.hospizhilfe-siegen.de\/?s={search_term_string}\"},\"query-input\":{\"@type\":\"PropertyValueSpecification\",\"valueRequired\":true,\"valueName\":\"search_term_string\"}}],\"inLanguage\":\"de\"},{\"@type\":\"Organization\",\"@id\":\"https:\/\/www.hospizhilfe-siegen.de\/#organization\",\"name\":\"Ambulante \u00f6kumenische Hospizhilfe Siegen e.V.\",\"url\":\"https:\/\/www.hospizhilfe-siegen.de\/\",\"logo\":{\"@type\":\"ImageObject\",\"inLanguage\":\"de\",\"@id\":\"https:\/\/www.hospizhilfe-siegen.de\/#\/schema\/logo\/image\/\",\"url\":\"https:\/\/www.hospizhilfe-siegen.de\/wp-content\/uploads\/2017\/03\/logo_400.jpg\",\"contentUrl\":\"https:\/\/www.hospizhilfe-siegen.de\/wp-content\/uploads\/2017\/03\/logo_400.jpg\",\"width\":407,\"height\":159,\"caption\":\"Ambulante \u00f6kumenische Hospizhilfe Siegen e.V.\"},\"image\":{\"@id\":\"https:\/\/www.hospizhilfe-siegen.de\/#\/schema\/logo\/image\/\"},\"sameAs\":[\"https:\/\/www.facebook.com\/HospizhilfeSiegen\"]}]}<\/script>\n<!-- \/ Yoast SEO plugin. -->","yoast_head_json":{"title":"Ihre Mithilfe - hospizhilfe siegen","robots":{"index":"index","follow":"follow","max-snippet":"max-snippet:-1","max-image-preview":"max-image-preview:large","max-video-preview":"max-video-preview:-1"},"canonical":"https:\/\/www.hospizhilfe-siegen.de\/?page_id=248","og_locale":"de_DE","og_type":"article","og_title":"Ihre Mithilfe - hospizhilfe siegen","og_description":"Sie k\u00f6nnen uns unterst\u00fctzen! Wenn Sie ehrenamtlich mitarbeiten wollen, finden Sie hier weitere Informationen! Wenn Sie Mitglied werden m\u00f6chten, lesen Sie hier weiter! Wenn Sie spenden m\u00f6chten, lesen Sie hier alles, was Sie dazu wissen m\u00fcssen!","og_url":"https:\/\/www.hospizhilfe-siegen.de\/?page_id=248","og_site_name":"hospizhilfe siegen","article_publisher":"https:\/\/www.facebook.com\/HospizhilfeSiegen","article_modified_time":"2020-04-29T17:46:15+00:00","twitter_card":"summary_large_image","schema":{"@context":"https:\/\/schema.org","@graph":[{"@type":"WebPage","@id":"https:\/\/www.hospizhilfe-siegen.de\/?page_id=248","url":"https:\/\/www.hospizhilfe-siegen.de\/?page_id=248","name":"Ihre Mithilfe - hospizhilfe siegen","isPartOf":{"@id":"https:\/\/www.hospizhilfe-siegen.de\/#website"},"datePublished":"2017-03-22T13:43:38+00:00","dateModified":"2020-04-29T17:46:15+00:00","breadcrumb":{"@id":"https:\/\/www.hospizhilfe-siegen.de\/?page_id=248#breadcrumb"},"inLanguage":"de","potentialAction":[{"@type":"ReadAction","target":["https:\/\/www.hospizhilfe-siegen.de\/?page_id=248"]}]},{"@type":"BreadcrumbList","@id":"https:\/\/www.hospizhilfe-siegen.de\/?page_id=248#breadcrumb","itemListElement":[{"@type":"ListItem","position":1,"name":"Startseite","item":"https:\/\/www.hospizhilfe-siegen.de\/"},{"@type":"ListItem","position":2,"name":"Ihre Mithilfe"}]},{"@type":"WebSite","@id":"https:\/\/www.hospizhilfe-siegen.de\/#website","url":"https:\/\/www.hospizhilfe-siegen.de\/","name":"hospizhilfe siegen","description":"","publisher":{"@id":"https:\/\/www.hospizhilfe-siegen.de\/#organization"},"potentialAction":[{"@type":"SearchAction","target":{"@type":"EntryPoint","urlTemplate":"https:\/\/www.hospizhilfe-siegen.de\/?s={search_term_string}"},"query-input":{"@type":"PropertyValueSpecification","valueRequired":true,"valueName":"search_term_string"}}],"inLanguage":"de"},{"@type":"Organization","@id":"https:\/\/www.hospizhilfe-siegen.de\/#organization","name":"Ambulante \u00f6kumenische Hospizhilfe Siegen e.V.","url":"https:\/\/www.hospizhilfe-siegen.de\/","logo":{"@type":"ImageObject","inLanguage":"de","@id":"https:\/\/www.hospizhilfe-siegen.de\/#\/schema\/logo\/image\/","url":"https:\/\/www.hospizhilfe-siegen.de\/wp-content\/uploads\/2017\/03\/logo_400.jpg","contentUrl":"https:\/\/www.hospizhilfe-siegen.de\/wp-content\/uploads\/2017\/03\/logo_400.jpg","width":407,"height":159,"caption":"Ambulante \u00f6kumenische Hospizhilfe Siegen e.V."},"image":{"@id":"https:\/\/www.hospizhilfe-siegen.de\/#\/schema\/logo\/image\/"},"sameAs":["https:\/\/www.facebook.com\/HospizhilfeSiegen"]}]}},"_links":{"self":[{"href":"https:\/\/www.hospizhilfe-siegen.de\/index.php?rest_route=\/wp\/v2\/pages\/248","targetHints":{"allow":["GET"]}}],"collection":[{"href":"https:\/\/www.hospizhilfe-siegen.de\/index.php?rest_route=\/wp\/v2\/pages"}],"about":[{"href":"https:\/\/www.hospizhilfe-siegen.de\/index.php?rest_route=\/wp\/v2\/types\/page"}],"author":[{"embeddable":true,"href":"https:\/\/www.hospizhilfe-siegen.de\/index.php?rest_route=\/wp\/v2\/users\/2"}],"replies":[{"embeddable":true,"href":"https:\/\/www.hospizhilfe-siegen.de\/index.php?rest_route=%2Fwp%2Fv2%2Fcomments&post=248"}],"version-history":[{"count":7,"href":"https:\/\/www.hospizhilfe-siegen.de\/index.php?rest_route=\/wp\/v2\/pages\/248\/revisions"}],"predecessor-version":[{"id":1941,"href":"https:\/\/www.hospizhilfe-siegen.de\/index.php?rest_route=\/wp\/v2\/pages\/248\/revisions\/1941"}],"wp:attachment":[{"href":"https:\/\/www.hospizhilfe-siegen.de\/index.php?rest_route=%2Fwp%2Fv2%2Fmedia&parent=248"}],"curies":[{"name":"wp","href":"https:\/\/api.w.org\/{rel}","templated":true}]}}