{"id":251,"date":"2017-03-22T13:44:31","date_gmt":"2017-03-22T13:44:31","guid":{"rendered":"https:\/\/www.hospizhilfe-siegen.de\/?page_id=251"},"modified":"2024-05-15T08:29:07","modified_gmt":"2024-05-15T08:29:07","slug":"ehrenamtlich-mitarbeiten","status":"publish","type":"page","link":"https:\/\/www.hospizhilfe-siegen.de\/?page_id=251","title":{"rendered":"Ehrenamtlich mitarbeiten"},"content":{"rendered":"\n<figure class=\"wp-block-image size-large\"><img loading=\"lazy\" decoding=\"async\" width=\"1024\" height=\"643\" src=\"https:\/\/www.hospizhilfe-siegen.de\/wp-content\/uploads\/2024\/04\/Zertifikate-2024-1024x643.jpg\" alt=\"\" class=\"wp-image-3642\" srcset=\"https:\/\/www.hospizhilfe-siegen.de\/wp-content\/uploads\/2024\/04\/Zertifikate-2024-1024x643.jpg 1024w, https:\/\/www.hospizhilfe-siegen.de\/wp-content\/uploads\/2024\/04\/Zertifikate-2024-300x188.jpg 300w, https:\/\/www.hospizhilfe-siegen.de\/wp-content\/uploads\/2024\/04\/Zertifikate-2024-768x482.jpg 768w, https:\/\/www.hospizhilfe-siegen.de\/wp-content\/uploads\/2024\/04\/Zertifikate-2024-1536x964.jpg 1536w, https:\/\/www.hospizhilfe-siegen.de\/wp-content\/uploads\/2024\/04\/Zertifikate-2024-2048x1285.jpg 2048w\" sizes=\"auto, (max-width: 1024px) 100vw, 1024px\" \/><figcaption class=\"wp-element-caption\">Ausbildung 2023\/24<\/figcaption><\/figure>\n\n\n\n<p>Regelm\u00e4\u00dfig bietet die Ambulanten \u00f6kumenische Hospizhilfe Siegen e.V. in Kooperation mit der&nbsp;Koordinationsstelle f\u00fcr Ambulante Hospizarbeit&nbsp;&nbsp;neue Ausbildungskurse an.<br>Die Ausbildung umfasst einen Grund- und Aufbaukurs und eine Hospitation. Im ersten Teil der Ausbildung steht die Auseinandersetzung mit den eigenen Verlusten im Vordergrund. Im Verlauf der Ausbildung werden neben der Selbsterfahrung vielf\u00e4ltige Kenntnisse \u00fcber die Bed\u00fcrfnisse und das seelische Erleben Schwerstkranker und Sterbender vermittelt. Weitere wichtige Themen sind die Kommunikation mit Schwerstkranken, Geschichte und Organisation der Hospizarbeit, Palliativmedizin, Schmerztherapie und der hilfreiche Umgang mit Trauernden.<br>Die ehrenamtlichen Mitarbeiter*innen k\u00f6nnen bei den Sterbenden und deren Angeh\u00f6rigen zuhause, aber auch in Pflegeeinrichtungen oder Krankenh\u00e4usern eingesetzt werden. Dar\u00fcber hinaus k\u00f6nnen sie im Trauercaf\u00e9, bei Trauerwanderungen oder auch in der \u00d6ffentlichkeitsarbeit aktiv t\u00e4tig werden.<br>Die Voraussetzungen f\u00fcr das ehrenamtliche Engagement ist die Bereitschaft, sich pers\u00f6nlich mit der eigenen Biographie auseinanderzusetzen und regelm\u00e4\u00dfig einmal in der Woche f\u00fcr einige Stunden Zeit zur Verf\u00fcgung zu stellen. <br>Die Ehrenamtlichen treffen sich nach der Ausbildung in regelm\u00e4\u00dfigen Gruppentreffen, Fortbildungen und Fallbesprechungen weiterhin zum Austausch.<\/p>\n\n\n\n<p>Weitere Informationen finden Sie <a href=\"https:\/\/www.hospizhilfe-siegen.de\/wp-admin\/post.php?post=207&amp;action=edit\" target=\"_blank\" rel=\"noreferrer noopener\">hier<\/a><\/p>\n\n\n\n<p><a href=\"https:\/\/www.caritas-siegen.de\/2018\/04\/30\/schoen-dass-du-da-bist-ein-hospizbegleiter-erzaehlt-von-seinem-ehrenamt\/https:\/\/www.caritas-siegen.de\/2018\/04\/30\/schoen-dass-du-da-bist-ein-hospizbegleiter-erzaehlt-von-seinem-ehrenamt\/\" target=\"_blank\" rel=\"noopener noreferrer\">Ein Interview mit einem ehrenamtlich T\u00e4tigen k\u00f6nnen Sie hier nachlesen!<\/a><\/p>\n\n\n\n<p><strong>Sollten Sie Interesse an einer ehrenamtlichen T\u00e4tigkeit haben,<br>melden Sie sich jederzeit :<br><\/strong>Telefon : <strong>0160 99494056<br><\/strong>mail :<strong> <\/strong><a href=\"mailto:koordination-hospizarbeit@caritas-siegen.de\">koordination-hospizarbeit@caritas-siegen.de<\/a><\/p>\n\n\n\n<p>Zwei Beispiele ehrenamtlicher Begleitung finden Sie <a href=\"https:\/\/www.hospizhilfe-siegen.de\/?page_id=767\" target=\"_blank\" rel=\"noreferrer noopener\">hier:<\/a><\/p>\n\n\n\n<figure class=\"wp-block-image\"><a href=\"https:\/\/www.hospizhilfe-siegen.de\/?page_id=767\" target=\"_blank\" rel=\"noopener noreferrer\"><img loading=\"lazy\" decoding=\"async\" width=\"1024\" height=\"544\" src=\"https:\/\/www.hospizhilfe-siegen.de\/wp-content\/uploads\/2017\/10\/Bildschirmfoto-2017-11-08-um-14.06.07-1024x544.png\" alt=\"WDR Beitrag ambulante Hospizarbeit 2016\" class=\"wp-image-838\" srcset=\"https:\/\/www.hospizhilfe-siegen.de\/wp-content\/uploads\/2017\/10\/Bildschirmfoto-2017-11-08-um-14.06.07-1024x544.png 1024w, https:\/\/www.hospizhilfe-siegen.de\/wp-content\/uploads\/2017\/10\/Bildschirmfoto-2017-11-08-um-14.06.07-300x159.png 300w, https:\/\/www.hospizhilfe-siegen.de\/wp-content\/uploads\/2017\/10\/Bildschirmfoto-2017-11-08-um-14.06.07-768x408.png 768w, https:\/\/www.hospizhilfe-siegen.de\/wp-content\/uploads\/2017\/10\/Bildschirmfoto-2017-11-08-um-14.06.07.png 1271w\" sizes=\"auto, (max-width: 1024px) 100vw, 1024px\" \/><\/a><\/figure>\n","protected":false},"excerpt":{"rendered":"<p>Regelm\u00e4\u00dfig bietet die Ambulanten \u00f6kumenische Hospizhilfe Siegen e.V. in Kooperation mit der&nbsp;Koordinationsstelle f\u00fcr Ambulante Hospizarbeit&nbsp;&nbsp;neue Ausbildungskurse an.Die Ausbildung umfasst einen Grund- und Aufbaukurs und eine Hospitation. Im ersten Teil der Ausbildung steht die Auseinandersetzung mit den eigenen Verlusten im Vordergrund.<\/p>\n","protected":false},"author":2,"featured_media":0,"parent":248,"menu_order":0,"comment_status":"closed","ping_status":"closed","template":"","meta":{"_mc_calendar":[],"footnotes":""},"class_list":["post-251","page","type-page","status-publish","hentry"],"yoast_head":"<!-- This site is optimized with the Yoast SEO plugin v26.3 - https:\/\/yoast.com\/wordpress\/plugins\/seo\/ -->\n<title>Ehrenamtlich mitarbeiten - hospizhilfe siegen<\/title>\n<meta name=\"robots\" content=\"index, follow, max-snippet:-1, max-image-preview:large, max-video-preview:-1\" \/>\n<link rel=\"canonical\" href=\"https:\/\/www.hospizhilfe-siegen.de\/?page_id=251\" \/>\n<meta property=\"og:locale\" content=\"de_DE\" \/>\n<meta property=\"og:type\" content=\"article\" \/>\n<meta property=\"og:title\" content=\"Ehrenamtlich mitarbeiten - hospizhilfe siegen\" \/>\n<meta property=\"og:description\" content=\"Regelm\u00e4\u00dfig bietet die Ambulanten \u00f6kumenische Hospizhilfe Siegen e.V. in Kooperation mit der&nbsp;Koordinationsstelle f\u00fcr Ambulante Hospizarbeit&nbsp;&nbsp;neue Ausbildungskurse an.Die Ausbildung umfasst einen Grund- und Aufbaukurs und eine Hospitation. Im ersten Teil der Ausbildung steht die Auseinandersetzung mit den eigenen Verlusten im Vordergrund.\" \/>\n<meta property=\"og:url\" content=\"https:\/\/www.hospizhilfe-siegen.de\/?page_id=251\" \/>\n<meta property=\"og:site_name\" content=\"hospizhilfe siegen\" \/>\n<meta property=\"article:publisher\" content=\"https:\/\/www.facebook.com\/HospizhilfeSiegen\" \/>\n<meta property=\"article:modified_time\" content=\"2024-05-15T08:29:07+00:00\" \/>\n<meta property=\"og:image\" content=\"https:\/\/www.hospizhilfe-siegen.de\/wp-content\/uploads\/2024\/04\/Zertifikate-2024-1024x643.jpg\" \/>\n<meta name=\"twitter:card\" content=\"summary_large_image\" \/>\n<meta name=\"twitter:label1\" content=\"Gesch\u00e4tzte Lesezeit\" \/>\n\t<meta name=\"twitter:data1\" content=\"2\u00a0Minuten\" \/>\n<script type=\"application\/ld+json\" class=\"yoast-schema-graph\">{\"@context\":\"https:\/\/schema.org\",\"@graph\":[{\"@type\":\"WebPage\",\"@id\":\"https:\/\/www.hospizhilfe-siegen.de\/?page_id=251\",\"url\":\"https:\/\/www.hospizhilfe-siegen.de\/?page_id=251\",\"name\":\"Ehrenamtlich mitarbeiten - hospizhilfe siegen\",\"isPartOf\":{\"@id\":\"https:\/\/www.hospizhilfe-siegen.de\/#website\"},\"primaryImageOfPage\":{\"@id\":\"https:\/\/www.hospizhilfe-siegen.de\/?page_id=251#primaryimage\"},\"image\":{\"@id\":\"https:\/\/www.hospizhilfe-siegen.de\/?page_id=251#primaryimage\"},\"thumbnailUrl\":\"https:\/\/www.hospizhilfe-siegen.de\/wp-content\/uploads\/2024\/04\/Zertifikate-2024-1024x643.jpg\",\"datePublished\":\"2017-03-22T13:44:31+00:00\",\"dateModified\":\"2024-05-15T08:29:07+00:00\",\"breadcrumb\":{\"@id\":\"https:\/\/www.hospizhilfe-siegen.de\/?page_id=251#breadcrumb\"},\"inLanguage\":\"de\",\"potentialAction\":[{\"@type\":\"ReadAction\",\"target\":[\"https:\/\/www.hospizhilfe-siegen.de\/?page_id=251\"]}]},{\"@type\":\"ImageObject\",\"inLanguage\":\"de\",\"@id\":\"https:\/\/www.hospizhilfe-siegen.de\/?page_id=251#primaryimage\",\"url\":\"https:\/\/www.hospizhilfe-siegen.de\/wp-content\/uploads\/2024\/04\/Zertifikate-2024-scaled.jpg\",\"contentUrl\":\"https:\/\/www.hospizhilfe-siegen.de\/wp-content\/uploads\/2024\/04\/Zertifikate-2024-scaled.jpg\",\"width\":2560,\"height\":1607},{\"@type\":\"BreadcrumbList\",\"@id\":\"https:\/\/www.hospizhilfe-siegen.de\/?page_id=251#breadcrumb\",\"itemListElement\":[{\"@type\":\"ListItem\",\"position\":1,\"name\":\"Startseite\",\"item\":\"https:\/\/www.hospizhilfe-siegen.de\/\"},{\"@type\":\"ListItem\",\"position\":2,\"name\":\"Ihre Mithilfe\",\"item\":\"https:\/\/www.hospizhilfe-siegen.de\/?page_id=248\"},{\"@type\":\"ListItem\",\"position\":3,\"name\":\"Ehrenamtlich mitarbeiten\"}]},{\"@type\":\"WebSite\",\"@id\":\"https:\/\/www.hospizhilfe-siegen.de\/#website\",\"url\":\"https:\/\/www.hospizhilfe-siegen.de\/\",\"name\":\"hospizhilfe siegen\",\"description\":\"\",\"publisher\":{\"@id\":\"https:\/\/www.hospizhilfe-siegen.de\/#organization\"},\"potentialAction\":[{\"@type\":\"SearchAction\",\"target\":{\"@type\":\"EntryPoint\",\"urlTemplate\":\"https:\/\/www.hospizhilfe-siegen.de\/?s={search_term_string}\"},\"query-input\":{\"@type\":\"PropertyValueSpecification\",\"valueRequired\":true,\"valueName\":\"search_term_string\"}}],\"inLanguage\":\"de\"},{\"@type\":\"Organization\",\"@id\":\"https:\/\/www.hospizhilfe-siegen.de\/#organization\",\"name\":\"Ambulante \u00f6kumenische Hospizhilfe Siegen e.V.\",\"url\":\"https:\/\/www.hospizhilfe-siegen.de\/\",\"logo\":{\"@type\":\"ImageObject\",\"inLanguage\":\"de\",\"@id\":\"https:\/\/www.hospizhilfe-siegen.de\/#\/schema\/logo\/image\/\",\"url\":\"https:\/\/www.hospizhilfe-siegen.de\/wp-content\/uploads\/2017\/03\/logo_400.jpg\",\"contentUrl\":\"https:\/\/www.hospizhilfe-siegen.de\/wp-content\/uploads\/2017\/03\/logo_400.jpg\",\"width\":407,\"height\":159,\"caption\":\"Ambulante \u00f6kumenische Hospizhilfe Siegen e.V.\"},\"image\":{\"@id\":\"https:\/\/www.hospizhilfe-siegen.de\/#\/schema\/logo\/image\/\"},\"sameAs\":[\"https:\/\/www.facebook.com\/HospizhilfeSiegen\"]}]}<\/script>\n<!-- \/ Yoast SEO plugin. -->","yoast_head_json":{"title":"Ehrenamtlich mitarbeiten - hospizhilfe siegen","robots":{"index":"index","follow":"follow","max-snippet":"max-snippet:-1","max-image-preview":"max-image-preview:large","max-video-preview":"max-video-preview:-1"},"canonical":"https:\/\/www.hospizhilfe-siegen.de\/?page_id=251","og_locale":"de_DE","og_type":"article","og_title":"Ehrenamtlich mitarbeiten - hospizhilfe siegen","og_description":"Regelm\u00e4\u00dfig bietet die Ambulanten \u00f6kumenische Hospizhilfe Siegen e.V. in Kooperation mit der&nbsp;Koordinationsstelle f\u00fcr Ambulante Hospizarbeit&nbsp;&nbsp;neue Ausbildungskurse an.Die Ausbildung umfasst einen Grund- und Aufbaukurs und eine Hospitation. Im ersten Teil der Ausbildung steht die Auseinandersetzung mit den eigenen Verlusten im Vordergrund.","og_url":"https:\/\/www.hospizhilfe-siegen.de\/?page_id=251","og_site_name":"hospizhilfe siegen","article_publisher":"https:\/\/www.facebook.com\/HospizhilfeSiegen","article_modified_time":"2024-05-15T08:29:07+00:00","og_image":[{"url":"https:\/\/www.hospizhilfe-siegen.de\/wp-content\/uploads\/2024\/04\/Zertifikate-2024-1024x643.jpg","type":"","width":"","height":""}],"twitter_card":"summary_large_image","twitter_misc":{"Gesch\u00e4tzte Lesezeit":"2\u00a0Minuten"},"schema":{"@context":"https:\/\/schema.org","@graph":[{"@type":"WebPage","@id":"https:\/\/www.hospizhilfe-siegen.de\/?page_id=251","url":"https:\/\/www.hospizhilfe-siegen.de\/?page_id=251","name":"Ehrenamtlich mitarbeiten - hospizhilfe siegen","isPartOf":{"@id":"https:\/\/www.hospizhilfe-siegen.de\/#website"},"primaryImageOfPage":{"@id":"https:\/\/www.hospizhilfe-siegen.de\/?page_id=251#primaryimage"},"image":{"@id":"https:\/\/www.hospizhilfe-siegen.de\/?page_id=251#primaryimage"},"thumbnailUrl":"https:\/\/www.hospizhilfe-siegen.de\/wp-content\/uploads\/2024\/04\/Zertifikate-2024-1024x643.jpg","datePublished":"2017-03-22T13:44:31+00:00","dateModified":"2024-05-15T08:29:07+00:00","breadcrumb":{"@id":"https:\/\/www.hospizhilfe-siegen.de\/?page_id=251#breadcrumb"},"inLanguage":"de","potentialAction":[{"@type":"ReadAction","target":["https:\/\/www.hospizhilfe-siegen.de\/?page_id=251"]}]},{"@type":"ImageObject","inLanguage":"de","@id":"https:\/\/www.hospizhilfe-siegen.de\/?page_id=251#primaryimage","url":"https:\/\/www.hospizhilfe-siegen.de\/wp-content\/uploads\/2024\/04\/Zertifikate-2024-scaled.jpg","contentUrl":"https:\/\/www.hospizhilfe-siegen.de\/wp-content\/uploads\/2024\/04\/Zertifikate-2024-scaled.jpg","width":2560,"height":1607},{"@type":"BreadcrumbList","@id":"https:\/\/www.hospizhilfe-siegen.de\/?page_id=251#breadcrumb","itemListElement":[{"@type":"ListItem","position":1,"name":"Startseite","item":"https:\/\/www.hospizhilfe-siegen.de\/"},{"@type":"ListItem","position":2,"name":"Ihre Mithilfe","item":"https:\/\/www.hospizhilfe-siegen.de\/?page_id=248"},{"@type":"ListItem","position":3,"name":"Ehrenamtlich mitarbeiten"}]},{"@type":"WebSite","@id":"https:\/\/www.hospizhilfe-siegen.de\/#website","url":"https:\/\/www.hospizhilfe-siegen.de\/","name":"hospizhilfe siegen","description":"","publisher":{"@id":"https:\/\/www.hospizhilfe-siegen.de\/#organization"},"potentialAction":[{"@type":"SearchAction","target":{"@type":"EntryPoint","urlTemplate":"https:\/\/www.hospizhilfe-siegen.de\/?s={search_term_string}"},"query-input":{"@type":"PropertyValueSpecification","valueRequired":true,"valueName":"search_term_string"}}],"inLanguage":"de"},{"@type":"Organization","@id":"https:\/\/www.hospizhilfe-siegen.de\/#organization","name":"Ambulante \u00f6kumenische Hospizhilfe Siegen e.V.","url":"https:\/\/www.hospizhilfe-siegen.de\/","logo":{"@type":"ImageObject","inLanguage":"de","@id":"https:\/\/www.hospizhilfe-siegen.de\/#\/schema\/logo\/image\/","url":"https:\/\/www.hospizhilfe-siegen.de\/wp-content\/uploads\/2017\/03\/logo_400.jpg","contentUrl":"https:\/\/www.hospizhilfe-siegen.de\/wp-content\/uploads\/2017\/03\/logo_400.jpg","width":407,"height":159,"caption":"Ambulante \u00f6kumenische Hospizhilfe Siegen e.V."},"image":{"@id":"https:\/\/www.hospizhilfe-siegen.de\/#\/schema\/logo\/image\/"},"sameAs":["https:\/\/www.facebook.com\/HospizhilfeSiegen"]}]}},"_links":{"self":[{"href":"https:\/\/www.hospizhilfe-siegen.de\/index.php?rest_route=\/wp\/v2\/pages\/251","targetHints":{"allow":["GET"]}}],"collection":[{"href":"https:\/\/www.hospizhilfe-siegen.de\/index.php?rest_route=\/wp\/v2\/pages"}],"about":[{"href":"https:\/\/www.hospizhilfe-siegen.de\/index.php?rest_route=\/wp\/v2\/types\/page"}],"author":[{"embeddable":true,"href":"https:\/\/www.hospizhilfe-siegen.de\/index.php?rest_route=\/wp\/v2\/users\/2"}],"replies":[{"embeddable":true,"href":"https:\/\/www.hospizhilfe-siegen.de\/index.php?rest_route=%2Fwp%2Fv2%2Fcomments&post=251"}],"version-history":[{"count":21,"href":"https:\/\/www.hospizhilfe-siegen.de\/index.php?rest_route=\/wp\/v2\/pages\/251\/revisions"}],"predecessor-version":[{"id":3656,"href":"https:\/\/www.hospizhilfe-siegen.de\/index.php?rest_route=\/wp\/v2\/pages\/251\/revisions\/3656"}],"up":[{"embeddable":true,"href":"https:\/\/www.hospizhilfe-siegen.de\/index.php?rest_route=\/wp\/v2\/pages\/248"}],"wp:attachment":[{"href":"https:\/\/www.hospizhilfe-siegen.de\/index.php?rest_route=%2Fwp%2Fv2%2Fmedia&parent=251"}],"curies":[{"name":"wp","href":"https:\/\/api.w.org\/{rel}","templated":true}]}}