{"id":256,"date":"2017-03-22T13:46:00","date_gmt":"2017-03-22T13:46:00","guid":{"rendered":"https:\/\/www.hospizhilfe-siegen.de\/?page_id=256"},"modified":"2025-08-28T06:16:40","modified_gmt":"2025-08-28T06:16:40","slug":"spende","status":"publish","type":"page","link":"https:\/\/www.hospizhilfe-siegen.de\/?page_id=256","title":{"rendered":"Spenden"},"content":{"rendered":"\n<figure class=\"wp-block-image\"><img loading=\"lazy\" decoding=\"async\" width=\"1024\" height=\"293\" src=\"https:\/\/www.hospizhilfe-siegen.de\/wp-content\/uploads\/2017\/05\/headergesraech3er-1024x293.jpg\" alt=\"\" class=\"wp-image-275\" srcset=\"https:\/\/www.hospizhilfe-siegen.de\/wp-content\/uploads\/2017\/05\/headergesraech3er-1024x293.jpg 1024w, https:\/\/www.hospizhilfe-siegen.de\/wp-content\/uploads\/2017\/05\/headergesraech3er-300x86.jpg 300w, https:\/\/www.hospizhilfe-siegen.de\/wp-content\/uploads\/2017\/05\/headergesraech3er-768x219.jpg 768w, https:\/\/www.hospizhilfe-siegen.de\/wp-content\/uploads\/2017\/05\/headergesraech3er.jpg 1400w\" sizes=\"auto, (max-width: 1024px) 100vw, 1024px\" \/><\/figure>\n\n\n\n<p><\/p>\n\n\n\n<p>Unsere aktiven Mitarbeiter*innen sind im Rahmen ihrer Hospizarbeit ausschlie\u00dflich ehrenamtlich t\u00e4tig und unentgeltlich im Einsatz, falls erforderlich auch an Wochenenden und in der Nacht, in Privatwohnungen, Pflegeheimen und Krankenh\u00e4usern.<br>Trotz dieses&nbsp; ehrenamtlichen&nbsp; Engagements und den gesetzlich festgelegten Zusch\u00fcssen der&nbsp; Krankenkassen, entstehen vielf\u00e4ltige Aufwendungen, die wir nur durch&nbsp; Spenden finanzieren k\u00f6nnen. Dazu z\u00e4hlen Kosten f\u00fcr eine&nbsp; notwendige&nbsp; \u00d6ffentlichkeitsarbeit, denn immer wieder h\u00f6ren wir die Aussage: &#8222;Ja, wenn wir das fr\u00fcher gewusst h\u00e4tten, dass es so etwas wie sie gibt&#8220;. Deshalb ist f\u00fcr uns eine&nbsp; angemessene \u00d6ffentlichkeitsarbeit wichtig, wie z.B. die Erstellung von&nbsp; Flyern und die Investition von heute notwendigen B\u00fcroausstattung wie PC, Beamer, Handy etc., damit&nbsp; wir unser ehrenamtliches Angebot zeitgem\u00e4\u00df vorstellen und die Inanspruchnahme unserer&nbsp; Hospizarbeit dadurch steigern k\u00f6nnen.<br>\u00dcber diese quantitativen Steigerung hinaus liegt uns eine st\u00e4ndige qualitative Verbesserung unserer Hospizarbeit ganz besonders am Herzen. Dieses Ziel erreichen wir neben einer kontinuierlichen <a href=\"https:\/\/www.hospizhilfe-siegen.de\/?page_id=207\">Grundausbildung<\/a> neuer Mitarbeiter*innen insbesondere durch eine regelm\u00e4\u00dfige Weiterbildung bereits aktiver Ehrenamtlicher in Form von Schulungen mit Schwerpunktthemen wie Demenz, Schmerztherapie aber auch Supervision, denn wir wissen aus Erfahrung, nur gut ausgebildete und innerlich gefestigte Mitarbeiter*innen k\u00f6nnen diesen gesellschaftlich wertvollen Dienst am Menschen leisten.<br>Neben diesen beiden kostenintensiven aber notwendigen Ma\u00dfnahmen und der Selbstverst\u00e4ndlichkeit eines Versicherungsschutzes&nbsp; unserer Mitarbeiter&nbsp; w\u00e4hrend ihrer Eins\u00e4tze ist die Aufrechterhaltung unserer beiden Trauercaf\u00e9s&nbsp; in Siegen und Weidenau nur durch Spendeneinnahmen&nbsp; m\u00f6glich.<\/p>\n\n\n\n<div style=\"height:74px\" aria-hidden=\"true\" class=\"wp-block-spacer\"><\/div>\n\n\n\n<p><strong>Gemeinsames Spendenkonto f\u00fcr die Hospizarbeit (Ambulante \u00f6kumenische Hospizhilfe Siegen e.V. und Caritasverband Siegen-Wittgenstein e.V.)<br>Sparkasse Siegen<\/strong><br>IBAN: DE42 4605 0001 0000 0790 79<br>BIC: WELADED1SIE<br><strong>Bitte geben Sie Ihre Adresse an, um eine Spendenquittung zu erhalten.<\/strong><\/p>\n\n\n\n<hr class=\"wp-block-separator has-alpha-channel-opacity\"\/>\n\n\n\n<p><strong>Vereinskonto Ambulante \u00f6kumenische Hospizhilfe Siegen e.V.<\/strong><br>IBAN: DE02 4605 0001 0001 2243 02 <br>BIC:   WELADED1SIE<\/p>\n","protected":false},"excerpt":{"rendered":"<p>Unsere aktiven Mitarbeiter*innen sind im Rahmen ihrer Hospizarbeit ausschlie\u00dflich ehrenamtlich t\u00e4tig und unentgeltlich im Einsatz, falls erforderlich auch an Wochenenden und in der Nacht, in Privatwohnungen, Pflegeheimen und Krankenh\u00e4usern.Trotz dieses&nbsp; ehrenamtlichen&nbsp; Engagements und den gesetzlich festgelegten Zusch\u00fcssen der&nbsp; Krankenkassen, entstehen<\/p>\n","protected":false},"author":2,"featured_media":0,"parent":248,"menu_order":0,"comment_status":"closed","ping_status":"closed","template":"","meta":{"_mc_calendar":[],"footnotes":""},"class_list":["post-256","page","type-page","status-publish","hentry"],"yoast_head":"<!-- This site is optimized with the Yoast SEO plugin v26.3 - https:\/\/yoast.com\/wordpress\/plugins\/seo\/ -->\n<title>Spenden - hospizhilfe siegen<\/title>\n<meta name=\"robots\" content=\"index, follow, max-snippet:-1, max-image-preview:large, max-video-preview:-1\" \/>\n<link rel=\"canonical\" href=\"https:\/\/www.hospizhilfe-siegen.de\/?page_id=256\" \/>\n<meta property=\"og:locale\" content=\"de_DE\" \/>\n<meta property=\"og:type\" content=\"article\" \/>\n<meta property=\"og:title\" content=\"Spenden - hospizhilfe siegen\" \/>\n<meta property=\"og:description\" content=\"Unsere aktiven Mitarbeiter*innen sind im Rahmen ihrer Hospizarbeit ausschlie\u00dflich ehrenamtlich t\u00e4tig und unentgeltlich im Einsatz, falls erforderlich auch an Wochenenden und in der Nacht, in Privatwohnungen, Pflegeheimen und Krankenh\u00e4usern.Trotz dieses&nbsp; ehrenamtlichen&nbsp; Engagements und den gesetzlich festgelegten Zusch\u00fcssen der&nbsp; Krankenkassen, entstehen\" \/>\n<meta property=\"og:url\" content=\"https:\/\/www.hospizhilfe-siegen.de\/?page_id=256\" \/>\n<meta property=\"og:site_name\" content=\"hospizhilfe siegen\" \/>\n<meta property=\"article:publisher\" content=\"https:\/\/www.facebook.com\/HospizhilfeSiegen\" \/>\n<meta property=\"article:modified_time\" content=\"2025-08-28T06:16:40+00:00\" \/>\n<meta property=\"og:image\" content=\"https:\/\/www.hospizhilfe-siegen.de\/wp-content\/uploads\/2017\/05\/headergesraech3er.jpg\" \/>\n\t<meta property=\"og:image:width\" content=\"1400\" \/>\n\t<meta property=\"og:image:height\" content=\"400\" \/>\n\t<meta property=\"og:image:type\" content=\"image\/jpeg\" \/>\n<meta name=\"twitter:card\" content=\"summary_large_image\" \/>\n<meta name=\"twitter:label1\" content=\"Gesch\u00e4tzte Lesezeit\" \/>\n\t<meta name=\"twitter:data1\" content=\"2\u00a0Minuten\" \/>\n<script type=\"application\/ld+json\" class=\"yoast-schema-graph\">{\"@context\":\"https:\/\/schema.org\",\"@graph\":[{\"@type\":\"WebPage\",\"@id\":\"https:\/\/www.hospizhilfe-siegen.de\/?page_id=256\",\"url\":\"https:\/\/www.hospizhilfe-siegen.de\/?page_id=256\",\"name\":\"Spenden - hospizhilfe siegen\",\"isPartOf\":{\"@id\":\"https:\/\/www.hospizhilfe-siegen.de\/#website\"},\"primaryImageOfPage\":{\"@id\":\"https:\/\/www.hospizhilfe-siegen.de\/?page_id=256#primaryimage\"},\"image\":{\"@id\":\"https:\/\/www.hospizhilfe-siegen.de\/?page_id=256#primaryimage\"},\"thumbnailUrl\":\"https:\/\/www.hospizhilfe-siegen.de\/wp-content\/uploads\/2017\/05\/headergesraech3er-1024x293.jpg\",\"datePublished\":\"2017-03-22T13:46:00+00:00\",\"dateModified\":\"2025-08-28T06:16:40+00:00\",\"breadcrumb\":{\"@id\":\"https:\/\/www.hospizhilfe-siegen.de\/?page_id=256#breadcrumb\"},\"inLanguage\":\"de\",\"potentialAction\":[{\"@type\":\"ReadAction\",\"target\":[\"https:\/\/www.hospizhilfe-siegen.de\/?page_id=256\"]}]},{\"@type\":\"ImageObject\",\"inLanguage\":\"de\",\"@id\":\"https:\/\/www.hospizhilfe-siegen.de\/?page_id=256#primaryimage\",\"url\":\"https:\/\/www.hospizhilfe-siegen.de\/wp-content\/uploads\/2017\/05\/headergesraech3er.jpg\",\"contentUrl\":\"https:\/\/www.hospizhilfe-siegen.de\/wp-content\/uploads\/2017\/05\/headergesraech3er.jpg\",\"width\":1400,\"height\":400},{\"@type\":\"BreadcrumbList\",\"@id\":\"https:\/\/www.hospizhilfe-siegen.de\/?page_id=256#breadcrumb\",\"itemListElement\":[{\"@type\":\"ListItem\",\"position\":1,\"name\":\"Startseite\",\"item\":\"https:\/\/www.hospizhilfe-siegen.de\/\"},{\"@type\":\"ListItem\",\"position\":2,\"name\":\"Ihre Mithilfe\",\"item\":\"https:\/\/www.hospizhilfe-siegen.de\/?page_id=248\"},{\"@type\":\"ListItem\",\"position\":3,\"name\":\"Spenden\"}]},{\"@type\":\"WebSite\",\"@id\":\"https:\/\/www.hospizhilfe-siegen.de\/#website\",\"url\":\"https:\/\/www.hospizhilfe-siegen.de\/\",\"name\":\"hospizhilfe siegen\",\"description\":\"\",\"publisher\":{\"@id\":\"https:\/\/www.hospizhilfe-siegen.de\/#organization\"},\"potentialAction\":[{\"@type\":\"SearchAction\",\"target\":{\"@type\":\"EntryPoint\",\"urlTemplate\":\"https:\/\/www.hospizhilfe-siegen.de\/?s={search_term_string}\"},\"query-input\":{\"@type\":\"PropertyValueSpecification\",\"valueRequired\":true,\"valueName\":\"search_term_string\"}}],\"inLanguage\":\"de\"},{\"@type\":\"Organization\",\"@id\":\"https:\/\/www.hospizhilfe-siegen.de\/#organization\",\"name\":\"Ambulante \u00f6kumenische Hospizhilfe Siegen e.V.\",\"url\":\"https:\/\/www.hospizhilfe-siegen.de\/\",\"logo\":{\"@type\":\"ImageObject\",\"inLanguage\":\"de\",\"@id\":\"https:\/\/www.hospizhilfe-siegen.de\/#\/schema\/logo\/image\/\",\"url\":\"https:\/\/www.hospizhilfe-siegen.de\/wp-content\/uploads\/2017\/03\/logo_400.jpg\",\"contentUrl\":\"https:\/\/www.hospizhilfe-siegen.de\/wp-content\/uploads\/2017\/03\/logo_400.jpg\",\"width\":407,\"height\":159,\"caption\":\"Ambulante \u00f6kumenische Hospizhilfe Siegen e.V.\"},\"image\":{\"@id\":\"https:\/\/www.hospizhilfe-siegen.de\/#\/schema\/logo\/image\/\"},\"sameAs\":[\"https:\/\/www.facebook.com\/HospizhilfeSiegen\"]}]}<\/script>\n<!-- \/ Yoast SEO plugin. -->","yoast_head_json":{"title":"Spenden - hospizhilfe siegen","robots":{"index":"index","follow":"follow","max-snippet":"max-snippet:-1","max-image-preview":"max-image-preview:large","max-video-preview":"max-video-preview:-1"},"canonical":"https:\/\/www.hospizhilfe-siegen.de\/?page_id=256","og_locale":"de_DE","og_type":"article","og_title":"Spenden - hospizhilfe siegen","og_description":"Unsere aktiven Mitarbeiter*innen sind im Rahmen ihrer Hospizarbeit ausschlie\u00dflich ehrenamtlich t\u00e4tig und unentgeltlich im Einsatz, falls erforderlich auch an Wochenenden und in der Nacht, in Privatwohnungen, Pflegeheimen und Krankenh\u00e4usern.Trotz dieses&nbsp; ehrenamtlichen&nbsp; Engagements und den gesetzlich festgelegten Zusch\u00fcssen der&nbsp; Krankenkassen, entstehen","og_url":"https:\/\/www.hospizhilfe-siegen.de\/?page_id=256","og_site_name":"hospizhilfe siegen","article_publisher":"https:\/\/www.facebook.com\/HospizhilfeSiegen","article_modified_time":"2025-08-28T06:16:40+00:00","og_image":[{"width":1400,"height":400,"url":"https:\/\/www.hospizhilfe-siegen.de\/wp-content\/uploads\/2017\/05\/headergesraech3er.jpg","type":"image\/jpeg"}],"twitter_card":"summary_large_image","twitter_misc":{"Gesch\u00e4tzte Lesezeit":"2\u00a0Minuten"},"schema":{"@context":"https:\/\/schema.org","@graph":[{"@type":"WebPage","@id":"https:\/\/www.hospizhilfe-siegen.de\/?page_id=256","url":"https:\/\/www.hospizhilfe-siegen.de\/?page_id=256","name":"Spenden - hospizhilfe siegen","isPartOf":{"@id":"https:\/\/www.hospizhilfe-siegen.de\/#website"},"primaryImageOfPage":{"@id":"https:\/\/www.hospizhilfe-siegen.de\/?page_id=256#primaryimage"},"image":{"@id":"https:\/\/www.hospizhilfe-siegen.de\/?page_id=256#primaryimage"},"thumbnailUrl":"https:\/\/www.hospizhilfe-siegen.de\/wp-content\/uploads\/2017\/05\/headergesraech3er-1024x293.jpg","datePublished":"2017-03-22T13:46:00+00:00","dateModified":"2025-08-28T06:16:40+00:00","breadcrumb":{"@id":"https:\/\/www.hospizhilfe-siegen.de\/?page_id=256#breadcrumb"},"inLanguage":"de","potentialAction":[{"@type":"ReadAction","target":["https:\/\/www.hospizhilfe-siegen.de\/?page_id=256"]}]},{"@type":"ImageObject","inLanguage":"de","@id":"https:\/\/www.hospizhilfe-siegen.de\/?page_id=256#primaryimage","url":"https:\/\/www.hospizhilfe-siegen.de\/wp-content\/uploads\/2017\/05\/headergesraech3er.jpg","contentUrl":"https:\/\/www.hospizhilfe-siegen.de\/wp-content\/uploads\/2017\/05\/headergesraech3er.jpg","width":1400,"height":400},{"@type":"BreadcrumbList","@id":"https:\/\/www.hospizhilfe-siegen.de\/?page_id=256#breadcrumb","itemListElement":[{"@type":"ListItem","position":1,"name":"Startseite","item":"https:\/\/www.hospizhilfe-siegen.de\/"},{"@type":"ListItem","position":2,"name":"Ihre Mithilfe","item":"https:\/\/www.hospizhilfe-siegen.de\/?page_id=248"},{"@type":"ListItem","position":3,"name":"Spenden"}]},{"@type":"WebSite","@id":"https:\/\/www.hospizhilfe-siegen.de\/#website","url":"https:\/\/www.hospizhilfe-siegen.de\/","name":"hospizhilfe siegen","description":"","publisher":{"@id":"https:\/\/www.hospizhilfe-siegen.de\/#organization"},"potentialAction":[{"@type":"SearchAction","target":{"@type":"EntryPoint","urlTemplate":"https:\/\/www.hospizhilfe-siegen.de\/?s={search_term_string}"},"query-input":{"@type":"PropertyValueSpecification","valueRequired":true,"valueName":"search_term_string"}}],"inLanguage":"de"},{"@type":"Organization","@id":"https:\/\/www.hospizhilfe-siegen.de\/#organization","name":"Ambulante \u00f6kumenische Hospizhilfe Siegen e.V.","url":"https:\/\/www.hospizhilfe-siegen.de\/","logo":{"@type":"ImageObject","inLanguage":"de","@id":"https:\/\/www.hospizhilfe-siegen.de\/#\/schema\/logo\/image\/","url":"https:\/\/www.hospizhilfe-siegen.de\/wp-content\/uploads\/2017\/03\/logo_400.jpg","contentUrl":"https:\/\/www.hospizhilfe-siegen.de\/wp-content\/uploads\/2017\/03\/logo_400.jpg","width":407,"height":159,"caption":"Ambulante \u00f6kumenische Hospizhilfe Siegen e.V."},"image":{"@id":"https:\/\/www.hospizhilfe-siegen.de\/#\/schema\/logo\/image\/"},"sameAs":["https:\/\/www.facebook.com\/HospizhilfeSiegen"]}]}},"_links":{"self":[{"href":"https:\/\/www.hospizhilfe-siegen.de\/index.php?rest_route=\/wp\/v2\/pages\/256","targetHints":{"allow":["GET"]}}],"collection":[{"href":"https:\/\/www.hospizhilfe-siegen.de\/index.php?rest_route=\/wp\/v2\/pages"}],"about":[{"href":"https:\/\/www.hospizhilfe-siegen.de\/index.php?rest_route=\/wp\/v2\/types\/page"}],"author":[{"embeddable":true,"href":"https:\/\/www.hospizhilfe-siegen.de\/index.php?rest_route=\/wp\/v2\/users\/2"}],"replies":[{"embeddable":true,"href":"https:\/\/www.hospizhilfe-siegen.de\/index.php?rest_route=%2Fwp%2Fv2%2Fcomments&post=256"}],"version-history":[{"count":13,"href":"https:\/\/www.hospizhilfe-siegen.de\/index.php?rest_route=\/wp\/v2\/pages\/256\/revisions"}],"predecessor-version":[{"id":3959,"href":"https:\/\/www.hospizhilfe-siegen.de\/index.php?rest_route=\/wp\/v2\/pages\/256\/revisions\/3959"}],"up":[{"embeddable":true,"href":"https:\/\/www.hospizhilfe-siegen.de\/index.php?rest_route=\/wp\/v2\/pages\/248"}],"wp:attachment":[{"href":"https:\/\/www.hospizhilfe-siegen.de\/index.php?rest_route=%2Fwp%2Fv2%2Fmedia&parent=256"}],"curies":[{"name":"wp","href":"https:\/\/api.w.org\/{rel}","templated":true}]}}