{"id":390,"date":"2017-06-08T08:36:16","date_gmt":"2017-06-08T08:36:16","guid":{"rendered":"https:\/\/www.hospizhilfe-siegen.de\/?page_id=390"},"modified":"2020-05-03T16:35:12","modified_gmt":"2020-05-03T16:35:12","slug":"1-siegener-hospizgespraech","status":"publish","type":"page","link":"https:\/\/www.hospizhilfe-siegen.de\/?page_id=390","title":{"rendered":"1. Siegener Hospizgespr\u00e4ch"},"content":{"rendered":"<h1>\u201eGegen die Einsamkeit Sterbender\u201c &#8211; Erstes Siegener Hospizgespr\u00e4ch der Ambulanten \u00f6kumenische Hospizhilfe Siegen e.V.<\/h1>\n<p><strong>Siegen, den 25.09.2014<\/strong> Aus Anlass ihres 20j\u00e4hrigen Bestehens hatte die Ambulante \u00f6kumenische Hospizhilfe Siegen e.V. zum ersten Siegener Hospizgespr\u00e4ch eingeladen. \u00dcber 140 Zuh\u00f6rer dr\u00e4ngten sich in den H\u00f6rsaal des St. Marien-Krankenhauses Siegen. Zun\u00e4chst stellte die Vorsitzende Gerrit Ebener-Greis gemeinsam mit Thomas Griffig, Vorstandsvorsitzender des Caritasverbandes Siegen-Wittgenstein, die Entwicklung der ambulanten Hospizarbeit dar. In Form einer \u201eKurzgeschichte\u201c wurden die Wurzeln, gelegt von Pfarrer Dr. Dr. Scheuer und Pfarrer Lieske mit einigen Ehrenamtlichen, der Stamm: die Vereinsgr\u00fcndung und die Einrichtung der Koordinationsstelle durch den Caritasverband, die \u00c4ste: die zahlreichen Mitarbeiterinnen, der Vereinsvorstand und die Koordinatorinnen, und die Fr\u00fcchte der letzten Jahren: 650 Begleitungen, \u00fcber 50 ausgebildete Ehrenamtliche und viele Veranstaltungen, dargestellt.<\/p>\n<p>Prof. Dr. Ernst Engelke von der Palliativakademie Juliusspital aus W\u00fcrzburg begann seinen Vortrag \u201eGegen die Einsamkeit Sterbender \u2013 wie Kommunikation gelingen kann\u201c mit einem eindrucksvollen Bild. \u201eWenn ein gesunder mit einem sterbenskranken Menschen spricht, ist das wie wenn ein Schachspieler mit einem Damespieler spielen will. Die Figuren des Schachspielers k\u00f6nnen sich auf dem Brett frei bewegen und vielf\u00e4ltig hin und her springen. Der Damespieler kann immer nur einen Schritt vor oder zur\u00fcck.\u201c Er schilderte die Schwierigkeiten, die durch die v\u00f6llig verschiedenen Wirklichkeiten der Sterbenskranken und der Angeh\u00f6rigen und Helfenden entstehen. Es gehe darum, sich ganz auf den Sterbenden einzustellen, dessen Bed\u00fcrfnisse und seine emotionale Befindlichkeit wahrzunehmen und aufzugreifen. Prof. Engelke ist der Ansicht, dass der Sterbenskranke wei\u00df, dass er sterben muss, dies aber h\u00e4ufig nicht kommuniziert und gegen sein Sterben auf vielf\u00e4ltige Art protestiert. \u201eTrotzdem geschieht jede Kommunikation zwischen Sterbenskrankem und Helfenden im Angesicht des Todes,\u201c so Engelke weiter. Die Begleiter sind oft \u00fcberfordert, wenn der Sterbende noch Pl\u00e4ne f\u00fcr die Zukunft macht und nicht \u00fcber sein Sterben spricht. Der landl\u00e4ufigen Meinung, dass Sterbende ihr Sterben akzeptieren m\u00fcssten, stellt er sich vehement entgegen. \u201eSterbende akzeptieren ihr Sterben nicht, und das m\u00fcssen die Begleiter akzeptieren, wenn es auch schwer f\u00e4llt.\u201c<\/p>\n<p>Im anschlie\u00dfenden Podiumsgespr\u00e4ch, moderiert von Andrea Dittmann-Dornauf, \u00e4u\u00dferten sich die Teilnehmer zu der Frage, in welcher Weise zur Verringerung der Einsamkeit Sterbender beigetragen werden kann. Eberhard Freundt, langj\u00e4hriger Mitarbeiter der Ambulanten \u00f6kumenischen Hospizhilfe Siegen, stellte \u00fcberzeugend dar, wie er sich mit seiner ganzen Person einl\u00e4sst auf das, was der Sterbende noch m\u00f6chte und ihn da abholt, wo er steht. Gabi Klein, Pflegedienstleitung der Caritas-Sozialstation und des Palliativpflegedienstes, zeigte auf, dass in der Palliativpflege mehr Zeit und die M\u00f6glichkeit vorhanden sind, den Menschen in seiner Situation wahrzunehmen, dass es aber auch da Grenzen gibt, wo Menschen trotz ihres Wunsches zu Hause zu sterben, in eine station\u00e4re Einrichtung verlegt werden m\u00fcssen. Dr. Stephan M\u00f6nninghoff stellte als Vertreter des Palliativnetzes Siegen-Wittgenstein-Olpe die verbesserte Kommunikation und Zusammenarbeit aller Beteiligten heraus. Dirk Debus, stellvertretender Leiter des Evangelischen Hospizes wies darauf hin, dass das offene Miteinander im Pflegeteam eine wichtige Voraussetzung f\u00fcr eine gute Begleitung sei. Eva Maria M\u00fcller, Vorstandsvorsitzende der BKK Achenbach-Buschh\u00fctten und ehrenamtliche Mitarbeiterin des Ambulanten Kinderhospizdienstes schilderte die intensive Begleitung von Familien mit lebensbedrohlich erkrankten Kindern. Gleichzeitig forderte sie mehr finanzielle Absicherung des gesetzlichen Anspruchs auf hospizliche und palliative Begleitung. Zum Schluss res\u00fcmierte Frau M\u00fcller \u201eGut, dass es das Hospizgespr\u00e4ch jetzt auch in Siegen gibt. Ich freue mich auf das n\u00e4chste Mal!\u201c<\/p>\n<p><strong>Fr\u00fcchte der 20 Jahre: Ambulante \u00f6kumenische Hospizhilfe Siegen e.V.<\/strong><\/p>\n<table>\n<tbody>\n<tr>\n<td width=\"328\">\n<table width=\"100%\">\n<tbody>\n<tr>\n<td>\u2022\u00a0\u00a0\u00a0\u00a0\u00a0\u00a0 650 Begleitungen<\/p>\n<p>\u2022\u00a0\u00a0\u00a0\u00a0\u00a0\u00a0 71.000 gefahrene Kilometer<\/p>\n<p>\u2022\u00a0\u00a0\u00a0\u00a0\u00a0\u00a0 50 aktive Ehrenamtliche und 15 kurz vor der Zertifikats\u00fcbergabe<\/p>\n<p>\u2022\u00a0\u00a0\u00a0\u00a0\u00a0\u00a0 ca. 400 Grundschulkinder im Projekt Hospiz macht Schule (16 Klassen)<\/p>\n<p>\u2022\u00a0\u00a0\u00a0\u00a0\u00a0\u00a0 zwei gut besuchte Trauercaf\u00e9s in Siegen und Freudenberg<\/p>\n<p>\u2022\u00a0\u00a0\u00a0\u00a0\u00a0\u00a0 Bekanntheit ist in den letzten Jahren sehr gestiegen<\/td>\n<\/tr>\n<\/tbody>\n<\/table>\n<\/td>\n<\/tr>\n<\/tbody>\n<\/table>\n<figure id=\"attachment_482\" aria-describedby=\"caption-attachment-482\" style=\"width: 1219px\" class=\"wp-caption alignnone\"><img loading=\"lazy\" decoding=\"async\" class=\"wp-image-482 size-full\" src=\"https:\/\/www.hospizhilfe-siegen.de\/wp-content\/uploads\/2017\/06\/Engelke-und-Freundt.jpg\" alt=\"Siegener Hospizgespr\u00e4ch\" width=\"1219\" height=\"982\" srcset=\"https:\/\/www.hospizhilfe-siegen.de\/wp-content\/uploads\/2017\/06\/Engelke-und-Freundt.jpg 1219w, https:\/\/www.hospizhilfe-siegen.de\/wp-content\/uploads\/2017\/06\/Engelke-und-Freundt-300x242.jpg 300w, https:\/\/www.hospizhilfe-siegen.de\/wp-content\/uploads\/2017\/06\/Engelke-und-Freundt-768x619.jpg 768w, https:\/\/www.hospizhilfe-siegen.de\/wp-content\/uploads\/2017\/06\/Engelke-und-Freundt-1024x825.jpg 1024w\" sizes=\"auto, (max-width: 1219px) 100vw, 1219px\" \/><figcaption id=\"caption-attachment-482\" class=\"wp-caption-text\">Siegener Hospizgespr\u00e4ch<\/figcaption><\/figure>\n<p>Bildunterschrift: Prof. Dr. Ernst Engelke (links) im Gespr\u00e4ch mit dem ehrenamtlichen Hospizmitarbeiter Eberhard Freundt<\/p>\n<p><a href=\"https:\/\/www.hospizhilfe-siegen.de\/wp-content\/uploads\/2017\/06\/Flyer_K0807.pdf\">Flyer_K0807<\/a><\/p>\n","protected":false},"excerpt":{"rendered":"<p>\u201eGegen die Einsamkeit Sterbender\u201c &#8211; Erstes Siegener Hospizgespr\u00e4ch der Ambulanten \u00f6kumenische Hospizhilfe Siegen e.V. Siegen, den 25.09.2014 Aus Anlass ihres 20j\u00e4hrigen Bestehens hatte die Ambulante \u00f6kumenische Hospizhilfe Siegen e.V. zum ersten Siegener Hospizgespr\u00e4ch eingeladen. \u00dcber 140 Zuh\u00f6rer dr\u00e4ngten sich in<\/p>\n","protected":false},"author":2,"featured_media":0,"parent":174,"menu_order":0,"comment_status":"closed","ping_status":"closed","template":"","meta":{"_mc_calendar":[],"footnotes":""},"class_list":["post-390","page","type-page","status-publish","hentry"],"yoast_head":"<!-- This site is optimized with the Yoast SEO plugin v26.3 - https:\/\/yoast.com\/wordpress\/plugins\/seo\/ -->\n<title>1. Siegener Hospizgespr\u00e4ch - hospizhilfe siegen<\/title>\n<meta name=\"robots\" content=\"index, follow, max-snippet:-1, max-image-preview:large, max-video-preview:-1\" \/>\n<link rel=\"canonical\" href=\"https:\/\/www.hospizhilfe-siegen.de\/?page_id=390\" \/>\n<meta property=\"og:locale\" content=\"de_DE\" \/>\n<meta property=\"og:type\" content=\"article\" \/>\n<meta property=\"og:title\" content=\"1. Siegener Hospizgespr\u00e4ch - hospizhilfe siegen\" \/>\n<meta property=\"og:description\" content=\"\u201eGegen die Einsamkeit Sterbender\u201c &#8211; Erstes Siegener Hospizgespr\u00e4ch der Ambulanten \u00f6kumenische Hospizhilfe Siegen e.V. Siegen, den 25.09.2014 Aus Anlass ihres 20j\u00e4hrigen Bestehens hatte die Ambulante \u00f6kumenische Hospizhilfe Siegen e.V. zum ersten Siegener Hospizgespr\u00e4ch eingeladen. \u00dcber 140 Zuh\u00f6rer dr\u00e4ngten sich in\" \/>\n<meta property=\"og:url\" content=\"https:\/\/www.hospizhilfe-siegen.de\/?page_id=390\" \/>\n<meta property=\"og:site_name\" content=\"hospizhilfe siegen\" \/>\n<meta property=\"article:publisher\" content=\"https:\/\/www.facebook.com\/HospizhilfeSiegen\" \/>\n<meta property=\"article:modified_time\" content=\"2020-05-03T16:35:12+00:00\" \/>\n<meta property=\"og:image\" content=\"https:\/\/www.hospizhilfe-siegen.de\/wp-content\/uploads\/2017\/06\/Engelke-und-Freundt.jpg\" \/>\n<meta name=\"twitter:card\" content=\"summary_large_image\" \/>\n<meta name=\"twitter:label1\" content=\"Gesch\u00e4tzte Lesezeit\" \/>\n\t<meta name=\"twitter:data1\" content=\"3\u00a0Minuten\" \/>\n<script type=\"application\/ld+json\" class=\"yoast-schema-graph\">{\"@context\":\"https:\/\/schema.org\",\"@graph\":[{\"@type\":\"WebPage\",\"@id\":\"https:\/\/www.hospizhilfe-siegen.de\/?page_id=390\",\"url\":\"https:\/\/www.hospizhilfe-siegen.de\/?page_id=390\",\"name\":\"1. Siegener Hospizgespr\u00e4ch - hospizhilfe siegen\",\"isPartOf\":{\"@id\":\"https:\/\/www.hospizhilfe-siegen.de\/#website\"},\"primaryImageOfPage\":{\"@id\":\"https:\/\/www.hospizhilfe-siegen.de\/?page_id=390#primaryimage\"},\"image\":{\"@id\":\"https:\/\/www.hospizhilfe-siegen.de\/?page_id=390#primaryimage\"},\"thumbnailUrl\":\"https:\/\/www.hospizhilfe-siegen.de\/wp-content\/uploads\/2017\/06\/Engelke-und-Freundt.jpg\",\"datePublished\":\"2017-06-08T08:36:16+00:00\",\"dateModified\":\"2020-05-03T16:35:12+00:00\",\"breadcrumb\":{\"@id\":\"https:\/\/www.hospizhilfe-siegen.de\/?page_id=390#breadcrumb\"},\"inLanguage\":\"de\",\"potentialAction\":[{\"@type\":\"ReadAction\",\"target\":[\"https:\/\/www.hospizhilfe-siegen.de\/?page_id=390\"]}]},{\"@type\":\"ImageObject\",\"inLanguage\":\"de\",\"@id\":\"https:\/\/www.hospizhilfe-siegen.de\/?page_id=390#primaryimage\",\"url\":\"https:\/\/www.hospizhilfe-siegen.de\/wp-content\/uploads\/2017\/06\/Engelke-und-Freundt.jpg\",\"contentUrl\":\"https:\/\/www.hospizhilfe-siegen.de\/wp-content\/uploads\/2017\/06\/Engelke-und-Freundt.jpg\"},{\"@type\":\"BreadcrumbList\",\"@id\":\"https:\/\/www.hospizhilfe-siegen.de\/?page_id=390#breadcrumb\",\"itemListElement\":[{\"@type\":\"ListItem\",\"position\":1,\"name\":\"Startseite\",\"item\":\"https:\/\/www.hospizhilfe-siegen.de\/\"},{\"@type\":\"ListItem\",\"position\":2,\"name\":\"Besondere Aktivit\u00e4ten\",\"item\":\"https:\/\/www.hospizhilfe-siegen.de\/?page_id=168\"},{\"@type\":\"ListItem\",\"position\":3,\"name\":\"Siegener Hospizgespr\u00e4che\",\"item\":\"https:\/\/www.hospizhilfe-siegen.de\/?page_id=174\"},{\"@type\":\"ListItem\",\"position\":4,\"name\":\"1. Siegener Hospizgespr\u00e4ch\"}]},{\"@type\":\"WebSite\",\"@id\":\"https:\/\/www.hospizhilfe-siegen.de\/#website\",\"url\":\"https:\/\/www.hospizhilfe-siegen.de\/\",\"name\":\"hospizhilfe siegen\",\"description\":\"\",\"publisher\":{\"@id\":\"https:\/\/www.hospizhilfe-siegen.de\/#organization\"},\"potentialAction\":[{\"@type\":\"SearchAction\",\"target\":{\"@type\":\"EntryPoint\",\"urlTemplate\":\"https:\/\/www.hospizhilfe-siegen.de\/?s={search_term_string}\"},\"query-input\":{\"@type\":\"PropertyValueSpecification\",\"valueRequired\":true,\"valueName\":\"search_term_string\"}}],\"inLanguage\":\"de\"},{\"@type\":\"Organization\",\"@id\":\"https:\/\/www.hospizhilfe-siegen.de\/#organization\",\"name\":\"Ambulante \u00f6kumenische Hospizhilfe Siegen e.V.\",\"url\":\"https:\/\/www.hospizhilfe-siegen.de\/\",\"logo\":{\"@type\":\"ImageObject\",\"inLanguage\":\"de\",\"@id\":\"https:\/\/www.hospizhilfe-siegen.de\/#\/schema\/logo\/image\/\",\"url\":\"https:\/\/www.hospizhilfe-siegen.de\/wp-content\/uploads\/2017\/03\/logo_400.jpg\",\"contentUrl\":\"https:\/\/www.hospizhilfe-siegen.de\/wp-content\/uploads\/2017\/03\/logo_400.jpg\",\"width\":407,\"height\":159,\"caption\":\"Ambulante \u00f6kumenische Hospizhilfe Siegen e.V.\"},\"image\":{\"@id\":\"https:\/\/www.hospizhilfe-siegen.de\/#\/schema\/logo\/image\/\"},\"sameAs\":[\"https:\/\/www.facebook.com\/HospizhilfeSiegen\"]}]}<\/script>\n<!-- \/ Yoast SEO plugin. -->","yoast_head_json":{"title":"1. Siegener Hospizgespr\u00e4ch - hospizhilfe siegen","robots":{"index":"index","follow":"follow","max-snippet":"max-snippet:-1","max-image-preview":"max-image-preview:large","max-video-preview":"max-video-preview:-1"},"canonical":"https:\/\/www.hospizhilfe-siegen.de\/?page_id=390","og_locale":"de_DE","og_type":"article","og_title":"1. Siegener Hospizgespr\u00e4ch - hospizhilfe siegen","og_description":"\u201eGegen die Einsamkeit Sterbender\u201c &#8211; Erstes Siegener Hospizgespr\u00e4ch der Ambulanten \u00f6kumenische Hospizhilfe Siegen e.V. Siegen, den 25.09.2014 Aus Anlass ihres 20j\u00e4hrigen Bestehens hatte die Ambulante \u00f6kumenische Hospizhilfe Siegen e.V. zum ersten Siegener Hospizgespr\u00e4ch eingeladen. \u00dcber 140 Zuh\u00f6rer dr\u00e4ngten sich in","og_url":"https:\/\/www.hospizhilfe-siegen.de\/?page_id=390","og_site_name":"hospizhilfe siegen","article_publisher":"https:\/\/www.facebook.com\/HospizhilfeSiegen","article_modified_time":"2020-05-03T16:35:12+00:00","og_image":[{"url":"https:\/\/www.hospizhilfe-siegen.de\/wp-content\/uploads\/2017\/06\/Engelke-und-Freundt.jpg","type":"","width":"","height":""}],"twitter_card":"summary_large_image","twitter_misc":{"Gesch\u00e4tzte Lesezeit":"3\u00a0Minuten"},"schema":{"@context":"https:\/\/schema.org","@graph":[{"@type":"WebPage","@id":"https:\/\/www.hospizhilfe-siegen.de\/?page_id=390","url":"https:\/\/www.hospizhilfe-siegen.de\/?page_id=390","name":"1. Siegener Hospizgespr\u00e4ch - hospizhilfe siegen","isPartOf":{"@id":"https:\/\/www.hospizhilfe-siegen.de\/#website"},"primaryImageOfPage":{"@id":"https:\/\/www.hospizhilfe-siegen.de\/?page_id=390#primaryimage"},"image":{"@id":"https:\/\/www.hospizhilfe-siegen.de\/?page_id=390#primaryimage"},"thumbnailUrl":"https:\/\/www.hospizhilfe-siegen.de\/wp-content\/uploads\/2017\/06\/Engelke-und-Freundt.jpg","datePublished":"2017-06-08T08:36:16+00:00","dateModified":"2020-05-03T16:35:12+00:00","breadcrumb":{"@id":"https:\/\/www.hospizhilfe-siegen.de\/?page_id=390#breadcrumb"},"inLanguage":"de","potentialAction":[{"@type":"ReadAction","target":["https:\/\/www.hospizhilfe-siegen.de\/?page_id=390"]}]},{"@type":"ImageObject","inLanguage":"de","@id":"https:\/\/www.hospizhilfe-siegen.de\/?page_id=390#primaryimage","url":"https:\/\/www.hospizhilfe-siegen.de\/wp-content\/uploads\/2017\/06\/Engelke-und-Freundt.jpg","contentUrl":"https:\/\/www.hospizhilfe-siegen.de\/wp-content\/uploads\/2017\/06\/Engelke-und-Freundt.jpg"},{"@type":"BreadcrumbList","@id":"https:\/\/www.hospizhilfe-siegen.de\/?page_id=390#breadcrumb","itemListElement":[{"@type":"ListItem","position":1,"name":"Startseite","item":"https:\/\/www.hospizhilfe-siegen.de\/"},{"@type":"ListItem","position":2,"name":"Besondere Aktivit\u00e4ten","item":"https:\/\/www.hospizhilfe-siegen.de\/?page_id=168"},{"@type":"ListItem","position":3,"name":"Siegener Hospizgespr\u00e4che","item":"https:\/\/www.hospizhilfe-siegen.de\/?page_id=174"},{"@type":"ListItem","position":4,"name":"1. Siegener Hospizgespr\u00e4ch"}]},{"@type":"WebSite","@id":"https:\/\/www.hospizhilfe-siegen.de\/#website","url":"https:\/\/www.hospizhilfe-siegen.de\/","name":"hospizhilfe siegen","description":"","publisher":{"@id":"https:\/\/www.hospizhilfe-siegen.de\/#organization"},"potentialAction":[{"@type":"SearchAction","target":{"@type":"EntryPoint","urlTemplate":"https:\/\/www.hospizhilfe-siegen.de\/?s={search_term_string}"},"query-input":{"@type":"PropertyValueSpecification","valueRequired":true,"valueName":"search_term_string"}}],"inLanguage":"de"},{"@type":"Organization","@id":"https:\/\/www.hospizhilfe-siegen.de\/#organization","name":"Ambulante \u00f6kumenische Hospizhilfe Siegen e.V.","url":"https:\/\/www.hospizhilfe-siegen.de\/","logo":{"@type":"ImageObject","inLanguage":"de","@id":"https:\/\/www.hospizhilfe-siegen.de\/#\/schema\/logo\/image\/","url":"https:\/\/www.hospizhilfe-siegen.de\/wp-content\/uploads\/2017\/03\/logo_400.jpg","contentUrl":"https:\/\/www.hospizhilfe-siegen.de\/wp-content\/uploads\/2017\/03\/logo_400.jpg","width":407,"height":159,"caption":"Ambulante \u00f6kumenische Hospizhilfe Siegen e.V."},"image":{"@id":"https:\/\/www.hospizhilfe-siegen.de\/#\/schema\/logo\/image\/"},"sameAs":["https:\/\/www.facebook.com\/HospizhilfeSiegen"]}]}},"_links":{"self":[{"href":"https:\/\/www.hospizhilfe-siegen.de\/index.php?rest_route=\/wp\/v2\/pages\/390","targetHints":{"allow":["GET"]}}],"collection":[{"href":"https:\/\/www.hospizhilfe-siegen.de\/index.php?rest_route=\/wp\/v2\/pages"}],"about":[{"href":"https:\/\/www.hospizhilfe-siegen.de\/index.php?rest_route=\/wp\/v2\/types\/page"}],"author":[{"embeddable":true,"href":"https:\/\/www.hospizhilfe-siegen.de\/index.php?rest_route=\/wp\/v2\/users\/2"}],"replies":[{"embeddable":true,"href":"https:\/\/www.hospizhilfe-siegen.de\/index.php?rest_route=%2Fwp%2Fv2%2Fcomments&post=390"}],"version-history":[{"count":9,"href":"https:\/\/www.hospizhilfe-siegen.de\/index.php?rest_route=\/wp\/v2\/pages\/390\/revisions"}],"predecessor-version":[{"id":1964,"href":"https:\/\/www.hospizhilfe-siegen.de\/index.php?rest_route=\/wp\/v2\/pages\/390\/revisions\/1964"}],"up":[{"embeddable":true,"href":"https:\/\/www.hospizhilfe-siegen.de\/index.php?rest_route=\/wp\/v2\/pages\/174"}],"wp:attachment":[{"href":"https:\/\/www.hospizhilfe-siegen.de\/index.php?rest_route=%2Fwp%2Fv2%2Fmedia&parent=390"}],"curies":[{"name":"wp","href":"https:\/\/api.w.org\/{rel}","templated":true}]}}