{"id":400,"date":"2017-06-08T08:51:17","date_gmt":"2017-06-08T08:51:17","guid":{"rendered":"https:\/\/www.hospizhilfe-siegen.de\/?page_id=400"},"modified":"2017-07-20T06:27:19","modified_gmt":"2017-07-20T06:27:19","slug":"2-siegener-hospizgespraech","status":"publish","type":"page","link":"https:\/\/www.hospizhilfe-siegen.de\/?page_id=400","title":{"rendered":"2. Siegener Hospizgespr\u00e4ch"},"content":{"rendered":"<h3><\/h3>\n<p><b>Das 2. Siegener Hospizgespr\u00e4ch 2016<\/b><\/p>\n<p>Das Geheimnis des Lebens ber\u00fchren &#8211;\u00a0 Spiritualit\u00e4t bei Krankheit, Sterben, Tod<\/p>\n<p>Wie stark das Interesse an dem von der Ambulanten \u00f6kumenischen Hospizhilfe Siegen in Kooperation mit dem Caritasverband Siegen-Wittgenstein f\u00fcr das 2. Siegener Hospiz- gespr\u00e4ch ausgew\u00e4hlte Thema \u00fcber \u201eSpiritualit\u00e4t am Lebensende\u201c war, zeigte sich an dem vollbesetzten H\u00f6rsaal im St. Marien-Krankenhaus Siegen. Nicht jeder Teilnehmer fand einen Sitzplatz. F\u00fcr B\u00fcrgermeister Steffen Mues war dies in seiner Begr\u00fc\u00dfungsrede ein sichtbares Zeichen f\u00fcr die meist verborgene, aber existenziell so wichtige Frage nach Spiritualit\u00e4t (nicht nur) am Lebensende. Das gro\u00dfe Interesse mache deutlich, wie wertvoll und notwendig die ehrenamtliche Arbeit in der Hospizarbeit in unserer Region ist. Er bedankte sich ausdr\u00fccklich bei den Haupt \u2013 und Ehrenamtlichen f\u00fcr ihre Arbeit. Mues w\u00f6rtlich: \u201eDurch Sie wird ein unglaubliches St\u00fcck Menschlichkeit in der letzten Lebensphase m\u00f6glich.\u201c<\/p>\n<p>Hauptredner der Veranstaltung war Dr. Erhard Weiher, Klinikseelsorger an den Universit\u00e4tskliniken Mainz, Diplomphysiker und Dr. theol. Aufgrund seiner langj\u00e4hrigen Erfahrung als Krankenhaus-Seelsorger ist f\u00fcr ihn Spiritualit\u00e4t etwas elementar Menschliches, sozusagen ein Grundbed\u00fcrfnis des Menschen. Genau wie Gef\u00fchle, so Weiher, zur Wirklichkeit des Menschen geh\u00f6ren, ist Spiritualit\u00e4t ein wichtiges, innerstes Motiv, das das ganze Leben eines Menschen, erst recht in Krankheit und beim Sterben mitbestimmt. Dabei ist es schwierig und diffus, den Begriff von Spiritualit\u00e4t einheitlich und allgemeing\u00fcltig zu definieren. Eine m\u00f6gliche Antwort, was Spiritualit\u00e4t ist, formuliert Weiher so: \u201eSpiritualit\u00e4t ist eine innerste Gestimmtheit, ein bewusster oder nicht bewusster innerer Geist , der das Alltagsleben transzendiert, aus dem heraus Menschen ihr Leben\u00a0 empfinden, sich inspiriert f\u00fchlen und ihr Leben gestalten.\u201c 1 )\u00a0 Spiritualit\u00e4t wird, gegen\u00fcber fr\u00fcherer, traditioneller Zeit, heute in der Postmoderne, in einen gr\u00f6\u00dferen Kontext gestellt und umfasst das geistige Potenzial an Selbst- und Weltempfinden, der Lebenseinstellung und der Sinnerfahrungen. Spiritualit\u00e4t ist der Geist der Lebensart und Lebens\u00e4u\u00dferungen. War Spiritualit\u00e4t noch bis vor wenigen Jahrzehnten ein Begriff der Fr\u00f6mmigkeitsgeschichte der christlichen Religion, ist er heute \u00fcber den Bereich der Religion hinausgewachsen. Spiritualit\u00e4t wird heute vorwiegend f\u00fcr eine geistliche Einstellung au\u00dferhalb der christlichen Religion verwendet ohne dass die religi\u00f6se Verbindung dabei verloren geht.<br \/>\nDiese kulturelle Ver\u00e4nderung bedeutet f\u00fcr Weiher zweierlei. Zum einen ist zu unterscheiden zwischen einer \u201ereligionsbezogenen\u201c und einer \u201enicht religionsbezogenen\u201c Spiritualit\u00e4t. Zum anderen, dass in der t\u00e4glichen Betreuung und Begleitung schwerstkranker und sterbender Patienten, alle professionell Helfenden (\u00c4rzte, Pflegepersonal, Therapeuten, Psychologen, Sozialarbeiter und auch die ehrenamtlichen Hospizmitarbeiter) gefordert sind, sich mit der Spiritualit\u00e4t auseinanderzusetzen und sie nicht mehr allein dem Seelsorger zu \u00fcberlassen. Patienten, Bewohner im Altenheim, Sterbende und ihre Angeh\u00f6rigen bringen au\u00dfer ihrer k\u00f6rperlichen Verfassung auch ihre emotionale, soziale, mentale und kulturelle, vor allem aber auch ihre spirituelle Wirklichkeit mit in die Arztpraxis, das Krankenhaus, das Pflegeheim oder Hospiz &#8211; sozusagen die ganze Innenseite ihrer Pers\u00f6nlichkeit. Es gilt, diese wertvolle Dimension der pers\u00f6nlichen Innenwelt der Spiritualit\u00e4t anzusprechen und klingen zu lassen, damit die Ganzheitlichkeit von K\u00f6rper, Geist und Seele des Menschen bei der Bew\u00e4ltigung und Linderung von Leid und Schmerz, Krankheit und Tod als eine Einheit erkannt und angesprochen wird, und er sich in Verbindung wei\u00df mit dem Geheimnis des Lebens. Denn Spiritualit\u00e4t bedeutet, das Leben in einen gr\u00f6\u00dferen Zusammenhang zu stellen.<br \/>\nIm Anschluss an den Vortrag wurden in einer Talkrunde noch \u00fcber unterschiedliche Sichtweisen und Erfahrungen aus der Praxis diskutiert. Dabei wurde deutlich, wie notwendig aber auch schwierig es heute noch ist, das Thema Spiritualit\u00e4t im Alltag anzusprechen. Deshalb fordern, so Weiher, Palliativ-Konzepte ausdr\u00fccklich, dass alle professionellen Helfer und Begleiter lernen, kundig mit der Spiritualit\u00e4t umzugehen, damit sie ihren Patienten bei der Sinnsuche beistehen k\u00f6nnen. Schlie\u00dflich legen die Patienten nicht nur ihren Leib sondern auch ihre Seele vertrauensvoll in die H\u00e4nde der verantwortlichen Betreuer und Begleiter. Ein Wegweiser in diese Richtung ist das nachstehend aufgef\u00fchrte Buch von Dr. Weiher:<br \/>\n\u201c<i>Das Geheimnis der Lebens ber\u00fchren, Spiritualit\u00e4t bei Krankheit, Sterben, Tod\u201d<\/i><\/p>\n<div id='gallery-1' class='gallery galleryid-400 gallery-columns-5 gallery-size-medium'><figure class='gallery-item'>\n\t\t\t<div class='gallery-icon landscape'>\n\t\t\t\t<a href='https:\/\/www.hospizhilfe-siegen.de\/wp-content\/uploads\/2017\/03\/2hospiztag00-e1488977689471.jpg'><img loading=\"lazy\" decoding=\"async\" width=\"300\" height=\"225\" src=\"https:\/\/www.hospizhilfe-siegen.de\/wp-content\/uploads\/2017\/03\/2hospiztag00-300x225.jpg\" class=\"attachment-medium size-medium\" alt=\"Ambulante \u00f6kumenische Hospizhilfe Siegen 2ter Siegener Hospztag\" aria-describedby=\"gallery-1-128\" srcset=\"https:\/\/www.hospizhilfe-siegen.de\/wp-content\/uploads\/2017\/03\/2hospiztag00-300x225.jpg 300w, https:\/\/www.hospizhilfe-siegen.de\/wp-content\/uploads\/2017\/03\/2hospiztag00-768x576.jpg 768w, https:\/\/www.hospizhilfe-siegen.de\/wp-content\/uploads\/2017\/03\/2hospiztag00-1024x768.jpg 1024w, https:\/\/www.hospizhilfe-siegen.de\/wp-content\/uploads\/2017\/03\/2hospiztag00-e1488977689471.jpg 800w\" sizes=\"auto, (max-width: 300px) 100vw, 300px\" \/><\/a>\n\t\t\t<\/div>\n\t\t\t\t<figcaption class='wp-caption-text gallery-caption' id='gallery-1-128'>\n\t\t\t\tDr. Erhard Weiher\n\t\t\t\t<\/figcaption><\/figure><figure class='gallery-item'>\n\t\t\t<div class='gallery-icon landscape'>\n\t\t\t\t<a href='https:\/\/www.hospizhilfe-siegen.de\/wp-content\/uploads\/2017\/03\/2hospiztag08-1-e1488977701411.jpg'><img loading=\"lazy\" decoding=\"async\" width=\"300\" height=\"225\" src=\"https:\/\/www.hospizhilfe-siegen.de\/wp-content\/uploads\/2017\/03\/2hospiztag08-1-300x225.jpg\" class=\"attachment-medium size-medium\" alt=\"Ambulante \u00f6kumenische Hospizhilfe Siegen 2ter Siegener Hospztag\" srcset=\"https:\/\/www.hospizhilfe-siegen.de\/wp-content\/uploads\/2017\/03\/2hospiztag08-1-300x225.jpg 300w, https:\/\/www.hospizhilfe-siegen.de\/wp-content\/uploads\/2017\/03\/2hospiztag08-1-768x576.jpg 768w, https:\/\/www.hospizhilfe-siegen.de\/wp-content\/uploads\/2017\/03\/2hospiztag08-1-1024x768.jpg 1024w, https:\/\/www.hospizhilfe-siegen.de\/wp-content\/uploads\/2017\/03\/2hospiztag08-1-e1488977701411.jpg 800w\" sizes=\"auto, (max-width: 300px) 100vw, 300px\" \/><\/a>\n\t\t\t<\/div><\/figure><figure class='gallery-item'>\n\t\t\t<div class='gallery-icon landscape'>\n\t\t\t\t<a href='https:\/\/www.hospizhilfe-siegen.de\/wp-content\/uploads\/2017\/03\/2hospiztag04-1-e1488977710333.jpg'><img loading=\"lazy\" decoding=\"async\" width=\"300\" height=\"225\" src=\"https:\/\/www.hospizhilfe-siegen.de\/wp-content\/uploads\/2017\/03\/2hospiztag04-1-300x225.jpg\" class=\"attachment-medium size-medium\" alt=\"Ambulante \u00f6kumenische Hospizhilfe Siegen 2ter Siegener Hospztag\" srcset=\"https:\/\/www.hospizhilfe-siegen.de\/wp-content\/uploads\/2017\/03\/2hospiztag04-1-300x225.jpg 300w, https:\/\/www.hospizhilfe-siegen.de\/wp-content\/uploads\/2017\/03\/2hospiztag04-1-768x576.jpg 768w, https:\/\/www.hospizhilfe-siegen.de\/wp-content\/uploads\/2017\/03\/2hospiztag04-1-1024x768.jpg 1024w, https:\/\/www.hospizhilfe-siegen.de\/wp-content\/uploads\/2017\/03\/2hospiztag04-1-e1488977710333.jpg 800w\" sizes=\"auto, (max-width: 300px) 100vw, 300px\" \/><\/a>\n\t\t\t<\/div><\/figure><figure class='gallery-item'>\n\t\t\t<div class='gallery-icon landscape'>\n\t\t\t\t<a href='https:\/\/www.hospizhilfe-siegen.de\/wp-content\/uploads\/2017\/03\/2hospiztag07-1-e1488977718612.jpg'><img loading=\"lazy\" decoding=\"async\" width=\"300\" height=\"225\" src=\"https:\/\/www.hospizhilfe-siegen.de\/wp-content\/uploads\/2017\/03\/2hospiztag07-1-300x225.jpg\" class=\"attachment-medium size-medium\" alt=\"Ambulante \u00f6kumenische Hospizhilfe Siegen 2ter Siegener Hospztag\" srcset=\"https:\/\/www.hospizhilfe-siegen.de\/wp-content\/uploads\/2017\/03\/2hospiztag07-1-300x225.jpg 300w, https:\/\/www.hospizhilfe-siegen.de\/wp-content\/uploads\/2017\/03\/2hospiztag07-1-768x576.jpg 768w, https:\/\/www.hospizhilfe-siegen.de\/wp-content\/uploads\/2017\/03\/2hospiztag07-1-1024x768.jpg 1024w, https:\/\/www.hospizhilfe-siegen.de\/wp-content\/uploads\/2017\/03\/2hospiztag07-1-e1488977718612.jpg 800w\" sizes=\"auto, (max-width: 300px) 100vw, 300px\" \/><\/a>\n\t\t\t<\/div><\/figure><figure class='gallery-item'>\n\t\t\t<div class='gallery-icon landscape'>\n\t\t\t\t<a href='https:\/\/www.hospizhilfe-siegen.de\/wp-content\/uploads\/2017\/03\/2hospiztag03-1-e1488977731371.jpg'><img loading=\"lazy\" decoding=\"async\" width=\"300\" height=\"225\" src=\"https:\/\/www.hospizhilfe-siegen.de\/wp-content\/uploads\/2017\/03\/2hospiztag03-1-300x225.jpg\" class=\"attachment-medium size-medium\" alt=\"Ambulante \u00f6kumenische Hospizhilfe Siegen 2ter Siegener Hospztag\" srcset=\"https:\/\/www.hospizhilfe-siegen.de\/wp-content\/uploads\/2017\/03\/2hospiztag03-1-300x225.jpg 300w, https:\/\/www.hospizhilfe-siegen.de\/wp-content\/uploads\/2017\/03\/2hospiztag03-1-768x576.jpg 768w, https:\/\/www.hospizhilfe-siegen.de\/wp-content\/uploads\/2017\/03\/2hospiztag03-1-1024x768.jpg 1024w, https:\/\/www.hospizhilfe-siegen.de\/wp-content\/uploads\/2017\/03\/2hospiztag03-1-e1488977731371.jpg 800w\" sizes=\"auto, (max-width: 300px) 100vw, 300px\" \/><\/a>\n\t\t\t<\/div><\/figure><figure class='gallery-item'>\n\t\t\t<div class='gallery-icon landscape'>\n\t\t\t\t<a href='https:\/\/www.hospizhilfe-siegen.de\/wp-content\/uploads\/2017\/03\/2hospiztag06-1-e1488977738883.jpg'><img loading=\"lazy\" decoding=\"async\" width=\"300\" height=\"225\" src=\"https:\/\/www.hospizhilfe-siegen.de\/wp-content\/uploads\/2017\/03\/2hospiztag06-1-300x225.jpg\" class=\"attachment-medium size-medium\" alt=\"Ambulante \u00f6kumenische Hospizhilfe Siegen 2ter Siegener Hospztag\" srcset=\"https:\/\/www.hospizhilfe-siegen.de\/wp-content\/uploads\/2017\/03\/2hospiztag06-1-300x225.jpg 300w, https:\/\/www.hospizhilfe-siegen.de\/wp-content\/uploads\/2017\/03\/2hospiztag06-1-768x576.jpg 768w, https:\/\/www.hospizhilfe-siegen.de\/wp-content\/uploads\/2017\/03\/2hospiztag06-1-1024x768.jpg 1024w, https:\/\/www.hospizhilfe-siegen.de\/wp-content\/uploads\/2017\/03\/2hospiztag06-1-e1488977738883.jpg 800w\" sizes=\"auto, (max-width: 300px) 100vw, 300px\" \/><\/a>\n\t\t\t<\/div><\/figure><figure class='gallery-item'>\n\t\t\t<div class='gallery-icon landscape'>\n\t\t\t\t<a href='https:\/\/www.hospizhilfe-siegen.de\/wp-content\/uploads\/2017\/03\/2hospiztag02-1-e1488977745815.jpg'><img loading=\"lazy\" decoding=\"async\" width=\"300\" height=\"225\" src=\"https:\/\/www.hospizhilfe-siegen.de\/wp-content\/uploads\/2017\/03\/2hospiztag02-1-300x225.jpg\" class=\"attachment-medium size-medium\" alt=\"Ambulante \u00f6kumenische Hospizhilfe Siegen 2ter Siegener Hospztag\" srcset=\"https:\/\/www.hospizhilfe-siegen.de\/wp-content\/uploads\/2017\/03\/2hospiztag02-1-300x225.jpg 300w, https:\/\/www.hospizhilfe-siegen.de\/wp-content\/uploads\/2017\/03\/2hospiztag02-1-768x576.jpg 768w, https:\/\/www.hospizhilfe-siegen.de\/wp-content\/uploads\/2017\/03\/2hospiztag02-1-1024x768.jpg 1024w, https:\/\/www.hospizhilfe-siegen.de\/wp-content\/uploads\/2017\/03\/2hospiztag02-1-e1488977745815.jpg 800w\" sizes=\"auto, (max-width: 300px) 100vw, 300px\" \/><\/a>\n\t\t\t<\/div><\/figure><figure class='gallery-item'>\n\t\t\t<div class='gallery-icon landscape'>\n\t\t\t\t<a href='https:\/\/www.hospizhilfe-siegen.de\/wp-content\/uploads\/2017\/03\/2hospiztag05-1-e1488977754766.jpg'><img loading=\"lazy\" decoding=\"async\" width=\"300\" height=\"225\" src=\"https:\/\/www.hospizhilfe-siegen.de\/wp-content\/uploads\/2017\/03\/2hospiztag05-1-300x225.jpg\" class=\"attachment-medium size-medium\" alt=\"Ambulante \u00f6kumenische Hospizhilfe Siegen 2ter Siegener Hospztag\" srcset=\"https:\/\/www.hospizhilfe-siegen.de\/wp-content\/uploads\/2017\/03\/2hospiztag05-1-300x225.jpg 300w, https:\/\/www.hospizhilfe-siegen.de\/wp-content\/uploads\/2017\/03\/2hospiztag05-1-768x576.jpg 768w, https:\/\/www.hospizhilfe-siegen.de\/wp-content\/uploads\/2017\/03\/2hospiztag05-1-1024x768.jpg 1024w, https:\/\/www.hospizhilfe-siegen.de\/wp-content\/uploads\/2017\/03\/2hospiztag05-1-e1488977754766.jpg 800w\" sizes=\"auto, (max-width: 300px) 100vw, 300px\" \/><\/a>\n\t\t\t<\/div><\/figure><figure class='gallery-item'>\n\t\t\t<div class='gallery-icon landscape'>\n\t\t\t\t<a href='https:\/\/www.hospizhilfe-siegen.de\/wp-content\/uploads\/2017\/03\/2hospiztag01-1-e1488977762923.jpg'><img loading=\"lazy\" decoding=\"async\" width=\"300\" height=\"225\" src=\"https:\/\/www.hospizhilfe-siegen.de\/wp-content\/uploads\/2017\/03\/2hospiztag01-1-300x225.jpg\" class=\"attachment-medium size-medium\" alt=\"Ambulante \u00f6kumenische Hospizhilfe Siegen 2ter Siegener Hospztag\" srcset=\"https:\/\/www.hospizhilfe-siegen.de\/wp-content\/uploads\/2017\/03\/2hospiztag01-1-300x225.jpg 300w, https:\/\/www.hospizhilfe-siegen.de\/wp-content\/uploads\/2017\/03\/2hospiztag01-1-768x576.jpg 768w, https:\/\/www.hospizhilfe-siegen.de\/wp-content\/uploads\/2017\/03\/2hospiztag01-1-1024x768.jpg 1024w, https:\/\/www.hospizhilfe-siegen.de\/wp-content\/uploads\/2017\/03\/2hospiztag01-1-e1488977762923.jpg 800w\" sizes=\"auto, (max-width: 300px) 100vw, 300px\" \/><\/a>\n\t\t\t<\/div><\/figure>\n\t\t<\/div>\n\n","protected":false},"excerpt":{"rendered":"<p>Das 2. Siegener Hospizgespr\u00e4ch 2016 Das Geheimnis des Lebens ber\u00fchren &#8211;\u00a0 Spiritualit\u00e4t bei Krankheit, Sterben, Tod Wie stark das Interesse an dem von der Ambulanten \u00f6kumenischen Hospizhilfe Siegen in Kooperation mit dem Caritasverband Siegen-Wittgenstein f\u00fcr das 2. Siegener Hospiz- gespr\u00e4ch<\/p>\n","protected":false},"author":2,"featured_media":0,"parent":174,"menu_order":0,"comment_status":"closed","ping_status":"closed","template":"","meta":{"_mc_calendar":[],"footnotes":""},"class_list":["post-400","page","type-page","status-publish","hentry"],"yoast_head":"<!-- This site is optimized with the Yoast SEO plugin v26.3 - https:\/\/yoast.com\/wordpress\/plugins\/seo\/ -->\n<title>2. Siegener Hospizgespr\u00e4ch - hospizhilfe siegen<\/title>\n<meta name=\"robots\" content=\"index, follow, max-snippet:-1, max-image-preview:large, max-video-preview:-1\" \/>\n<link rel=\"canonical\" href=\"https:\/\/www.hospizhilfe-siegen.de\/?page_id=400\" \/>\n<meta property=\"og:locale\" content=\"de_DE\" \/>\n<meta property=\"og:type\" content=\"article\" \/>\n<meta property=\"og:title\" content=\"2. Siegener Hospizgespr\u00e4ch - hospizhilfe siegen\" \/>\n<meta property=\"og:description\" content=\"Das 2. Siegener Hospizgespr\u00e4ch 2016 Das Geheimnis des Lebens ber\u00fchren &#8211;\u00a0 Spiritualit\u00e4t bei Krankheit, Sterben, Tod Wie stark das Interesse an dem von der Ambulanten \u00f6kumenischen Hospizhilfe Siegen in Kooperation mit dem Caritasverband Siegen-Wittgenstein f\u00fcr das 2. Siegener Hospiz- gespr\u00e4ch\" \/>\n<meta property=\"og:url\" content=\"https:\/\/www.hospizhilfe-siegen.de\/?page_id=400\" \/>\n<meta property=\"og:site_name\" content=\"hospizhilfe siegen\" \/>\n<meta property=\"article:publisher\" content=\"https:\/\/www.facebook.com\/HospizhilfeSiegen\" \/>\n<meta property=\"article:modified_time\" content=\"2017-07-20T06:27:19+00:00\" \/>\n<meta property=\"og:image\" content=\"https:\/\/www.hospizhilfe-siegen.de\/wp-content\/uploads\/2017\/03\/2hospiztag00-300x225.jpg\" \/>\n<meta name=\"twitter:card\" content=\"summary_large_image\" \/>\n<meta name=\"twitter:label1\" content=\"Gesch\u00e4tzte Lesezeit\" \/>\n\t<meta name=\"twitter:data1\" content=\"3\u00a0Minuten\" \/>\n<script type=\"application\/ld+json\" class=\"yoast-schema-graph\">{\"@context\":\"https:\/\/schema.org\",\"@graph\":[{\"@type\":\"WebPage\",\"@id\":\"https:\/\/www.hospizhilfe-siegen.de\/?page_id=400\",\"url\":\"https:\/\/www.hospizhilfe-siegen.de\/?page_id=400\",\"name\":\"2. Siegener Hospizgespr\u00e4ch - hospizhilfe siegen\",\"isPartOf\":{\"@id\":\"https:\/\/www.hospizhilfe-siegen.de\/#website\"},\"datePublished\":\"2017-06-08T08:51:17+00:00\",\"dateModified\":\"2017-07-20T06:27:19+00:00\",\"breadcrumb\":{\"@id\":\"https:\/\/www.hospizhilfe-siegen.de\/?page_id=400#breadcrumb\"},\"inLanguage\":\"de\",\"potentialAction\":[{\"@type\":\"ReadAction\",\"target\":[\"https:\/\/www.hospizhilfe-siegen.de\/?page_id=400\"]}]},{\"@type\":\"BreadcrumbList\",\"@id\":\"https:\/\/www.hospizhilfe-siegen.de\/?page_id=400#breadcrumb\",\"itemListElement\":[{\"@type\":\"ListItem\",\"position\":1,\"name\":\"Startseite\",\"item\":\"https:\/\/www.hospizhilfe-siegen.de\/\"},{\"@type\":\"ListItem\",\"position\":2,\"name\":\"Besondere Aktivit\u00e4ten\",\"item\":\"https:\/\/www.hospizhilfe-siegen.de\/?page_id=168\"},{\"@type\":\"ListItem\",\"position\":3,\"name\":\"Siegener Hospizgespr\u00e4che\",\"item\":\"https:\/\/www.hospizhilfe-siegen.de\/?page_id=174\"},{\"@type\":\"ListItem\",\"position\":4,\"name\":\"2. Siegener Hospizgespr\u00e4ch\"}]},{\"@type\":\"WebSite\",\"@id\":\"https:\/\/www.hospizhilfe-siegen.de\/#website\",\"url\":\"https:\/\/www.hospizhilfe-siegen.de\/\",\"name\":\"hospizhilfe siegen\",\"description\":\"\",\"publisher\":{\"@id\":\"https:\/\/www.hospizhilfe-siegen.de\/#organization\"},\"potentialAction\":[{\"@type\":\"SearchAction\",\"target\":{\"@type\":\"EntryPoint\",\"urlTemplate\":\"https:\/\/www.hospizhilfe-siegen.de\/?s={search_term_string}\"},\"query-input\":{\"@type\":\"PropertyValueSpecification\",\"valueRequired\":true,\"valueName\":\"search_term_string\"}}],\"inLanguage\":\"de\"},{\"@type\":\"Organization\",\"@id\":\"https:\/\/www.hospizhilfe-siegen.de\/#organization\",\"name\":\"Ambulante \u00f6kumenische Hospizhilfe Siegen e.V.\",\"url\":\"https:\/\/www.hospizhilfe-siegen.de\/\",\"logo\":{\"@type\":\"ImageObject\",\"inLanguage\":\"de\",\"@id\":\"https:\/\/www.hospizhilfe-siegen.de\/#\/schema\/logo\/image\/\",\"url\":\"https:\/\/www.hospizhilfe-siegen.de\/wp-content\/uploads\/2017\/03\/logo_400.jpg\",\"contentUrl\":\"https:\/\/www.hospizhilfe-siegen.de\/wp-content\/uploads\/2017\/03\/logo_400.jpg\",\"width\":407,\"height\":159,\"caption\":\"Ambulante \u00f6kumenische Hospizhilfe Siegen e.V.\"},\"image\":{\"@id\":\"https:\/\/www.hospizhilfe-siegen.de\/#\/schema\/logo\/image\/\"},\"sameAs\":[\"https:\/\/www.facebook.com\/HospizhilfeSiegen\"]}]}<\/script>\n<!-- \/ Yoast SEO plugin. -->","yoast_head_json":{"title":"2. Siegener Hospizgespr\u00e4ch - hospizhilfe siegen","robots":{"index":"index","follow":"follow","max-snippet":"max-snippet:-1","max-image-preview":"max-image-preview:large","max-video-preview":"max-video-preview:-1"},"canonical":"https:\/\/www.hospizhilfe-siegen.de\/?page_id=400","og_locale":"de_DE","og_type":"article","og_title":"2. Siegener Hospizgespr\u00e4ch - hospizhilfe siegen","og_description":"Das 2. Siegener Hospizgespr\u00e4ch 2016 Das Geheimnis des Lebens ber\u00fchren &#8211;\u00a0 Spiritualit\u00e4t bei Krankheit, Sterben, Tod Wie stark das Interesse an dem von der Ambulanten \u00f6kumenischen Hospizhilfe Siegen in Kooperation mit dem Caritasverband Siegen-Wittgenstein f\u00fcr das 2. Siegener Hospiz- gespr\u00e4ch","og_url":"https:\/\/www.hospizhilfe-siegen.de\/?page_id=400","og_site_name":"hospizhilfe siegen","article_publisher":"https:\/\/www.facebook.com\/HospizhilfeSiegen","article_modified_time":"2017-07-20T06:27:19+00:00","og_image":[{"url":"https:\/\/www.hospizhilfe-siegen.de\/wp-content\/uploads\/2017\/03\/2hospiztag00-300x225.jpg","type":"","width":"","height":""}],"twitter_card":"summary_large_image","twitter_misc":{"Gesch\u00e4tzte Lesezeit":"3\u00a0Minuten"},"schema":{"@context":"https:\/\/schema.org","@graph":[{"@type":"WebPage","@id":"https:\/\/www.hospizhilfe-siegen.de\/?page_id=400","url":"https:\/\/www.hospizhilfe-siegen.de\/?page_id=400","name":"2. Siegener Hospizgespr\u00e4ch - hospizhilfe siegen","isPartOf":{"@id":"https:\/\/www.hospizhilfe-siegen.de\/#website"},"datePublished":"2017-06-08T08:51:17+00:00","dateModified":"2017-07-20T06:27:19+00:00","breadcrumb":{"@id":"https:\/\/www.hospizhilfe-siegen.de\/?page_id=400#breadcrumb"},"inLanguage":"de","potentialAction":[{"@type":"ReadAction","target":["https:\/\/www.hospizhilfe-siegen.de\/?page_id=400"]}]},{"@type":"BreadcrumbList","@id":"https:\/\/www.hospizhilfe-siegen.de\/?page_id=400#breadcrumb","itemListElement":[{"@type":"ListItem","position":1,"name":"Startseite","item":"https:\/\/www.hospizhilfe-siegen.de\/"},{"@type":"ListItem","position":2,"name":"Besondere Aktivit\u00e4ten","item":"https:\/\/www.hospizhilfe-siegen.de\/?page_id=168"},{"@type":"ListItem","position":3,"name":"Siegener Hospizgespr\u00e4che","item":"https:\/\/www.hospizhilfe-siegen.de\/?page_id=174"},{"@type":"ListItem","position":4,"name":"2. Siegener Hospizgespr\u00e4ch"}]},{"@type":"WebSite","@id":"https:\/\/www.hospizhilfe-siegen.de\/#website","url":"https:\/\/www.hospizhilfe-siegen.de\/","name":"hospizhilfe siegen","description":"","publisher":{"@id":"https:\/\/www.hospizhilfe-siegen.de\/#organization"},"potentialAction":[{"@type":"SearchAction","target":{"@type":"EntryPoint","urlTemplate":"https:\/\/www.hospizhilfe-siegen.de\/?s={search_term_string}"},"query-input":{"@type":"PropertyValueSpecification","valueRequired":true,"valueName":"search_term_string"}}],"inLanguage":"de"},{"@type":"Organization","@id":"https:\/\/www.hospizhilfe-siegen.de\/#organization","name":"Ambulante \u00f6kumenische Hospizhilfe Siegen e.V.","url":"https:\/\/www.hospizhilfe-siegen.de\/","logo":{"@type":"ImageObject","inLanguage":"de","@id":"https:\/\/www.hospizhilfe-siegen.de\/#\/schema\/logo\/image\/","url":"https:\/\/www.hospizhilfe-siegen.de\/wp-content\/uploads\/2017\/03\/logo_400.jpg","contentUrl":"https:\/\/www.hospizhilfe-siegen.de\/wp-content\/uploads\/2017\/03\/logo_400.jpg","width":407,"height":159,"caption":"Ambulante \u00f6kumenische Hospizhilfe Siegen e.V."},"image":{"@id":"https:\/\/www.hospizhilfe-siegen.de\/#\/schema\/logo\/image\/"},"sameAs":["https:\/\/www.facebook.com\/HospizhilfeSiegen"]}]}},"_links":{"self":[{"href":"https:\/\/www.hospizhilfe-siegen.de\/index.php?rest_route=\/wp\/v2\/pages\/400","targetHints":{"allow":["GET"]}}],"collection":[{"href":"https:\/\/www.hospizhilfe-siegen.de\/index.php?rest_route=\/wp\/v2\/pages"}],"about":[{"href":"https:\/\/www.hospizhilfe-siegen.de\/index.php?rest_route=\/wp\/v2\/types\/page"}],"author":[{"embeddable":true,"href":"https:\/\/www.hospizhilfe-siegen.de\/index.php?rest_route=\/wp\/v2\/users\/2"}],"replies":[{"embeddable":true,"href":"https:\/\/www.hospizhilfe-siegen.de\/index.php?rest_route=%2Fwp%2Fv2%2Fcomments&post=400"}],"version-history":[{"count":7,"href":"https:\/\/www.hospizhilfe-siegen.de\/index.php?rest_route=\/wp\/v2\/pages\/400\/revisions"}],"predecessor-version":[{"id":1963,"href":"https:\/\/www.hospizhilfe-siegen.de\/index.php?rest_route=\/wp\/v2\/pages\/400\/revisions\/1963"}],"up":[{"embeddable":true,"href":"https:\/\/www.hospizhilfe-siegen.de\/index.php?rest_route=\/wp\/v2\/pages\/174"}],"wp:attachment":[{"href":"https:\/\/www.hospizhilfe-siegen.de\/index.php?rest_route=%2Fwp%2Fv2%2Fmedia&parent=400"}],"curies":[{"name":"wp","href":"https:\/\/api.w.org\/{rel}","templated":true}]}}