{"id":43,"date":"2017-03-06T11:42:48","date_gmt":"2017-03-06T11:42:48","guid":{"rendered":"https:\/\/www.hospizhilfe-siegen.de\/?page_id=43"},"modified":"2020-08-12T08:28:01","modified_gmt":"2020-08-12T08:28:01","slug":"impressum","status":"publish","type":"page","link":"https:\/\/www.hospizhilfe-siegen.de\/?page_id=43","title":{"rendered":"Impressum"},"content":{"rendered":"<p><b>Vereinsadresse<\/b>:<br \/>\nAmbulante \u00f6kumenische Hospizhilfe Siegen e.V.<br \/>\nGerrit Ebener-Greis<br \/>\nChristinenweg 16<br \/>\n57080 Siegen<br \/>\n<strong><br \/>\nVorsitzende:<\/strong><br \/>\nGerrit Ebener-Greis<\/p>\n<p><strong>Vereinsregisternummer:<\/strong><br \/>\nVR 2560 Amtsgericht Siegen<\/p>\n<p><strong>Sitz des Vereins:<\/strong><br \/>\nChristinenweg 16<br \/>\n57080 Siegen<\/p>\n<p><strong>Verantwortlich f\u00fcr den Inhalt:<\/strong><br \/>\nGerrit Ebener-Greis<\/p>\n<p><strong>Umsetzung Internet:<\/strong><br \/>\nGrafik+Umsetzung: greinerdesign im modulb\u00fcro<br \/>\n<a href=\"http:\/\/www.modulbuero.de\">www.modulbuero.de<\/a><\/p>\n<p><strong>Bildnachweis:<\/strong><br \/>\n<a href=\"http:\/\/www.fotostudio-kinkel.de\">Foto Kinkel<\/a><\/p>\n<p><strong>Copyright:<\/strong><br \/>\nDie vorliegenden Inhalte des Internetauftritts der Ambulante \u00f6kumenische Hospizhilfe Siegen e.V. sind urheberrechtlich gesch\u00fctzt.<br \/>\nAlle Rechte sind vorbehalten. Die Verwendung der Texte und Abbildungen, auch auszugsweise, verst\u00f6\u00dft ohne die vorherige schriftliche Zustimmung gegen die Bestimmungen des Urheberrechts und ist damit rechtswidrig.<br \/>\nDies gilt insbesondere auch f\u00fcr alle Verwertungsrechte wie die Vervielf\u00e4ltigung, die \u00dcbersetzung oder die Verwendung in elektronischen Systemen.<\/p>\n<p><strong>Rechtlicher Hinweis zur Haftung:<\/strong><br \/>\nDie Inhalte externer Links werden von uns sorgf\u00e4ltig gepr\u00fcft. Wir \u00fcbernehmen dennoch keine Haftung f\u00fcr die Inhalte der mit oder von unserer Website verlinkten externen Seiten. F\u00fcr die Inhalte externer Seiten sind ausschlie\u00dflich deren Anbieter verantwortlich.<\/p>\n<p><strong>Datenschutzerkl\u00e4rung<\/strong><br \/>\nWir freuen uns, dass Sie unsere Webseiten besuchen und bedanken uns f\u00fcr Ihr Interesse an unserem Unternehmen, unseren Produkten und unseren Webseiten. Der Schutz Ihrer Privatsph\u00e4re bei der Nutzung unserer Webseiten ist uns wichtig.<br \/>\nDaher nehmen Sie bitte nachstehende Informationen zur Kenntnis:<\/p>\n<p><strong>Anonyme Datenerhebung<\/strong><br \/>\nSie k\u00f6nnen unsere Webseiten grunds\u00e4tzlich besuchen, ohne uns mitzuteilen, wer Sie sind. Wir erfahren nur den Namen Ihres Internet Service Providers, die Webseite, von der aus Sie uns besuchen, und die Webseiten, die Sie bei uns besuchen.<br \/>\nDiese Informationen werden zu statistischen Zwecken ausgewertet. Sie bleiben als einzelne Nutzerin und einzelner Nutzer hierbei anonym.<\/p>\n<p><strong>Erhebung und Verarbeitung personenbezogener Daten:<\/strong><br \/>\nSofern Sie Service-Leistungen in Anspruch nehmen, werden in der Regel nur solche Daten erhoben, die wir zur Erbringung der Leistungen ben\u00f6tigen. Soweit wir Sie um weitergehende Daten bitten, handelt es sich um freiwillige Informationen.<br \/>\nDie Verarbeitung der pers\u00f6nlichen Daten erfolgt ausschlie\u00dflich zur Erf\u00fcllung des nachgefragten Service und zur Wahrung berechtigter eigener Gesch\u00e4ftsinteressen.<\/p>\n<p><strong>Export und Verarbeitung der Daten in Staaten au\u00dferhalb des Europ\u00e4ischen Wirtschaftsraumes:<\/strong><br \/>\nEs findet kein Export der Daten in Staaten au\u00dferhalb des EWR statt.<\/p>\n<p><strong>Nutzung und Weitergabe personenbezogener Daten:<\/strong><br \/>\nDie im Rahmen unserer Webseiten erhobenen personenbezogenen Daten werden ohne Ihre Einwilligung nur zur Vertragsabwicklung und Bearbeitung Ihrer Anfragen genutzt. Dar\u00fcber hinaus erfolgt eine Nutzung Ihrer Daten f\u00fcr Zwecke der Werbung und Marktforschung sowie zur bedarfsgerechten Gestaltung der elektronischen Dienste nur, wenn Sie hierzu zuvor Ihre Einwilligung erteilt haben. Die Nutzung Ihrer Daten f\u00fcr pers\u00f6nlich auf Sie zugeschnittene Werbung erfolgt ebenfalls nur im Falle Ihrer Einwilligung.<\/p>\n<p>Wir werden Ihre pers\u00f6nlichen Daten gegen\u00fcber anderen Unternehmen oder Institutionen weder offenlegen, \u00fcberlassen, verkaufen noch anderweitig vermarkten, sofern nicht Ihre ausdr\u00fcckliche Einverst\u00e4ndniserkl\u00e4rung vorliegt. Etwas anderes gilt, wenn wir zu einer Offenlegung und \u00dcbermittlung der Daten gesetzlich oder durch ein gerichtliches Urteil verpflichtet sind.<\/p>\n","protected":false},"excerpt":{"rendered":"<p>Vereinsadresse: Ambulante \u00f6kumenische Hospizhilfe Siegen e.V. Gerrit Ebener-Greis Christinenweg 16 57080 Siegen Vorsitzende: Gerrit Ebener-Greis Vereinsregisternummer: VR 2560 Amtsgericht Siegen Sitz des Vereins: Christinenweg 16 57080 Siegen Verantwortlich f\u00fcr den Inhalt: Gerrit Ebener-Greis Umsetzung Internet: Grafik+Umsetzung: greinerdesign im modulb\u00fcro www.modulbuero.de<\/p>\n","protected":false},"author":2,"featured_media":0,"parent":0,"menu_order":0,"comment_status":"closed","ping_status":"closed","template":"","meta":{"_mc_calendar":[],"footnotes":""},"class_list":["post-43","page","type-page","status-publish","hentry"],"yoast_head":"<!-- This site is optimized with the Yoast SEO plugin v26.3 - https:\/\/yoast.com\/wordpress\/plugins\/seo\/ -->\n<title>Impressum - hospizhilfe siegen<\/title>\n<meta name=\"robots\" content=\"index, follow, max-snippet:-1, max-image-preview:large, max-video-preview:-1\" \/>\n<link rel=\"canonical\" href=\"https:\/\/www.hospizhilfe-siegen.de\/?page_id=43\" \/>\n<meta property=\"og:locale\" content=\"de_DE\" \/>\n<meta property=\"og:type\" content=\"article\" \/>\n<meta property=\"og:title\" content=\"Impressum - hospizhilfe siegen\" \/>\n<meta property=\"og:description\" content=\"Vereinsadresse: Ambulante \u00f6kumenische Hospizhilfe Siegen e.V. Gerrit Ebener-Greis Christinenweg 16 57080 Siegen Vorsitzende: Gerrit Ebener-Greis Vereinsregisternummer: VR 2560 Amtsgericht Siegen Sitz des Vereins: Christinenweg 16 57080 Siegen Verantwortlich f\u00fcr den Inhalt: Gerrit Ebener-Greis Umsetzung Internet: Grafik+Umsetzung: greinerdesign im modulb\u00fcro www.modulbuero.de\" \/>\n<meta property=\"og:url\" content=\"https:\/\/www.hospizhilfe-siegen.de\/?page_id=43\" \/>\n<meta property=\"og:site_name\" content=\"hospizhilfe siegen\" \/>\n<meta property=\"article:publisher\" content=\"https:\/\/www.facebook.com\/HospizhilfeSiegen\" \/>\n<meta property=\"article:modified_time\" content=\"2020-08-12T08:28:01+00:00\" \/>\n<meta name=\"twitter:card\" content=\"summary_large_image\" \/>\n<meta name=\"twitter:label1\" content=\"Gesch\u00e4tzte Lesezeit\" \/>\n\t<meta name=\"twitter:data1\" content=\"2\u00a0Minuten\" \/>\n<script type=\"application\/ld+json\" class=\"yoast-schema-graph\">{\"@context\":\"https:\/\/schema.org\",\"@graph\":[{\"@type\":\"WebPage\",\"@id\":\"https:\/\/www.hospizhilfe-siegen.de\/?page_id=43\",\"url\":\"https:\/\/www.hospizhilfe-siegen.de\/?page_id=43\",\"name\":\"Impressum - hospizhilfe siegen\",\"isPartOf\":{\"@id\":\"https:\/\/www.hospizhilfe-siegen.de\/#website\"},\"datePublished\":\"2017-03-06T11:42:48+00:00\",\"dateModified\":\"2020-08-12T08:28:01+00:00\",\"breadcrumb\":{\"@id\":\"https:\/\/www.hospizhilfe-siegen.de\/?page_id=43#breadcrumb\"},\"inLanguage\":\"de\",\"potentialAction\":[{\"@type\":\"ReadAction\",\"target\":[\"https:\/\/www.hospizhilfe-siegen.de\/?page_id=43\"]}]},{\"@type\":\"BreadcrumbList\",\"@id\":\"https:\/\/www.hospizhilfe-siegen.de\/?page_id=43#breadcrumb\",\"itemListElement\":[{\"@type\":\"ListItem\",\"position\":1,\"name\":\"Startseite\",\"item\":\"https:\/\/www.hospizhilfe-siegen.de\/\"},{\"@type\":\"ListItem\",\"position\":2,\"name\":\"Impressum\"}]},{\"@type\":\"WebSite\",\"@id\":\"https:\/\/www.hospizhilfe-siegen.de\/#website\",\"url\":\"https:\/\/www.hospizhilfe-siegen.de\/\",\"name\":\"hospizhilfe siegen\",\"description\":\"\",\"publisher\":{\"@id\":\"https:\/\/www.hospizhilfe-siegen.de\/#organization\"},\"potentialAction\":[{\"@type\":\"SearchAction\",\"target\":{\"@type\":\"EntryPoint\",\"urlTemplate\":\"https:\/\/www.hospizhilfe-siegen.de\/?s={search_term_string}\"},\"query-input\":{\"@type\":\"PropertyValueSpecification\",\"valueRequired\":true,\"valueName\":\"search_term_string\"}}],\"inLanguage\":\"de\"},{\"@type\":\"Organization\",\"@id\":\"https:\/\/www.hospizhilfe-siegen.de\/#organization\",\"name\":\"Ambulante \u00f6kumenische Hospizhilfe Siegen e.V.\",\"url\":\"https:\/\/www.hospizhilfe-siegen.de\/\",\"logo\":{\"@type\":\"ImageObject\",\"inLanguage\":\"de\",\"@id\":\"https:\/\/www.hospizhilfe-siegen.de\/#\/schema\/logo\/image\/\",\"url\":\"https:\/\/www.hospizhilfe-siegen.de\/wp-content\/uploads\/2017\/03\/logo_400.jpg\",\"contentUrl\":\"https:\/\/www.hospizhilfe-siegen.de\/wp-content\/uploads\/2017\/03\/logo_400.jpg\",\"width\":407,\"height\":159,\"caption\":\"Ambulante \u00f6kumenische Hospizhilfe Siegen e.V.\"},\"image\":{\"@id\":\"https:\/\/www.hospizhilfe-siegen.de\/#\/schema\/logo\/image\/\"},\"sameAs\":[\"https:\/\/www.facebook.com\/HospizhilfeSiegen\"]}]}<\/script>\n<!-- \/ Yoast SEO plugin. -->","yoast_head_json":{"title":"Impressum - hospizhilfe siegen","robots":{"index":"index","follow":"follow","max-snippet":"max-snippet:-1","max-image-preview":"max-image-preview:large","max-video-preview":"max-video-preview:-1"},"canonical":"https:\/\/www.hospizhilfe-siegen.de\/?page_id=43","og_locale":"de_DE","og_type":"article","og_title":"Impressum - hospizhilfe siegen","og_description":"Vereinsadresse: Ambulante \u00f6kumenische Hospizhilfe Siegen e.V. Gerrit Ebener-Greis Christinenweg 16 57080 Siegen Vorsitzende: Gerrit Ebener-Greis Vereinsregisternummer: VR 2560 Amtsgericht Siegen Sitz des Vereins: Christinenweg 16 57080 Siegen Verantwortlich f\u00fcr den Inhalt: Gerrit Ebener-Greis Umsetzung Internet: Grafik+Umsetzung: greinerdesign im modulb\u00fcro www.modulbuero.de","og_url":"https:\/\/www.hospizhilfe-siegen.de\/?page_id=43","og_site_name":"hospizhilfe siegen","article_publisher":"https:\/\/www.facebook.com\/HospizhilfeSiegen","article_modified_time":"2020-08-12T08:28:01+00:00","twitter_card":"summary_large_image","twitter_misc":{"Gesch\u00e4tzte Lesezeit":"2\u00a0Minuten"},"schema":{"@context":"https:\/\/schema.org","@graph":[{"@type":"WebPage","@id":"https:\/\/www.hospizhilfe-siegen.de\/?page_id=43","url":"https:\/\/www.hospizhilfe-siegen.de\/?page_id=43","name":"Impressum - hospizhilfe siegen","isPartOf":{"@id":"https:\/\/www.hospizhilfe-siegen.de\/#website"},"datePublished":"2017-03-06T11:42:48+00:00","dateModified":"2020-08-12T08:28:01+00:00","breadcrumb":{"@id":"https:\/\/www.hospizhilfe-siegen.de\/?page_id=43#breadcrumb"},"inLanguage":"de","potentialAction":[{"@type":"ReadAction","target":["https:\/\/www.hospizhilfe-siegen.de\/?page_id=43"]}]},{"@type":"BreadcrumbList","@id":"https:\/\/www.hospizhilfe-siegen.de\/?page_id=43#breadcrumb","itemListElement":[{"@type":"ListItem","position":1,"name":"Startseite","item":"https:\/\/www.hospizhilfe-siegen.de\/"},{"@type":"ListItem","position":2,"name":"Impressum"}]},{"@type":"WebSite","@id":"https:\/\/www.hospizhilfe-siegen.de\/#website","url":"https:\/\/www.hospizhilfe-siegen.de\/","name":"hospizhilfe siegen","description":"","publisher":{"@id":"https:\/\/www.hospizhilfe-siegen.de\/#organization"},"potentialAction":[{"@type":"SearchAction","target":{"@type":"EntryPoint","urlTemplate":"https:\/\/www.hospizhilfe-siegen.de\/?s={search_term_string}"},"query-input":{"@type":"PropertyValueSpecification","valueRequired":true,"valueName":"search_term_string"}}],"inLanguage":"de"},{"@type":"Organization","@id":"https:\/\/www.hospizhilfe-siegen.de\/#organization","name":"Ambulante \u00f6kumenische Hospizhilfe Siegen e.V.","url":"https:\/\/www.hospizhilfe-siegen.de\/","logo":{"@type":"ImageObject","inLanguage":"de","@id":"https:\/\/www.hospizhilfe-siegen.de\/#\/schema\/logo\/image\/","url":"https:\/\/www.hospizhilfe-siegen.de\/wp-content\/uploads\/2017\/03\/logo_400.jpg","contentUrl":"https:\/\/www.hospizhilfe-siegen.de\/wp-content\/uploads\/2017\/03\/logo_400.jpg","width":407,"height":159,"caption":"Ambulante \u00f6kumenische Hospizhilfe Siegen e.V."},"image":{"@id":"https:\/\/www.hospizhilfe-siegen.de\/#\/schema\/logo\/image\/"},"sameAs":["https:\/\/www.facebook.com\/HospizhilfeSiegen"]}]}},"_links":{"self":[{"href":"https:\/\/www.hospizhilfe-siegen.de\/index.php?rest_route=\/wp\/v2\/pages\/43","targetHints":{"allow":["GET"]}}],"collection":[{"href":"https:\/\/www.hospizhilfe-siegen.de\/index.php?rest_route=\/wp\/v2\/pages"}],"about":[{"href":"https:\/\/www.hospizhilfe-siegen.de\/index.php?rest_route=\/wp\/v2\/types\/page"}],"author":[{"embeddable":true,"href":"https:\/\/www.hospizhilfe-siegen.de\/index.php?rest_route=\/wp\/v2\/users\/2"}],"replies":[{"embeddable":true,"href":"https:\/\/www.hospizhilfe-siegen.de\/index.php?rest_route=%2Fwp%2Fv2%2Fcomments&post=43"}],"version-history":[{"count":9,"href":"https:\/\/www.hospizhilfe-siegen.de\/index.php?rest_route=\/wp\/v2\/pages\/43\/revisions"}],"predecessor-version":[{"id":2236,"href":"https:\/\/www.hospizhilfe-siegen.de\/index.php?rest_route=\/wp\/v2\/pages\/43\/revisions\/2236"}],"wp:attachment":[{"href":"https:\/\/www.hospizhilfe-siegen.de\/index.php?rest_route=%2Fwp%2Fv2%2Fmedia&parent=43"}],"curies":[{"name":"wp","href":"https:\/\/api.w.org\/{rel}","templated":true}]}}