{"id":694,"date":"2017-10-25T09:30:17","date_gmt":"2017-10-25T09:30:17","guid":{"rendered":"https:\/\/www.hospizhilfe-siegen.de\/?page_id=694"},"modified":"2017-10-25T09:41:07","modified_gmt":"2017-10-25T09:41:07","slug":"kofferausstellung","status":"publish","type":"page","link":"https:\/\/www.hospizhilfe-siegen.de\/?page_id=694","title":{"rendered":"Kofferausstellung"},"content":{"rendered":"<h2><b>Ein Koffer f\u00fcr die letzte Reise<\/b><\/h2>\n<p><b>eine Ausstellung von Fritz Roth<br \/>\nvom 3. bis 24. Februar 2013<\/b><\/p>\n<p><img loading=\"lazy\" decoding=\"async\" class=\"alignnone size-full wp-image-696\" src=\"https:\/\/www.hospizhilfe-siegen.de\/wp-content\/uploads\/2017\/10\/A-4.jpg\" alt=\"Hospitzhilfe Siegen Kofferaustellung\" width=\"327\" height=\"218\" srcset=\"https:\/\/www.hospizhilfe-siegen.de\/wp-content\/uploads\/2017\/10\/A-4.jpg 327w, https:\/\/www.hospizhilfe-siegen.de\/wp-content\/uploads\/2017\/10\/A-4-300x200.jpg 300w\" sizes=\"auto, (max-width: 327px) 100vw, 327px\" \/>\u00a0 <img loading=\"lazy\" decoding=\"async\" class=\"alignnone size-full wp-image-695\" src=\"https:\/\/www.hospizhilfe-siegen.de\/wp-content\/uploads\/2017\/10\/A-3.jpg\" alt=\"Hospitzhilfe Siegen Kofferaustellung\" width=\"326\" height=\"217\" srcset=\"https:\/\/www.hospizhilfe-siegen.de\/wp-content\/uploads\/2017\/10\/A-3.jpg 326w, https:\/\/www.hospizhilfe-siegen.de\/wp-content\/uploads\/2017\/10\/A-3-300x200.jpg 300w\" sizes=\"auto, (max-width: 326px) 100vw, 326px\" \/><\/p>\n<p>alles ist hergerichtet, die Besucher und G\u00e4ste\u00a0 k\u00f6nnen kommen<\/p>\n<p><img loading=\"lazy\" decoding=\"async\" class=\"alignnone size-full wp-image-697\" src=\"https:\/\/www.hospizhilfe-siegen.de\/wp-content\/uploads\/2017\/10\/comp_IMG_3581.jpg\" alt=\"Hospitzhilfe Siegen Kofferaustellung\" width=\"322\" height=\"211\" srcset=\"https:\/\/www.hospizhilfe-siegen.de\/wp-content\/uploads\/2017\/10\/comp_IMG_3581.jpg 322w, https:\/\/www.hospizhilfe-siegen.de\/wp-content\/uploads\/2017\/10\/comp_IMG_3581-300x197.jpg 300w\" sizes=\"auto, (max-width: 322px) 100vw, 322px\" \/>\u00a0\u00a0 <img loading=\"lazy\" decoding=\"async\" class=\"alignnone wp-image-698\" src=\"https:\/\/www.hospizhilfe-siegen.de\/wp-content\/uploads\/2017\/10\/comp_IMG_3595.jpg\" alt=\"\" width=\"141\" height=\"211\" \/><\/p>\n<p>die Reihen f\u00fcllen sich<\/p>\n<h2><b>feierliche Er\u00f6ffnung<\/b><\/h2>\n<p><img loading=\"lazy\" decoding=\"async\" class=\"alignnone size-full wp-image-702\" src=\"https:\/\/www.hospizhilfe-siegen.de\/wp-content\/uploads\/2017\/10\/Grussworte3.jpg\" alt=\"Hospitzhilfe Siegen Kofferaustellung\" width=\"158\" height=\"202\" \/>\u00a0<img loading=\"lazy\" decoding=\"async\" class=\"alignnone size-full wp-image-700\" src=\"https:\/\/www.hospizhilfe-siegen.de\/wp-content\/uploads\/2017\/10\/A-12.jpg\" alt=\"Hospitzhilfe Siegen Kofferaustellung\" width=\"289\" height=\"201\" \/>\u00a0<img loading=\"lazy\" decoding=\"async\" class=\"alignnone size-full wp-image-701\" src=\"https:\/\/www.hospizhilfe-siegen.de\/wp-content\/uploads\/2017\/10\/A-6.jpg\" alt=\"Hospitzhilfe Siegen Kofferaustellung\" width=\"153\" height=\"201\" \/><\/p>\n<p>Zusammen mit Pfarrer Ralf Prange begr\u00fc\u00dfte unsere 1. Vorsitzende Frau Gerrit Ebener-Greis die gro\u00dfe Zahl der G\u00e4ste. F\u00fcr die musikalisch stimmungsvolle Untermalung\u00a0 sorgte Werner Hucks.<\/p>\n<p><b>ganz pers\u00f6nliche und einf\u00fchlsame Gru\u00dfworte zum Thema fanden..<\/b><\/p>\n<p><img loading=\"lazy\" decoding=\"async\" class=\"alignnone wp-image-699\" src=\"https:\/\/www.hospizhilfe-siegen.de\/wp-content\/uploads\/2017\/10\/comp_IMG_3601.jpg\" alt=\"Hospitzhilfe Siegen Kofferaustellung\" width=\"147\" height=\"197\" \/> <img loading=\"lazy\" decoding=\"async\" class=\"alignnone wp-image-703 size-full\" src=\"https:\/\/www.hospizhilfe-siegen.de\/wp-content\/uploads\/2017\/10\/Grussworte1.jpg\" alt=\"Hospitzhilfe Siegen Kofferaustellung\" width=\"169\" height=\"197\" \/> <img loading=\"lazy\" decoding=\"async\" class=\"alignnone wp-image-704\" src=\"https:\/\/www.hospizhilfe-siegen.de\/wp-content\/uploads\/2017\/10\/Grussworte2.jpg\" alt=\"Hospitzhilfe Siegen Kofferaustellung\" width=\"169\" height=\"197\" \/><\/p>\n<p>Steffen Mues\u00a0\u00a0\u00a0\u00a0\u00a0\u00a0\u00a0\u00a0\u00a0\u00a0\u00a0\u00a0\u00a0\u00a0\u00a0\u00a0\u00a0\u00a0 Rolf Fersterra\u00a0\u00a0\u00a0\u00a0\u00a0\u00a0\u00a0\u00a0\u00a0\u00a0\u00a0\u00a0\u00a0\u00a0\u00a0\u00a0\u00a0\u00a0\u00a0 Tadeusz Senkowski<br \/>\nB\u00fcrgermeister\u00a0\u00a0\u00a0\u00a0\u00a0\u00a0\u00a0\u00a0\u00a0\u00a0\u00a0\u00a0\u00a0\u00a0\u00a0\u00a0 Pfarrer Ev. Kirchen-\u00a0\u00a0\u00a0\u00a0\u00a0\u00a0\u00a0\u00a0 kathl. Krankenhaus<br \/>\nder Stadt Siegen\u00a0\u00a0\u00a0\u00a0\u00a0\u00a0\u00a0\u00a0\u00a0\u00a0\u00a0\u00a0\u00a0 kreis Siegen\u00a0\u00a0\u00a0\u00a0\u00a0\u00a0\u00a0\u00a0\u00a0\u00a0\u00a0\u00a0\u00a0\u00a0\u00a0\u00a0\u00a0\u00a0\u00a0\u00a0\u00a0\u00a0\u00a0 Seelsorger<\/p>\n<p><strong>Er\u00f6ffnungsgast: David Roth&#8230;<\/strong><\/p>\n<div id='gallery-1' class='gallery galleryid-694 gallery-columns-4 gallery-size-full'><figure class='gallery-item'>\n\t\t\t<div class='gallery-icon landscape'>\n\t\t\t\t<img loading=\"lazy\" decoding=\"async\" width=\"335\" height=\"219\" src=\"https:\/\/www.hospizhilfe-siegen.de\/wp-content\/uploads\/2017\/10\/comp_IMG_3535.jpg\" class=\"attachment-full size-full\" alt=\"Hospitzhilfe Siegen Kofferaustellung\" srcset=\"https:\/\/www.hospizhilfe-siegen.de\/wp-content\/uploads\/2017\/10\/comp_IMG_3535.jpg 335w, https:\/\/www.hospizhilfe-siegen.de\/wp-content\/uploads\/2017\/10\/comp_IMG_3535-300x196.jpg 300w\" sizes=\"auto, (max-width: 335px) 100vw, 335px\" \/>\n\t\t\t<\/div><\/figure><figure class='gallery-item'>\n\t\t\t<div class='gallery-icon portrait'>\n\t\t\t\t<img loading=\"lazy\" decoding=\"async\" width=\"161\" height=\"234\" src=\"https:\/\/www.hospizhilfe-siegen.de\/wp-content\/uploads\/2017\/10\/comp_IMG_3564.jpg\" class=\"attachment-full size-full\" alt=\"Hospitzhilfe Siegen Kofferaustellung\" \/>\n\t\t\t<\/div><\/figure><figure class='gallery-item'>\n\t\t\t<div class='gallery-icon landscape'>\n\t\t\t\t<img loading=\"lazy\" decoding=\"async\" width=\"332\" height=\"221\" src=\"https:\/\/www.hospizhilfe-siegen.de\/wp-content\/uploads\/2017\/10\/comp_IMG_3578.jpg\" class=\"attachment-full size-full\" alt=\"Hospitzhilfe Siegen Kofferaustellung\" srcset=\"https:\/\/www.hospizhilfe-siegen.de\/wp-content\/uploads\/2017\/10\/comp_IMG_3578.jpg 332w, https:\/\/www.hospizhilfe-siegen.de\/wp-content\/uploads\/2017\/10\/comp_IMG_3578-300x200.jpg 300w\" sizes=\"auto, (max-width: 332px) 100vw, 332px\" \/>\n\t\t\t<\/div><\/figure><figure class='gallery-item'>\n\t\t\t<div class='gallery-icon portrait'>\n\t\t\t\t<img loading=\"lazy\" decoding=\"async\" width=\"162\" height=\"236\" src=\"https:\/\/www.hospizhilfe-siegen.de\/wp-content\/uploads\/2017\/10\/comp_IMG_3560.jpg\" class=\"attachment-full size-full\" alt=\"Hospitzhilfe Siegen Kofferaustellung\" \/>\n\t\t\t<\/div><\/figure>\n\t\t<\/div>\n\n<p>&#8230; hier im Gespr\u00e4ch mit Gerrit Ebener-Greis und Pfarrer Ralf Prange (Ev. Christusgemeinde Siegen)&#8230;und als Interviewpartner der\u00a0 Lokalzeit S\u00fcdwestfalen des WDR<\/p>\n<p><b>Der Besucherandrang war gro\u00df&#8230;<\/b><\/p>\n<p><img loading=\"lazy\" decoding=\"async\" class=\"alignnone size-full wp-image-719\" src=\"https:\/\/www.hospizhilfe-siegen.de\/wp-content\/uploads\/2017\/10\/Besucher.jpg\" alt=\"Hospitzhilfe Siegen Kofferaustellung\" width=\"323\" height=\"217\" srcset=\"https:\/\/www.hospizhilfe-siegen.de\/wp-content\/uploads\/2017\/10\/Besucher.jpg 323w, https:\/\/www.hospizhilfe-siegen.de\/wp-content\/uploads\/2017\/10\/Besucher-300x202.jpg 300w\" sizes=\"auto, (max-width: 323px) 100vw, 323px\" \/> <img loading=\"lazy\" decoding=\"async\" class=\"alignnone size-full wp-image-718\" src=\"https:\/\/www.hospizhilfe-siegen.de\/wp-content\/uploads\/2017\/10\/A-9.jpg\" alt=\"Hospitzhilfe Siegen Kofferaustellung\" width=\"334\" height=\"215\" srcset=\"https:\/\/www.hospizhilfe-siegen.de\/wp-content\/uploads\/2017\/10\/A-9.jpg 334w, https:\/\/www.hospizhilfe-siegen.de\/wp-content\/uploads\/2017\/10\/A-9-300x193.jpg 300w\" sizes=\"auto, (max-width: 334px) 100vw, 334px\" \/> <img loading=\"lazy\" decoding=\"async\" class=\"alignnone size-full wp-image-716\" src=\"https:\/\/www.hospizhilfe-siegen.de\/wp-content\/uploads\/2017\/10\/comp_IMG_3587.jpg\" alt=\"Hospitzhilfe Siegen Kofferaustellung\" width=\"325\" height=\"215\" srcset=\"https:\/\/www.hospizhilfe-siegen.de\/wp-content\/uploads\/2017\/10\/comp_IMG_3587.jpg 325w, https:\/\/www.hospizhilfe-siegen.de\/wp-content\/uploads\/2017\/10\/comp_IMG_3587-300x198.jpg 300w\" sizes=\"auto, (max-width: 325px) 100vw, 325px\" \/> <img loading=\"lazy\" decoding=\"async\" class=\"alignnone size-full wp-image-715\" src=\"https:\/\/www.hospizhilfe-siegen.de\/wp-content\/uploads\/2017\/10\/comp_IMG_3573.jpg\" alt=\"Hospitzhilfe Siegen Kofferaustellung\" width=\"334\" height=\"212\" srcset=\"https:\/\/www.hospizhilfe-siegen.de\/wp-content\/uploads\/2017\/10\/comp_IMG_3573.jpg 334w, https:\/\/www.hospizhilfe-siegen.de\/wp-content\/uploads\/2017\/10\/comp_IMG_3573-300x190.jpg 300w\" sizes=\"auto, (max-width: 334px) 100vw, 334px\" \/> <img loading=\"lazy\" decoding=\"async\" class=\"alignnone size-full wp-image-714\" src=\"https:\/\/www.hospizhilfe-siegen.de\/wp-content\/uploads\/2017\/10\/comp_IMG_3567.jpg\" alt=\"Hospitzhilfe Siegen Kofferaustellung\" width=\"324\" height=\"213\" srcset=\"https:\/\/www.hospizhilfe-siegen.de\/wp-content\/uploads\/2017\/10\/comp_IMG_3567.jpg 324w, https:\/\/www.hospizhilfe-siegen.de\/wp-content\/uploads\/2017\/10\/comp_IMG_3567-300x197.jpg 300w\" sizes=\"auto, (max-width: 324px) 100vw, 324px\" \/> <img loading=\"lazy\" decoding=\"async\" class=\"alignnone size-full wp-image-713\" src=\"https:\/\/www.hospizhilfe-siegen.de\/wp-content\/uploads\/2017\/10\/comp_IMG_3552.jpg\" alt=\"Hospitzhilfe Siegen Kofferaustellung\" width=\"336\" height=\"214\" srcset=\"https:\/\/www.hospizhilfe-siegen.de\/wp-content\/uploads\/2017\/10\/comp_IMG_3552.jpg 336w, https:\/\/www.hospizhilfe-siegen.de\/wp-content\/uploads\/2017\/10\/comp_IMG_3552-300x191.jpg 300w\" sizes=\"auto, (max-width: 336px) 100vw, 336px\" \/><\/p>\n<p><b>&#8230; es kamen \u00fcber 2.200 Besucher<\/b><\/p>\n<p><b>Es wurden auch Koffer aus der Region ausgestellt<\/b><\/p>\n<p><img loading=\"lazy\" decoding=\"async\" class=\"alignnone size-full wp-image-720\" src=\"https:\/\/www.hospizhilfe-siegen.de\/wp-content\/uploads\/2017\/10\/A-1.jpg\" alt=\"\" width=\"167\" height=\"256\" \/>\u00a0\u00a0\u00a0\u00a0\u00a0\u00a0\u00a0\u00a0\u00a0\u00a0\u00a0\u00a0\u00a0\u00a0\u00a0\u00a0\u00a0\u00a0\u00a0\u00a0\u00a0\u00a0\u00a0\u00a0\u00a0\u00a0\u00a0\u00a0\u00a0\u00a0\u00a0\u00a0\u00a0\u00a0\u00a0\u00a0\u00a0\u00a0\u00a0\u00a0\u00a0\u00a0\u00a0\u00a0\u00a0\u00a0\u00a0\u00a0\u00a0\u00a0 <img loading=\"lazy\" decoding=\"async\" class=\"alignnone size-large wp-image-721\" src=\"https:\/\/www.hospizhilfe-siegen.de\/wp-content\/uploads\/2017\/10\/comp_IMG_3539.jpg\" alt=\"\" width=\"178\" height=\"258\" \/><\/p>\n<p>J\u00f6ran Stettner ein Physik Student aus Siegen. Der gemeinsame\u00a0 Koffer des Ehepaares Barbara und Erich\u00a0 Kerkhoff aus Siegen fand das\u00a0 besondere Interesse der WDR-Lokalzeit<b><br \/>\n<\/b><\/p>\n<p><b>Eine kleine Randnotiz zum Schlu\u00df<\/b><\/p>\n<p><img loading=\"lazy\" decoding=\"async\" class=\"alignnone size-full wp-image-723\" src=\"https:\/\/www.hospizhilfe-siegen.de\/wp-content\/uploads\/2017\/10\/comp_IMG_3522.jpg\" alt=\"\" width=\"179\" height=\"268\" \/>\u00a0\u00a0\u00a0\u00a0\u00a0\u00a0\u00a0\u00a0\u00a0\u00a0\u00a0\u00a0\u00a0\u00a0\u00a0\u00a0\u00a0\u00a0\u00a0\u00a0\u00a0\u00a0\u00a0\u00a0\u00a0\u00a0\u00a0\u00a0\u00a0\u00a0\u00a0\u00a0\u00a0\u00a0\u00a0\u00a0\u00a0\u00a0\u00a0\u00a0\u00a0\u00a0\u00a0\u00a0\u00a0\u00a0\u00a0\u00a0 <img loading=\"lazy\" decoding=\"async\" class=\"alignnone size-full wp-image-722\" src=\"https:\/\/www.hospizhilfe-siegen.de\/wp-content\/uploads\/2017\/10\/comp_IMG_3521.jpg\" alt=\"\" width=\"177\" height=\"265\" \/><\/p>\n<p><b>Kann ich die Koffer jetzt zuschlie\u00dfen ??&#8230;\u00a0\u00a0\u00a0\u00a0\u00a0\u00a0 &#8230;nein? dann eben nicht<br \/>\n<\/b><\/p>\n","protected":false},"excerpt":{"rendered":"<p>Ein Koffer f\u00fcr die letzte Reise eine Ausstellung von Fritz Roth vom 3. bis 24. Februar 2013 \u00a0 alles ist hergerichtet, die Besucher und G\u00e4ste\u00a0 k\u00f6nnen kommen \u00a0\u00a0 die Reihen f\u00fcllen sich feierliche Er\u00f6ffnung \u00a0\u00a0 Zusammen mit Pfarrer Ralf Prange<\/p>\n","protected":false},"author":2,"featured_media":0,"parent":219,"menu_order":0,"comment_status":"closed","ping_status":"closed","template":"","meta":{"_mc_calendar":[],"footnotes":""},"class_list":["post-694","page","type-page","status-publish","hentry"],"yoast_head":"<!-- This site is optimized with the Yoast SEO plugin v26.3 - https:\/\/yoast.com\/wordpress\/plugins\/seo\/ -->\n<title>Kofferausstellung - hospizhilfe siegen<\/title>\n<meta name=\"robots\" content=\"index, follow, max-snippet:-1, max-image-preview:large, max-video-preview:-1\" \/>\n<link rel=\"canonical\" href=\"https:\/\/www.hospizhilfe-siegen.de\/?page_id=694\" \/>\n<meta property=\"og:locale\" content=\"de_DE\" \/>\n<meta property=\"og:type\" content=\"article\" \/>\n<meta property=\"og:title\" content=\"Kofferausstellung - hospizhilfe siegen\" \/>\n<meta property=\"og:description\" content=\"Ein Koffer f\u00fcr die letzte Reise eine Ausstellung von Fritz Roth vom 3. bis 24. Februar 2013 \u00a0 alles ist hergerichtet, die Besucher und G\u00e4ste\u00a0 k\u00f6nnen kommen \u00a0\u00a0 die Reihen f\u00fcllen sich feierliche Er\u00f6ffnung \u00a0\u00a0 Zusammen mit Pfarrer Ralf Prange\" \/>\n<meta property=\"og:url\" content=\"https:\/\/www.hospizhilfe-siegen.de\/?page_id=694\" \/>\n<meta property=\"og:site_name\" content=\"hospizhilfe siegen\" \/>\n<meta property=\"article:publisher\" content=\"https:\/\/www.facebook.com\/HospizhilfeSiegen\" \/>\n<meta property=\"article:modified_time\" content=\"2017-10-25T09:41:07+00:00\" \/>\n<meta property=\"og:image\" content=\"https:\/\/www.hospizhilfe-siegen.de\/wp-content\/uploads\/2017\/10\/comp_IMG_3535.jpg\" \/>\n<meta name=\"twitter:card\" content=\"summary_large_image\" \/>\n<meta name=\"twitter:label1\" content=\"Gesch\u00e4tzte Lesezeit\" \/>\n\t<meta name=\"twitter:data1\" content=\"1\u00a0Minute\" \/>\n<script type=\"application\/ld+json\" class=\"yoast-schema-graph\">{\"@context\":\"https:\/\/schema.org\",\"@graph\":[{\"@type\":\"WebPage\",\"@id\":\"https:\/\/www.hospizhilfe-siegen.de\/?page_id=694\",\"url\":\"https:\/\/www.hospizhilfe-siegen.de\/?page_id=694\",\"name\":\"Kofferausstellung - hospizhilfe siegen\",\"isPartOf\":{\"@id\":\"https:\/\/www.hospizhilfe-siegen.de\/#website\"},\"primaryImageOfPage\":{\"@id\":\"https:\/\/www.hospizhilfe-siegen.de\/?page_id=694#primaryimage\"},\"image\":{\"@id\":\"https:\/\/www.hospizhilfe-siegen.de\/?page_id=694#primaryimage\"},\"thumbnailUrl\":\"https:\/\/www.hospizhilfe-siegen.de\/wp-content\/uploads\/2017\/10\/A-4.jpg\",\"datePublished\":\"2017-10-25T09:30:17+00:00\",\"dateModified\":\"2017-10-25T09:41:07+00:00\",\"breadcrumb\":{\"@id\":\"https:\/\/www.hospizhilfe-siegen.de\/?page_id=694#breadcrumb\"},\"inLanguage\":\"de\",\"potentialAction\":[{\"@type\":\"ReadAction\",\"target\":[\"https:\/\/www.hospizhilfe-siegen.de\/?page_id=694\"]}]},{\"@type\":\"ImageObject\",\"inLanguage\":\"de\",\"@id\":\"https:\/\/www.hospizhilfe-siegen.de\/?page_id=694#primaryimage\",\"url\":\"https:\/\/www.hospizhilfe-siegen.de\/wp-content\/uploads\/2017\/10\/A-4.jpg\",\"contentUrl\":\"https:\/\/www.hospizhilfe-siegen.de\/wp-content\/uploads\/2017\/10\/A-4.jpg\"},{\"@type\":\"BreadcrumbList\",\"@id\":\"https:\/\/www.hospizhilfe-siegen.de\/?page_id=694#breadcrumb\",\"itemListElement\":[{\"@type\":\"ListItem\",\"position\":1,\"name\":\"Startseite\",\"item\":\"https:\/\/www.hospizhilfe-siegen.de\/\"},{\"@type\":\"ListItem\",\"position\":2,\"name\":\"Wir \u00fcber uns\",\"item\":\"https:\/\/www.hospizhilfe-siegen.de\/?page_id=24\"},{\"@type\":\"ListItem\",\"position\":3,\"name\":\"Archiv\",\"item\":\"https:\/\/www.hospizhilfe-siegen.de\/?page_id=219\"},{\"@type\":\"ListItem\",\"position\":4,\"name\":\"Kofferausstellung\"}]},{\"@type\":\"WebSite\",\"@id\":\"https:\/\/www.hospizhilfe-siegen.de\/#website\",\"url\":\"https:\/\/www.hospizhilfe-siegen.de\/\",\"name\":\"hospizhilfe siegen\",\"description\":\"\",\"publisher\":{\"@id\":\"https:\/\/www.hospizhilfe-siegen.de\/#organization\"},\"potentialAction\":[{\"@type\":\"SearchAction\",\"target\":{\"@type\":\"EntryPoint\",\"urlTemplate\":\"https:\/\/www.hospizhilfe-siegen.de\/?s={search_term_string}\"},\"query-input\":{\"@type\":\"PropertyValueSpecification\",\"valueRequired\":true,\"valueName\":\"search_term_string\"}}],\"inLanguage\":\"de\"},{\"@type\":\"Organization\",\"@id\":\"https:\/\/www.hospizhilfe-siegen.de\/#organization\",\"name\":\"Ambulante \u00f6kumenische Hospizhilfe Siegen e.V.\",\"url\":\"https:\/\/www.hospizhilfe-siegen.de\/\",\"logo\":{\"@type\":\"ImageObject\",\"inLanguage\":\"de\",\"@id\":\"https:\/\/www.hospizhilfe-siegen.de\/#\/schema\/logo\/image\/\",\"url\":\"https:\/\/www.hospizhilfe-siegen.de\/wp-content\/uploads\/2017\/03\/logo_400.jpg\",\"contentUrl\":\"https:\/\/www.hospizhilfe-siegen.de\/wp-content\/uploads\/2017\/03\/logo_400.jpg\",\"width\":407,\"height\":159,\"caption\":\"Ambulante \u00f6kumenische Hospizhilfe Siegen e.V.\"},\"image\":{\"@id\":\"https:\/\/www.hospizhilfe-siegen.de\/#\/schema\/logo\/image\/\"},\"sameAs\":[\"https:\/\/www.facebook.com\/HospizhilfeSiegen\"]}]}<\/script>\n<!-- \/ Yoast SEO plugin. -->","yoast_head_json":{"title":"Kofferausstellung - hospizhilfe siegen","robots":{"index":"index","follow":"follow","max-snippet":"max-snippet:-1","max-image-preview":"max-image-preview:large","max-video-preview":"max-video-preview:-1"},"canonical":"https:\/\/www.hospizhilfe-siegen.de\/?page_id=694","og_locale":"de_DE","og_type":"article","og_title":"Kofferausstellung - hospizhilfe siegen","og_description":"Ein Koffer f\u00fcr die letzte Reise eine Ausstellung von Fritz Roth vom 3. bis 24. Februar 2013 \u00a0 alles ist hergerichtet, die Besucher und G\u00e4ste\u00a0 k\u00f6nnen kommen \u00a0\u00a0 die Reihen f\u00fcllen sich feierliche Er\u00f6ffnung \u00a0\u00a0 Zusammen mit Pfarrer Ralf Prange","og_url":"https:\/\/www.hospizhilfe-siegen.de\/?page_id=694","og_site_name":"hospizhilfe siegen","article_publisher":"https:\/\/www.facebook.com\/HospizhilfeSiegen","article_modified_time":"2017-10-25T09:41:07+00:00","og_image":[{"url":"https:\/\/www.hospizhilfe-siegen.de\/wp-content\/uploads\/2017\/10\/comp_IMG_3535.jpg","type":"","width":"","height":""}],"twitter_card":"summary_large_image","twitter_misc":{"Gesch\u00e4tzte Lesezeit":"1\u00a0Minute"},"schema":{"@context":"https:\/\/schema.org","@graph":[{"@type":"WebPage","@id":"https:\/\/www.hospizhilfe-siegen.de\/?page_id=694","url":"https:\/\/www.hospizhilfe-siegen.de\/?page_id=694","name":"Kofferausstellung - hospizhilfe siegen","isPartOf":{"@id":"https:\/\/www.hospizhilfe-siegen.de\/#website"},"primaryImageOfPage":{"@id":"https:\/\/www.hospizhilfe-siegen.de\/?page_id=694#primaryimage"},"image":{"@id":"https:\/\/www.hospizhilfe-siegen.de\/?page_id=694#primaryimage"},"thumbnailUrl":"https:\/\/www.hospizhilfe-siegen.de\/wp-content\/uploads\/2017\/10\/A-4.jpg","datePublished":"2017-10-25T09:30:17+00:00","dateModified":"2017-10-25T09:41:07+00:00","breadcrumb":{"@id":"https:\/\/www.hospizhilfe-siegen.de\/?page_id=694#breadcrumb"},"inLanguage":"de","potentialAction":[{"@type":"ReadAction","target":["https:\/\/www.hospizhilfe-siegen.de\/?page_id=694"]}]},{"@type":"ImageObject","inLanguage":"de","@id":"https:\/\/www.hospizhilfe-siegen.de\/?page_id=694#primaryimage","url":"https:\/\/www.hospizhilfe-siegen.de\/wp-content\/uploads\/2017\/10\/A-4.jpg","contentUrl":"https:\/\/www.hospizhilfe-siegen.de\/wp-content\/uploads\/2017\/10\/A-4.jpg"},{"@type":"BreadcrumbList","@id":"https:\/\/www.hospizhilfe-siegen.de\/?page_id=694#breadcrumb","itemListElement":[{"@type":"ListItem","position":1,"name":"Startseite","item":"https:\/\/www.hospizhilfe-siegen.de\/"},{"@type":"ListItem","position":2,"name":"Wir \u00fcber uns","item":"https:\/\/www.hospizhilfe-siegen.de\/?page_id=24"},{"@type":"ListItem","position":3,"name":"Archiv","item":"https:\/\/www.hospizhilfe-siegen.de\/?page_id=219"},{"@type":"ListItem","position":4,"name":"Kofferausstellung"}]},{"@type":"WebSite","@id":"https:\/\/www.hospizhilfe-siegen.de\/#website","url":"https:\/\/www.hospizhilfe-siegen.de\/","name":"hospizhilfe siegen","description":"","publisher":{"@id":"https:\/\/www.hospizhilfe-siegen.de\/#organization"},"potentialAction":[{"@type":"SearchAction","target":{"@type":"EntryPoint","urlTemplate":"https:\/\/www.hospizhilfe-siegen.de\/?s={search_term_string}"},"query-input":{"@type":"PropertyValueSpecification","valueRequired":true,"valueName":"search_term_string"}}],"inLanguage":"de"},{"@type":"Organization","@id":"https:\/\/www.hospizhilfe-siegen.de\/#organization","name":"Ambulante \u00f6kumenische Hospizhilfe Siegen e.V.","url":"https:\/\/www.hospizhilfe-siegen.de\/","logo":{"@type":"ImageObject","inLanguage":"de","@id":"https:\/\/www.hospizhilfe-siegen.de\/#\/schema\/logo\/image\/","url":"https:\/\/www.hospizhilfe-siegen.de\/wp-content\/uploads\/2017\/03\/logo_400.jpg","contentUrl":"https:\/\/www.hospizhilfe-siegen.de\/wp-content\/uploads\/2017\/03\/logo_400.jpg","width":407,"height":159,"caption":"Ambulante \u00f6kumenische Hospizhilfe Siegen e.V."},"image":{"@id":"https:\/\/www.hospizhilfe-siegen.de\/#\/schema\/logo\/image\/"},"sameAs":["https:\/\/www.facebook.com\/HospizhilfeSiegen"]}]}},"_links":{"self":[{"href":"https:\/\/www.hospizhilfe-siegen.de\/index.php?rest_route=\/wp\/v2\/pages\/694","targetHints":{"allow":["GET"]}}],"collection":[{"href":"https:\/\/www.hospizhilfe-siegen.de\/index.php?rest_route=\/wp\/v2\/pages"}],"about":[{"href":"https:\/\/www.hospizhilfe-siegen.de\/index.php?rest_route=\/wp\/v2\/types\/page"}],"author":[{"embeddable":true,"href":"https:\/\/www.hospizhilfe-siegen.de\/index.php?rest_route=\/wp\/v2\/users\/2"}],"replies":[{"embeddable":true,"href":"https:\/\/www.hospizhilfe-siegen.de\/index.php?rest_route=%2Fwp%2Fv2%2Fcomments&post=694"}],"version-history":[{"count":5,"href":"https:\/\/www.hospizhilfe-siegen.de\/index.php?rest_route=\/wp\/v2\/pages\/694\/revisions"}],"predecessor-version":[{"id":1604,"href":"https:\/\/www.hospizhilfe-siegen.de\/index.php?rest_route=\/wp\/v2\/pages\/694\/revisions\/1604"}],"up":[{"embeddable":true,"href":"https:\/\/www.hospizhilfe-siegen.de\/index.php?rest_route=\/wp\/v2\/pages\/219"}],"wp:attachment":[{"href":"https:\/\/www.hospizhilfe-siegen.de\/index.php?rest_route=%2Fwp%2Fv2%2Fmedia&parent=694"}],"curies":[{"name":"wp","href":"https:\/\/api.w.org\/{rel}","templated":true}]}}