{"id":961,"date":"2018-08-01T10:12:22","date_gmt":"2018-08-01T10:12:22","guid":{"rendered":"https:\/\/www.hospizhilfe-siegen.de\/?page_id=961"},"modified":"2020-03-12T11:33:26","modified_gmt":"2020-03-12T11:33:26","slug":"schoen-dass-du-da-bist-wolfgang-ax-erzaehlt-von-seinem-ehrenamt","status":"publish","type":"page","link":"https:\/\/www.hospizhilfe-siegen.de\/?page_id=961","title":{"rendered":"&#8222;Sch\u00f6n, dass du da bist!&#8220; &#8211; Wolfgang Ax erz\u00e4hlt von seinem Ehrenamt"},"content":{"rendered":"<figure id=\"attachment_900\" aria-describedby=\"caption-attachment-900\" style=\"width: 750px\" class=\"wp-caption alignnone\"><img loading=\"lazy\" decoding=\"async\" class=\"size-large wp-image-900\" src=\"https:\/\/www.hospizhilfe-siegen.de\/wp-content\/uploads\/2018\/04\/Wolfgang-Ax-1024x768.jpg\" alt=\"Wolfgang Ax, ehrenamtlicher Hospizmitarbeiter in der Ambulanten \u00f6kumenischen Hospizhilfe Siegen e.V.\" width=\"750\" height=\"563\" srcset=\"https:\/\/www.hospizhilfe-siegen.de\/wp-content\/uploads\/2018\/04\/Wolfgang-Ax-1024x768.jpg 1024w, https:\/\/www.hospizhilfe-siegen.de\/wp-content\/uploads\/2018\/04\/Wolfgang-Ax-300x225.jpg 300w, https:\/\/www.hospizhilfe-siegen.de\/wp-content\/uploads\/2018\/04\/Wolfgang-Ax-768x576.jpg 768w\" sizes=\"auto, (max-width: 750px) 100vw, 750px\" \/><figcaption id=\"caption-attachment-900\" class=\"wp-caption-text\">Wolfgang Ax, ehrenamtlicher Hospizmitarbeiter in der Ambulanten \u00f6kumenischen Hospizhilfe Siegen e.V<\/figcaption><\/figure>\n<p>Wolfgang Ax arbeitet seit vier Jahren als ehrenamtlicher Hospizbegleiter im Hospizdienst der <a href=\"https:\/\/www.hospizhilfe-siegen.de\/\" target=\"_blank\" rel=\"noopener noreferrer\">Ambulanten \u00f6kumenischen Hospizhilfe Siegen e.V.<\/a> in Kooperation mit der Koordinationsstelle f\u00fcr Ambulante Hospizarbeit bei der Caritas. Der Hospizdienst begleitet mit \u00fcber 60 ehrenamtlich Mitarbeitenden Menschen am Lebensende und deren Angeh\u00f6rige.<\/p>\n<p><strong>Interviewerin:<\/strong> Wie sind Sie zu dem Ehrenamt gekommen?<\/p>\n<p><strong>Ax:<\/strong> Ich habe \u00fcber 20 Jahre in der Pflege gearbeitet. Im Jahr 2000 bin ich dann in einen anderen Berufszweig gewechselt. In meiner Nachbarschaft sind in dieser Zeit viele alte Menschen gestorben und ich habe gemerkt, dass das, was mich all die Jahre in der Pflege begleitet hat \u201eTod, Sterben, Leid\u201c gar nicht mehr ber\u00fchrt hat. Da habe ich mir gedacht: \u201eDas kann so nicht sein!\u201c. Ich wollte Tod und Leiden wieder in mein Leben lassen. Da war nichts mehr davon da. Just in diesem Moment schlage ich die Zeitung auf und da war die Ank\u00fcndigung zur Ausbildung zur ehrenamtlichen Sterbebegleitung. Ich nenne es mal \u201eSchicksalsf\u00fcgung\u201c.<\/p>\n<p><strong>Interviewerin:<\/strong> Sind Sie in der Ausbildung dem Thema \u201eSterben und Tod\u201c dem wieder n\u00e4her gekommen?<\/p>\n<p><strong>Ax:<\/strong> Die Besch\u00e4ftigung mit sich selbst und mit dem Thema hat mich zur\u00fcck in diese Richtung gebracht, \u00fcber Tod, Leid und Sterben wieder nachzudenken. Es hat einen Platz in meinem Leben gefunden.<\/p>\n<p><strong>Interviewerin:<\/strong> Was machen Sie ganz konkret als ambulanter Hospizbegleiter?<\/p>\n<p><strong>Ax:<\/strong> Ganz konkret ist es sehr individuell! Wenn ich zu einem zu Begleitenden hingehe, dann versuche ich mich von allen Dingen in meinem Kopf leer zu machen. An der Haust\u00fcr bin ich dann nur noch f\u00fcr den Menschen da, den ich besuche. Ich versuche, mein Schubladendenken nach hinten zu stellen, denn ich wei\u00df ja nicht, was mich erwartet. Konkret tue ich dann das, was derjenige m\u00f6chte. Ich habe ein Motto, mit dem ich zu dem Menschen gehe \u201eAlles kann, aber nichts muss!\u201c. Von daher bin ich schon sehr offen und glaube, dass diejenigen, die ich besuche, das auch merken. Es ist immer etwas Neues.<\/p>\n<p><strong>Interviewerin:<\/strong> Was ist f\u00fcr Sie das Besondere an der T\u00e4tigkeit?<\/p>\n<p><strong>Ax:<\/strong> Das Besondere ist, dass man sich immer wieder neu einstellen muss. Der eine w\u00fcnscht sich zum Beispiel, dass ich mit ihm einmal einen Fisch zubereite, den er schon lange nicht mehr gegessen hat. Jemand anders m\u00f6chte vielleicht etwas erz\u00e4hlen, das ihn besch\u00e4ftigt. Ich muss immer flexibel sein. Das macht auch etwas mit meinem Leben. Ich werde in meinem pers\u00f6nlichen Leben offener. Das macht mein Leben wieder sch\u00f6ner.<\/p>\n<p><strong>Interviewerin:<\/strong> Gibt es ein besonderes Erlebnis?<\/p>\n<p><strong>Ax:<\/strong> Ich habe einen Mann im Krankenhaus besucht. Er schlief und wurde wach, sah mich, l\u00e4chelte und sagte: \u201eSch\u00f6n, dass du da bist!\u201c. Das sagte er mit einer richtigen Inbrunst. Das war toll.<\/p>\n<p><strong>Interviewerin:<\/strong> Was w\u00fcnschen Sie sich f\u00fcr die Zukunft?<\/p>\n<p><strong>Ax:<\/strong> Hoffentlich kann ich es noch lange machen. Man wei\u00df ja selbst nicht, wie lange man selbst gesund bleibt. Es kann sich ja mal schnell \u00e4ndern.<br \/>\nF\u00fcr die Zukunft w\u00fcnsche ich mir, dass Menschen wieder mehr zuhause sein k\u00f6nnen und im Leid und im Sterben nicht alleine gelassen werden. Dass das wieder m\u00f6glich wird, das w\u00fcnsche ich mir.<\/p>\n<p><strong>Interviewerin:<\/strong> Vielen Dank f\u00fcr das Gespr\u00e4ch!<\/p>\n","protected":false},"excerpt":{"rendered":"<p>Wolfgang Ax arbeitet seit vier Jahren als ehrenamtlicher Hospizbegleiter im Hospizdienst der Ambulanten \u00f6kumenischen Hospizhilfe Siegen e.V. in Kooperation mit der Koordinationsstelle f\u00fcr Ambulante Hospizarbeit bei der Caritas. Der Hospizdienst begleitet mit \u00fcber 60 ehrenamtlich Mitarbeitenden Menschen am Lebensende und<\/p>\n","protected":false},"author":2,"featured_media":0,"parent":0,"menu_order":0,"comment_status":"closed","ping_status":"closed","template":"","meta":{"_mc_calendar":[],"footnotes":""},"class_list":["post-961","page","type-page","status-publish","hentry"],"yoast_head":"<!-- This site is optimized with the Yoast SEO plugin v26.3 - https:\/\/yoast.com\/wordpress\/plugins\/seo\/ -->\n<title>&quot;Sch\u00f6n, dass du da bist!&quot; - Wolfgang Ax erz\u00e4hlt von seinem Ehrenamt - hospizhilfe siegen<\/title>\n<meta name=\"robots\" content=\"index, follow, max-snippet:-1, max-image-preview:large, max-video-preview:-1\" \/>\n<link rel=\"canonical\" href=\"https:\/\/www.hospizhilfe-siegen.de\/?page_id=961\" \/>\n<meta property=\"og:locale\" content=\"de_DE\" \/>\n<meta property=\"og:type\" content=\"article\" \/>\n<meta property=\"og:title\" content=\"&quot;Sch\u00f6n, dass du da bist!&quot; - Wolfgang Ax erz\u00e4hlt von seinem Ehrenamt - hospizhilfe siegen\" \/>\n<meta property=\"og:description\" content=\"Wolfgang Ax arbeitet seit vier Jahren als ehrenamtlicher Hospizbegleiter im Hospizdienst der Ambulanten \u00f6kumenischen Hospizhilfe Siegen e.V. in Kooperation mit der Koordinationsstelle f\u00fcr Ambulante Hospizarbeit bei der Caritas. Der Hospizdienst begleitet mit \u00fcber 60 ehrenamtlich Mitarbeitenden Menschen am Lebensende und\" \/>\n<meta property=\"og:url\" content=\"https:\/\/www.hospizhilfe-siegen.de\/?page_id=961\" \/>\n<meta property=\"og:site_name\" content=\"hospizhilfe siegen\" \/>\n<meta property=\"article:publisher\" content=\"https:\/\/www.facebook.com\/HospizhilfeSiegen\" \/>\n<meta property=\"article:modified_time\" content=\"2020-03-12T11:33:26+00:00\" \/>\n<meta property=\"og:image\" content=\"https:\/\/www.hospizhilfe-siegen.de\/wp-content\/uploads\/2018\/04\/Wolfgang-Ax-1024x768.jpg\" \/>\n<meta name=\"twitter:card\" content=\"summary_large_image\" \/>\n<meta name=\"twitter:label1\" content=\"Gesch\u00e4tzte Lesezeit\" \/>\n\t<meta name=\"twitter:data1\" content=\"3\u00a0Minuten\" \/>\n<script type=\"application\/ld+json\" class=\"yoast-schema-graph\">{\"@context\":\"https:\/\/schema.org\",\"@graph\":[{\"@type\":\"WebPage\",\"@id\":\"https:\/\/www.hospizhilfe-siegen.de\/?page_id=961\",\"url\":\"https:\/\/www.hospizhilfe-siegen.de\/?page_id=961\",\"name\":\"\\\"Sch\u00f6n, dass du da bist!\\\" - Wolfgang Ax erz\u00e4hlt von seinem Ehrenamt - hospizhilfe siegen\",\"isPartOf\":{\"@id\":\"https:\/\/www.hospizhilfe-siegen.de\/#website\"},\"primaryImageOfPage\":{\"@id\":\"https:\/\/www.hospizhilfe-siegen.de\/?page_id=961#primaryimage\"},\"image\":{\"@id\":\"https:\/\/www.hospizhilfe-siegen.de\/?page_id=961#primaryimage\"},\"thumbnailUrl\":\"https:\/\/www.hospizhilfe-siegen.de\/wp-content\/uploads\/2018\/04\/Wolfgang-Ax-1024x768.jpg\",\"datePublished\":\"2018-08-01T10:12:22+00:00\",\"dateModified\":\"2020-03-12T11:33:26+00:00\",\"breadcrumb\":{\"@id\":\"https:\/\/www.hospizhilfe-siegen.de\/?page_id=961#breadcrumb\"},\"inLanguage\":\"de\",\"potentialAction\":[{\"@type\":\"ReadAction\",\"target\":[\"https:\/\/www.hospizhilfe-siegen.de\/?page_id=961\"]}]},{\"@type\":\"ImageObject\",\"inLanguage\":\"de\",\"@id\":\"https:\/\/www.hospizhilfe-siegen.de\/?page_id=961#primaryimage\",\"url\":\"https:\/\/www.hospizhilfe-siegen.de\/wp-content\/uploads\/2018\/04\/Wolfgang-Ax-1024x768.jpg\",\"contentUrl\":\"https:\/\/www.hospizhilfe-siegen.de\/wp-content\/uploads\/2018\/04\/Wolfgang-Ax-1024x768.jpg\"},{\"@type\":\"BreadcrumbList\",\"@id\":\"https:\/\/www.hospizhilfe-siegen.de\/?page_id=961#breadcrumb\",\"itemListElement\":[{\"@type\":\"ListItem\",\"position\":1,\"name\":\"Startseite\",\"item\":\"https:\/\/www.hospizhilfe-siegen.de\/\"},{\"@type\":\"ListItem\",\"position\":2,\"name\":\"&#8222;Sch\u00f6n, dass du da bist!&#8220; &#8211; Wolfgang Ax erz\u00e4hlt von seinem Ehrenamt\"}]},{\"@type\":\"WebSite\",\"@id\":\"https:\/\/www.hospizhilfe-siegen.de\/#website\",\"url\":\"https:\/\/www.hospizhilfe-siegen.de\/\",\"name\":\"hospizhilfe siegen\",\"description\":\"\",\"publisher\":{\"@id\":\"https:\/\/www.hospizhilfe-siegen.de\/#organization\"},\"potentialAction\":[{\"@type\":\"SearchAction\",\"target\":{\"@type\":\"EntryPoint\",\"urlTemplate\":\"https:\/\/www.hospizhilfe-siegen.de\/?s={search_term_string}\"},\"query-input\":{\"@type\":\"PropertyValueSpecification\",\"valueRequired\":true,\"valueName\":\"search_term_string\"}}],\"inLanguage\":\"de\"},{\"@type\":\"Organization\",\"@id\":\"https:\/\/www.hospizhilfe-siegen.de\/#organization\",\"name\":\"Ambulante \u00f6kumenische Hospizhilfe Siegen e.V.\",\"url\":\"https:\/\/www.hospizhilfe-siegen.de\/\",\"logo\":{\"@type\":\"ImageObject\",\"inLanguage\":\"de\",\"@id\":\"https:\/\/www.hospizhilfe-siegen.de\/#\/schema\/logo\/image\/\",\"url\":\"https:\/\/www.hospizhilfe-siegen.de\/wp-content\/uploads\/2017\/03\/logo_400.jpg\",\"contentUrl\":\"https:\/\/www.hospizhilfe-siegen.de\/wp-content\/uploads\/2017\/03\/logo_400.jpg\",\"width\":407,\"height\":159,\"caption\":\"Ambulante \u00f6kumenische Hospizhilfe Siegen e.V.\"},\"image\":{\"@id\":\"https:\/\/www.hospizhilfe-siegen.de\/#\/schema\/logo\/image\/\"},\"sameAs\":[\"https:\/\/www.facebook.com\/HospizhilfeSiegen\"]}]}<\/script>\n<!-- \/ Yoast SEO plugin. -->","yoast_head_json":{"title":"\"Sch\u00f6n, dass du da bist!\" - Wolfgang Ax erz\u00e4hlt von seinem Ehrenamt - hospizhilfe siegen","robots":{"index":"index","follow":"follow","max-snippet":"max-snippet:-1","max-image-preview":"max-image-preview:large","max-video-preview":"max-video-preview:-1"},"canonical":"https:\/\/www.hospizhilfe-siegen.de\/?page_id=961","og_locale":"de_DE","og_type":"article","og_title":"\"Sch\u00f6n, dass du da bist!\" - Wolfgang Ax erz\u00e4hlt von seinem Ehrenamt - hospizhilfe siegen","og_description":"Wolfgang Ax arbeitet seit vier Jahren als ehrenamtlicher Hospizbegleiter im Hospizdienst der Ambulanten \u00f6kumenischen Hospizhilfe Siegen e.V. in Kooperation mit der Koordinationsstelle f\u00fcr Ambulante Hospizarbeit bei der Caritas. Der Hospizdienst begleitet mit \u00fcber 60 ehrenamtlich Mitarbeitenden Menschen am Lebensende und","og_url":"https:\/\/www.hospizhilfe-siegen.de\/?page_id=961","og_site_name":"hospizhilfe siegen","article_publisher":"https:\/\/www.facebook.com\/HospizhilfeSiegen","article_modified_time":"2020-03-12T11:33:26+00:00","og_image":[{"url":"https:\/\/www.hospizhilfe-siegen.de\/wp-content\/uploads\/2018\/04\/Wolfgang-Ax-1024x768.jpg","type":"","width":"","height":""}],"twitter_card":"summary_large_image","twitter_misc":{"Gesch\u00e4tzte Lesezeit":"3\u00a0Minuten"},"schema":{"@context":"https:\/\/schema.org","@graph":[{"@type":"WebPage","@id":"https:\/\/www.hospizhilfe-siegen.de\/?page_id=961","url":"https:\/\/www.hospizhilfe-siegen.de\/?page_id=961","name":"\"Sch\u00f6n, dass du da bist!\" - Wolfgang Ax erz\u00e4hlt von seinem Ehrenamt - hospizhilfe siegen","isPartOf":{"@id":"https:\/\/www.hospizhilfe-siegen.de\/#website"},"primaryImageOfPage":{"@id":"https:\/\/www.hospizhilfe-siegen.de\/?page_id=961#primaryimage"},"image":{"@id":"https:\/\/www.hospizhilfe-siegen.de\/?page_id=961#primaryimage"},"thumbnailUrl":"https:\/\/www.hospizhilfe-siegen.de\/wp-content\/uploads\/2018\/04\/Wolfgang-Ax-1024x768.jpg","datePublished":"2018-08-01T10:12:22+00:00","dateModified":"2020-03-12T11:33:26+00:00","breadcrumb":{"@id":"https:\/\/www.hospizhilfe-siegen.de\/?page_id=961#breadcrumb"},"inLanguage":"de","potentialAction":[{"@type":"ReadAction","target":["https:\/\/www.hospizhilfe-siegen.de\/?page_id=961"]}]},{"@type":"ImageObject","inLanguage":"de","@id":"https:\/\/www.hospizhilfe-siegen.de\/?page_id=961#primaryimage","url":"https:\/\/www.hospizhilfe-siegen.de\/wp-content\/uploads\/2018\/04\/Wolfgang-Ax-1024x768.jpg","contentUrl":"https:\/\/www.hospizhilfe-siegen.de\/wp-content\/uploads\/2018\/04\/Wolfgang-Ax-1024x768.jpg"},{"@type":"BreadcrumbList","@id":"https:\/\/www.hospizhilfe-siegen.de\/?page_id=961#breadcrumb","itemListElement":[{"@type":"ListItem","position":1,"name":"Startseite","item":"https:\/\/www.hospizhilfe-siegen.de\/"},{"@type":"ListItem","position":2,"name":"&#8222;Sch\u00f6n, dass du da bist!&#8220; &#8211; Wolfgang Ax erz\u00e4hlt von seinem Ehrenamt"}]},{"@type":"WebSite","@id":"https:\/\/www.hospizhilfe-siegen.de\/#website","url":"https:\/\/www.hospizhilfe-siegen.de\/","name":"hospizhilfe siegen","description":"","publisher":{"@id":"https:\/\/www.hospizhilfe-siegen.de\/#organization"},"potentialAction":[{"@type":"SearchAction","target":{"@type":"EntryPoint","urlTemplate":"https:\/\/www.hospizhilfe-siegen.de\/?s={search_term_string}"},"query-input":{"@type":"PropertyValueSpecification","valueRequired":true,"valueName":"search_term_string"}}],"inLanguage":"de"},{"@type":"Organization","@id":"https:\/\/www.hospizhilfe-siegen.de\/#organization","name":"Ambulante \u00f6kumenische Hospizhilfe Siegen e.V.","url":"https:\/\/www.hospizhilfe-siegen.de\/","logo":{"@type":"ImageObject","inLanguage":"de","@id":"https:\/\/www.hospizhilfe-siegen.de\/#\/schema\/logo\/image\/","url":"https:\/\/www.hospizhilfe-siegen.de\/wp-content\/uploads\/2017\/03\/logo_400.jpg","contentUrl":"https:\/\/www.hospizhilfe-siegen.de\/wp-content\/uploads\/2017\/03\/logo_400.jpg","width":407,"height":159,"caption":"Ambulante \u00f6kumenische Hospizhilfe Siegen e.V."},"image":{"@id":"https:\/\/www.hospizhilfe-siegen.de\/#\/schema\/logo\/image\/"},"sameAs":["https:\/\/www.facebook.com\/HospizhilfeSiegen"]}]}},"_links":{"self":[{"href":"https:\/\/www.hospizhilfe-siegen.de\/index.php?rest_route=\/wp\/v2\/pages\/961","targetHints":{"allow":["GET"]}}],"collection":[{"href":"https:\/\/www.hospizhilfe-siegen.de\/index.php?rest_route=\/wp\/v2\/pages"}],"about":[{"href":"https:\/\/www.hospizhilfe-siegen.de\/index.php?rest_route=\/wp\/v2\/types\/page"}],"author":[{"embeddable":true,"href":"https:\/\/www.hospizhilfe-siegen.de\/index.php?rest_route=\/wp\/v2\/users\/2"}],"replies":[{"embeddable":true,"href":"https:\/\/www.hospizhilfe-siegen.de\/index.php?rest_route=%2Fwp%2Fv2%2Fcomments&post=961"}],"version-history":[{"count":3,"href":"https:\/\/www.hospizhilfe-siegen.de\/index.php?rest_route=\/wp\/v2\/pages\/961\/revisions"}],"predecessor-version":[{"id":3141,"href":"https:\/\/www.hospizhilfe-siegen.de\/index.php?rest_route=\/wp\/v2\/pages\/961\/revisions\/3141"}],"wp:attachment":[{"href":"https:\/\/www.hospizhilfe-siegen.de\/index.php?rest_route=%2Fwp%2Fv2%2Fmedia&parent=961"}],"curies":[{"name":"wp","href":"https:\/\/api.w.org\/{rel}","templated":true}]}}